{"id":25072,"date":"2019-10-03T11:43:16","date_gmt":"2019-10-03T09:43:16","guid":{"rendered":"https:\/\/tiszalodge.com\/routing\/"},"modified":"2020-10-11T08:26:59","modified_gmt":"2020-10-11T06:26:59","slug":"reisweg","status":"publish","type":"page","link":"https:\/\/tiszalodge.com\/en\/reisweg\/","title":{"rendered":"Itinerary"},"content":{"rendered":"\t\t<div data-elementor-type=\"wp-page\" data-elementor-id=\"25072\" class=\"elementor elementor-25072\" data-elementor-post-type=\"page\">\n\t\t\t\t\t\t<section class=\"elementor-section elementor-top-section elementor-element elementor-element-6a2be239 elementor-section-boxed elementor-section-height-default elementor-section-height-default\" data-id=\"6a2be239\" data-element_type=\"section\" data-e-type=\"section\" data-settings=\"{&quot;background_background&quot;:&quot;classic&quot;}\">\n\t\t\t\t\t\t\t<div class=\"elementor-background-overlay\"><\/div>\n\t\t\t\t\t\t\t<div class=\"elementor-container elementor-column-gap-default\">\n\t\t\t\t\t<div class=\"elementor-column elementor-col-100 elementor-top-column elementor-element elementor-element-16c9115c\" data-id=\"16c9115c\" data-element_type=\"column\" data-e-type=\"column\">\n\t\t\t<div class=\"elementor-widget-wrap elementor-element-populated\">\n\t\t\t\t\t\t<section class=\"elementor-section elementor-inner-section elementor-element elementor-element-495e4f3a elementor-section-boxed elementor-section-height-default elementor-section-height-default\" data-id=\"495e4f3a\" data-element_type=\"section\" data-e-type=\"section\">\n\t\t\t\t\t\t<div class=\"elementor-container elementor-column-gap-default\">\n\t\t\t\t\t<div class=\"elementor-column elementor-col-66 elementor-inner-column elementor-element elementor-element-b2ebce2\" data-id=\"b2ebce2\" data-element_type=\"column\" data-e-type=\"column\">\n\t\t\t<div class=\"elementor-widget-wrap elementor-element-populated\">\n\t\t\t\t\t\t<div class=\"elementor-element elementor-element-5e701add elementor-widget elementor-widget-heading\" data-id=\"5e701add\" data-element_type=\"widget\" data-e-type=\"widget\" data-widget_type=\"heading.default\">\n\t\t\t\t<div class=\"elementor-widget-container\">\n\t\t\t\t\t<h1 class=\"elementor-heading-title elementor-size-default\">Itinerary<\/h1>\t\t\t\t<\/div>\n\t\t\t\t<\/div>\n\t\t\t\t\t<\/div>\n\t\t<\/div>\n\t\t\t\t<div class=\"elementor-column elementor-col-33 elementor-inner-column elementor-element elementor-element-caccd7f\" data-id=\"caccd7f\" data-element_type=\"column\" data-e-type=\"column\">\n\t\t\t<div class=\"elementor-widget-wrap\">\n\t\t\t\t\t\t\t<\/div>\n\t\t<\/div>\n\t\t\t\t\t<\/div>\n\t\t<\/section>\n\t\t\t\t<section class=\"elementor-section elementor-inner-section elementor-element elementor-element-43afdafb elementor-section-boxed elementor-section-height-default elementor-section-height-default\" data-id=\"43afdafb\" data-element_type=\"section\" data-e-type=\"section\">\n\t\t\t\t\t\t<div class=\"elementor-container elementor-column-gap-default\">\n\t\t\t\t\t<div class=\"elementor-column elementor-col-66 elementor-inner-column elementor-element elementor-element-53555d89\" data-id=\"53555d89\" data-element_type=\"column\" data-e-type=\"column\">\n\t\t\t<div class=\"elementor-widget-wrap elementor-element-populated\">\n\t\t\t\t\t\t\t<\/div>\n\t\t<\/div>\n\t\t\t\t<div class=\"elementor-column elementor-col-33 elementor-inner-column elementor-element elementor-element-574d0355\" data-id=\"574d0355\" data-element_type=\"column\" data-e-type=\"column\" data-settings=\"{&quot;background_background&quot;:&quot;classic&quot;}\">\n\t\t\t<div class=\"elementor-widget-wrap elementor-element-populated\">\n\t\t\t\t\t\t\t<\/div>\n\t\t<\/div>\n\t\t\t\t\t<\/div>\n\t\t<\/section>\n\t\t\t\t\t<\/div>\n\t\t<\/div>\n\t\t\t\t\t<\/div>\n\t\t<\/section>\n\t\t\t\t<section class=\"elementor-section elementor-top-section elementor-element elementor-element-72744c0d elementor-section-content-middle elementor-reverse-mobile elementor-section-boxed elementor-section-height-default elementor-section-height-default\" data-id=\"72744c0d\" data-element_type=\"section\" data-e-type=\"section\">\n\t\t\t\t\t\t<div class=\"elementor-container elementor-column-gap-default\">\n\t\t\t\t\t<div class=\"elementor-column elementor-col-50 elementor-top-column elementor-element elementor-element-1a2dc69d\" data-id=\"1a2dc69d\" data-element_type=\"column\" data-e-type=\"column\" data-settings=\"{&quot;background_background&quot;:&quot;classic&quot;}\">\n\t\t\t<div class=\"elementor-widget-wrap elementor-element-populated\">\n\t\t\t\t\t\t<div class=\"elementor-element elementor-element-62f877e4 elementor-widget elementor-widget-text-editor\" data-id=\"62f877e4\" data-element_type=\"widget\" data-e-type=\"widget\" data-widget_type=\"text-editor.default\">\n\t\t\t\t<div class=\"elementor-widget-container\">\n\t\t\t\t\t\t\t\t\t<h2 class=\"Title\"><span id=\"dnn_ctr715_dnnTITLE_titleLabel\" class=\"Head\">Itinerary<\/span><\/h2>\n<div id=\"dnn_ctr715_ContentPane\" class=\"Content\">\n<div id=\"dnn_ctr715_ModuleContent\" class=\"DNNModuleContent ModDNNHTMLC\">\n<div id=\"dnn_ctr715_HtmlModule_lblContent\" class=\"Normal\">\n<h3>From Budapest via the M3 motorway<\/h3>\n<ul>\n<li>In Budapest, you take the M3 towards Miskolc until exit 114 F\u00fczesabony, Eger, Tiszaf\u00fcred (114 is also the distance from Budapest).<\/li>\n<li>There you follow road 33 direction of Poroszl\u00f3, until you reach Tiszaf\u00fcred.<\/li>\n<li>Keep following road 33 direction of Debrecen (approximately 1 km) until you see agranary on your right and G\u00e9mes Restaurant on your left.<\/li>\n<li>Here, take right direction of Ab\u00e1dszal\u00f3k, Fegyvernek.<\/li>\n<li>After 7 km on this road, you drive through Tiszasz\u0151l\u0151s.<\/li>\n<li>Stay on this road for another 2,5 km.<\/li>\n<li>Turn right at the first bifurcation direction of Ab\u00e1dszal\u00f3k.<\/li>\n<li>After another 6 km you arrive in Tiszaderzs.<\/li>\n<li>Stay on the main road; on your right you can see the church.<\/li>\n<li>\u00a0From here it\u2019s the second road on your right.<\/li>\n<li>There\u2019s a sign on the corner. Follow this road for 150 m and you\u2019ll see the Tisza Lodge on your left.<\/li>\n<\/ul>\n<h3>From Budapest via road 4<\/h3>\n<ul>\n<li>From Budapest, you take road 4 in the direction of Szolnok \u2013 Debrecen.<\/li>\n<li>Follow this main road (no motorway) until you passed Szolnok (approximately 100 km).<\/li>\n<li>Keep on following road 4 until you pass T\u00f6r\u00f6kszentmikl\u00f3s.<\/li>\n<li>Then you take exit 34 towards Fegyvernek \u2013 Tisza-to.<\/li>\n<li>You keep following this road through Kunhegyes, where you take the road towards Ab\u00e1dszal\u00f3k.<\/li>\n<li>From there you stay on the main road until you arrive in Tiszaderzs.<\/li>\n<li>There you take the first asphalted street on your left past the water tower.<\/li>\n<li>There\u2019s a sign on the corner.\u00a0Follow this road for 150 m and you\u2019ll see the Tisza Lodge on your left.<\/li>\n<\/ul>\n<\/div>\n<\/div>\n<\/div>\n\t\t\t\t\t\t\t\t<\/div>\n\t\t\t\t<\/div>\n\t\t\t\t\t<\/div>\n\t\t<\/div>\n\t\t\t\t<div class=\"elementor-column elementor-col-50 elementor-top-column elementor-element elementor-element-0cf5bb2\" data-id=\"0cf5bb2\" data-element_type=\"column\" data-e-type=\"column\">\n\t\t\t<div class=\"elementor-widget-wrap elementor-element-populated\">\n\t\t\t\t\t\t<div class=\"elementor-element elementor-element-a7db0b4 elementor-widget elementor-widget-text-editor\" data-id=\"a7db0b4\" data-element_type=\"widget\" data-e-type=\"widget\" data-widget_type=\"text-editor.default\">\n\t\t\t\t<div class=\"elementor-widget-container\">\n\t\t\t\t\t\t\t\t\t<p><strong>Adres<\/strong><\/p>\n<p>Tisza Lodge<br \/>Ady Endre ut 16<br \/>5243 Tiszaderzs<br \/>Hungary<\/p>\n<p>Tel.: +36 30 29 65 960<\/p>\n<p>GPS locatie:<br \/>+47\u00b0 30&#8242; 44.14&#8243; (N 47.51226)<br \/>+20\u00b0 38&#8242; 09,56&#8243; (E 20.63599)<\/p>\n\t\t\t\t\t\t\t\t<\/div>\n\t\t\t\t<\/div>\n\t\t\t\t\t<\/div>\n\t\t<\/div>\n\t\t\t\t\t<\/div>\n\t\t<\/section>\n\t\t\t\t<section class=\"elementor-section elementor-top-section elementor-element elementor-element-63ebcfcb elementor-section-boxed elementor-section-height-default elementor-section-height-default\" data-id=\"63ebcfcb\" data-element_type=\"section\" data-e-type=\"section\">\n\t\t\t\t\t\t<div class=\"elementor-container elementor-column-gap-default\">\n\t\t\t\t\t<div class=\"elementor-column elementor-col-100 elementor-top-column elementor-element elementor-element-7e810288\" data-id=\"7e810288\" data-element_type=\"column\" data-e-type=\"column\" data-settings=\"{&quot;background_background&quot;:&quot;classic&quot;}\">\n\t\t\t<div class=\"elementor-widget-wrap elementor-element-populated\">\n\t\t\t\t\t\t<div class=\"elementor-element elementor-element-efbf0f3 elementor-widget elementor-widget-google_maps\" data-id=\"efbf0f3\" data-element_type=\"widget\" data-e-type=\"widget\" data-widget_type=\"google_maps.default\">\n\t\t\t\t<div class=\"elementor-widget-container\">\n\t\t\t\t\t\t\t<div class=\"elementor-custom-embed\">\n\t\t\t<iframe loading=\"lazy\"\n\t\t\t\t\tsrc=\"https:\/\/maps.google.com\/maps?q=tisza%20lodge&#038;t=m&#038;z=10&#038;output=embed&#038;iwloc=near\"\n\t\t\t\t\ttitle=\"tisza lodge\"\n\t\t\t\t\taria-label=\"tisza lodge\"\n\t\t\t><\/iframe>\n\t\t<\/div>\n\t\t\t\t\t\t<\/div>\n\t\t\t\t<\/div>\n\t\t\t\t\t<\/div>\n\t\t<\/div>\n\t\t\t\t\t<\/div>\n\t\t<\/section>\n\t\t\t\t<\/div>\n\t\t","protected":false},"excerpt":{"rendered":"<p>Itinerary Itinerary From Budapest via the M3 motorway In Budapest, you take the M3 towards Miskolc until exit 114 F\u00fczesabony, Eger, Tiszaf\u00fcred (114 is also the distance from Budapest). There you follow road 33 direction of Poroszl\u00f3, until you reach Tiszaf\u00fcred. Keep following road 33 direction of Debrecen (approximately 1 km) until you see agranary [&hellip;]<\/p>\n","protected":false},"author":1,"featured_media":0,"parent":0,"menu_order":0,"comment_status":"closed","ping_status":"closed","template":"","meta":{"site-sidebar-layout":"no-sidebar","site-content-layout":"page-builder","ast-site-content-layout":"default","site-content-style":"default","site-sidebar-style":"default","ast-global-header-display":"","ast-banner-title-visibility":"","ast-main-header-display":"","ast-hfb-above-header-display":"","ast-hfb-below-header-display":"","ast-hfb-mobile-header-display":"","site-post-title":"disabled","ast-breadcrumbs-content":"","ast-featured-img":"disabled","footer-sml-layout":"","ast-disable-related-posts":"","theme-transparent-header-meta":"","adv-header-id-meta":"","stick-header-meta":"","header-above-stick-meta":"","header-main-stick-meta":"","header-below-stick-meta":"","astra-migrate-meta-layouts":"default","ast-page-background-enabled":"default","ast-page-background-meta":{"desktop":{"background-color":"","background-image":"","background-repeat":"repeat","background-position":"center center","background-size":"auto","background-attachment":"scroll","background-type":"","background-media":"","overlay-type":"","overlay-color":"","overlay-opacity":"","overlay-gradient":""},"tablet":{"background-color":"","background-image":"","background-repeat":"repeat","background-position":"center center","background-size":"auto","background-attachment":"scroll","background-type":"","background-media":"","overlay-type":"","overlay-color":"","overlay-opacity":"","overlay-gradient":""},"mobile":{"background-color":"","background-image":"","background-repeat":"repeat","background-position":"center center","background-size":"auto","background-attachment":"scroll","background-type":"","background-media":"","overlay-type":"","overlay-color":"","overlay-opacity":"","overlay-gradient":""}},"ast-content-background-meta":{"desktop":{"background-color":"var(--ast-global-color-5)","background-image":"","background-repeat":"repeat","background-position":"center center","background-size":"auto","background-attachment":"scroll","background-type":"","background-media":"","overlay-type":"","overlay-color":"","overlay-opacity":"","overlay-gradient":""},"tablet":{"background-color":"var(--ast-global-color-5)","background-image":"","background-repeat":"repeat","background-position":"center center","background-size":"auto","background-attachment":"scroll","background-type":"","background-media":"","overlay-type":"","overlay-color":"","overlay-opacity":"","overlay-gradient":""},"mobile":{"background-color":"var(--ast-global-color-5)","background-image":"","background-repeat":"repeat","background-position":"center center","background-size":"auto","background-attachment":"scroll","background-type":"","background-media":"","overlay-type":"","overlay-color":"","overlay-opacity":"","overlay-gradient":""}},"footnotes":""},"class_list":["post-25072","page","type-page","status-publish","hentry"],"_links":{"self":[{"href":"https:\/\/tiszalodge.com\/en\/wp-json\/wp\/v2\/pages\/25072","targetHints":{"allow":["GET"]}}],"collection":[{"href":"https:\/\/tiszalodge.com\/en\/wp-json\/wp\/v2\/pages"}],"about":[{"href":"https:\/\/tiszalodge.com\/en\/wp-json\/wp\/v2\/types\/page"}],"author":[{"embeddable":true,"href":"https:\/\/tiszalodge.com\/en\/wp-json\/wp\/v2\/users\/1"}],"replies":[{"embeddable":true,"href":"https:\/\/tiszalodge.com\/en\/wp-json\/wp\/v2\/comments?post=25072"}],"version-history":[{"count":5,"href":"https:\/\/tiszalodge.com\/en\/wp-json\/wp\/v2\/pages\/25072\/revisions"}],"predecessor-version":[{"id":26256,"href":"https:\/\/tiszalodge.com\/en\/wp-json\/wp\/v2\/pages\/25072\/revisions\/26256"}],"wp:attachment":[{"href":"https:\/\/tiszalodge.com\/en\/wp-json\/wp\/v2\/media?parent=25072"}],"curies":[{"name":"wp","href":"https:\/\/api.w.org\/{rel}","templated":true}]}}