{"id":25104,"date":"2019-10-03T10:05:32","date_gmt":"2019-10-03T08:05:32","guid":{"rendered":"https:\/\/tiszalodge.com\/environment\/"},"modified":"2022-01-17T14:19:55","modified_gmt":"2022-01-17T12:19:55","slug":"omgeving","status":"publish","type":"page","link":"https:\/\/tiszalodge.com\/en\/omgeving\/","title":{"rendered":"The environement"},"content":{"rendered":"\t\t<div data-elementor-type=\"wp-page\" data-elementor-id=\"25104\" class=\"elementor elementor-25104\" data-elementor-post-type=\"page\">\n\t\t\t\t\t\t<section class=\"elementor-section elementor-top-section elementor-element elementor-element-644f5a9 elementor-section-boxed elementor-section-height-default elementor-section-height-default\" data-id=\"644f5a9\" data-element_type=\"section\" data-e-type=\"section\" data-settings=\"{&quot;background_background&quot;:&quot;classic&quot;}\">\n\t\t\t\t\t\t\t<div class=\"elementor-background-overlay\"><\/div>\n\t\t\t\t\t\t\t<div class=\"elementor-container elementor-column-gap-default\">\n\t\t\t\t\t<div class=\"elementor-column elementor-col-100 elementor-top-column elementor-element elementor-element-341fb43e\" data-id=\"341fb43e\" data-element_type=\"column\" data-e-type=\"column\">\n\t\t\t<div class=\"elementor-widget-wrap elementor-element-populated\">\n\t\t\t\t\t\t<section class=\"elementor-section elementor-inner-section elementor-element elementor-element-59937f43 elementor-section-boxed elementor-section-height-default elementor-section-height-default\" data-id=\"59937f43\" data-element_type=\"section\" data-e-type=\"section\">\n\t\t\t\t\t\t<div class=\"elementor-container elementor-column-gap-default\">\n\t\t\t\t\t<div class=\"elementor-column elementor-col-66 elementor-inner-column elementor-element elementor-element-1a7e378a\" data-id=\"1a7e378a\" data-element_type=\"column\" data-e-type=\"column\">\n\t\t\t<div class=\"elementor-widget-wrap elementor-element-populated\">\n\t\t\t\t\t\t<div class=\"elementor-element elementor-element-2b55fe12 elementor-widget elementor-widget-heading\" data-id=\"2b55fe12\" data-element_type=\"widget\" data-e-type=\"widget\" data-widget_type=\"heading.default\">\n\t\t\t\t<div class=\"elementor-widget-container\">\n\t\t\t\t\t<h1 class=\"elementor-heading-title elementor-size-default\">The environement<\/h1>\t\t\t\t<\/div>\n\t\t\t\t<\/div>\n\t\t\t\t\t<\/div>\n\t\t<\/div>\n\t\t\t\t<div class=\"elementor-column elementor-col-33 elementor-inner-column elementor-element elementor-element-47dbb594\" data-id=\"47dbb594\" data-element_type=\"column\" data-e-type=\"column\">\n\t\t\t<div class=\"elementor-widget-wrap\">\n\t\t\t\t\t\t\t<\/div>\n\t\t<\/div>\n\t\t\t\t\t<\/div>\n\t\t<\/section>\n\t\t\t\t<section class=\"elementor-section elementor-inner-section elementor-element elementor-element-820226c elementor-section-boxed elementor-section-height-default elementor-section-height-default\" data-id=\"820226c\" data-element_type=\"section\" data-e-type=\"section\">\n\t\t\t\t\t\t<div class=\"elementor-container elementor-column-gap-default\">\n\t\t\t\t\t<div class=\"elementor-column elementor-col-66 elementor-inner-column elementor-element elementor-element-7111ec5b\" data-id=\"7111ec5b\" data-element_type=\"column\" data-e-type=\"column\">\n\t\t\t<div class=\"elementor-widget-wrap elementor-element-populated\">\n\t\t\t\t\t\t\t<\/div>\n\t\t<\/div>\n\t\t\t\t<div class=\"elementor-column elementor-col-33 elementor-inner-column elementor-element elementor-element-63c28a02\" data-id=\"63c28a02\" data-element_type=\"column\" data-e-type=\"column\" data-settings=\"{&quot;background_background&quot;:&quot;classic&quot;}\">\n\t\t\t<div class=\"elementor-widget-wrap elementor-element-populated\">\n\t\t\t\t\t\t\t<\/div>\n\t\t<\/div>\n\t\t\t\t\t<\/div>\n\t\t<\/section>\n\t\t\t\t\t<\/div>\n\t\t<\/div>\n\t\t\t\t\t<\/div>\n\t\t<\/section>\n\t\t\t\t<section class=\"elementor-section elementor-top-section elementor-element elementor-element-1e7d1b1b elementor-section-content-middle elementor-reverse-mobile elementor-section-boxed elementor-section-height-default elementor-section-height-default\" data-id=\"1e7d1b1b\" data-element_type=\"section\" data-e-type=\"section\">\n\t\t\t\t\t\t<div class=\"elementor-container elementor-column-gap-default\">\n\t\t\t\t\t<div class=\"elementor-column elementor-col-100 elementor-top-column elementor-element elementor-element-7f79a529\" data-id=\"7f79a529\" data-element_type=\"column\" data-e-type=\"column\" data-settings=\"{&quot;background_background&quot;:&quot;classic&quot;}\">\n\t\t\t<div class=\"elementor-widget-wrap elementor-element-populated\">\n\t\t\t\t\t\t<div class=\"elementor-element elementor-element-4f2b99c3 elementor-widget elementor-widget-text-editor\" data-id=\"4f2b99c3\" data-element_type=\"widget\" data-e-type=\"widget\" data-widget_type=\"text-editor.default\">\n\t\t\t\t<div class=\"elementor-widget-container\">\n\t\t\t\t\t\t\t\t\t<p>Thanks to the central location of Tisza Lodge, numerous day trips are possible, the full list can be viewed upon arrival. The list of authentic restaurants with menus is also available for our guests.<\/p>\n\t\t\t\t\t\t\t\t<\/div>\n\t\t\t\t<\/div>\n\t\t\t\t\t<\/div>\n\t\t<\/div>\n\t\t\t\t\t<\/div>\n\t\t<\/section>\n\t\t\t\t<section class=\"elementor-section elementor-top-section elementor-element elementor-element-32b38a4 elementor-section-boxed elementor-section-height-default elementor-section-height-default\" data-id=\"32b38a4\" data-element_type=\"section\" data-e-type=\"section\">\n\t\t\t\t\t\t<div class=\"elementor-container elementor-column-gap-default\">\n\t\t\t\t\t<div class=\"elementor-column elementor-col-33 elementor-top-column elementor-element elementor-element-a8144d3\" data-id=\"a8144d3\" data-element_type=\"column\" data-e-type=\"column\" data-settings=\"{&quot;background_background&quot;:&quot;classic&quot;}\">\n\t\t\t<div class=\"elementor-widget-wrap elementor-element-populated\">\n\t\t\t\t\t\t<div class=\"elementor-element elementor-element-ee74dce elementor-widget elementor-widget-image\" data-id=\"ee74dce\" data-element_type=\"widget\" data-e-type=\"widget\" data-widget_type=\"image.default\">\n\t\t\t\t<div class=\"elementor-widget-container\">\n\t\t\t\t\t\t\t\t\t\t\t\t<figure class=\"wp-caption\">\n\t\t\t\t\t\t\t\t\t\t\t<a href=\"https:\/\/tiszalodge.com\/wp-content\/uploads\/2019\/11\/Berekf\u00fcrd\u00f6.jpeg\" data-elementor-open-lightbox=\"yes\" data-elementor-lightbox-title=\"Berekf\u00fcrd\u00f6\" data-e-action-hash=\"#elementor-action%3Aaction%3Dlightbox%26settings%3DeyJpZCI6MjU2MTksInVybCI6Imh0dHBzOlwvXC90aXN6YWxvZGdlLmNvbVwvd3AtY29udGVudFwvdXBsb2Fkc1wvMjAxOVwvMTFcL0JlcmVrZlx1MDBmY3JkXHUwMGY2LmpwZWcifQ%3D%3D\">\n\t\t\t\t\t\t\t<img fetchpriority=\"high\" decoding=\"async\" width=\"1024\" height=\"576\" src=\"https:\/\/tiszalodge.com\/wp-content\/uploads\/2019\/11\/Berekf\u00fcrd\u00f6-1024x576.jpeg\" class=\"attachment-large size-large wp-image-25619\" alt=\"\" srcset=\"https:\/\/tiszalodge.com\/wp-content\/uploads\/2019\/11\/Berekf\u00fcrd\u00f6-1024x576.jpeg 1024w, https:\/\/tiszalodge.com\/wp-content\/uploads\/2019\/11\/Berekf\u00fcrd\u00f6-300x169.jpeg 300w, https:\/\/tiszalodge.com\/wp-content\/uploads\/2019\/11\/Berekf\u00fcrd\u00f6-768x432.jpeg 768w, https:\/\/tiszalodge.com\/wp-content\/uploads\/2019\/11\/Berekf\u00fcrd\u00f6.jpeg 1200w\" sizes=\"(max-width: 1024px) 100vw, 1024px\" \/>\t\t\t\t\t\t\t\t<\/a>\n\t\t\t\t\t\t\t\t\t\t\t<figcaption class=\"widget-image-caption wp-caption-text\">Berekf\u00fcrd\u0151<\/figcaption>\n\t\t\t\t\t\t\t\t\t\t<\/figure>\n\t\t\t\t\t\t\t\t\t<\/div>\n\t\t\t\t<\/div>\n\t\t\t\t\t<\/div>\n\t\t<\/div>\n\t\t\t\t<div class=\"elementor-column elementor-col-33 elementor-top-column elementor-element elementor-element-23186ec\" data-id=\"23186ec\" data-element_type=\"column\" data-e-type=\"column\" data-settings=\"{&quot;background_background&quot;:&quot;classic&quot;}\">\n\t\t\t<div class=\"elementor-widget-wrap elementor-element-populated\">\n\t\t\t\t\t\t<div class=\"elementor-element elementor-element-aa2b74c elementor-widget elementor-widget-image\" data-id=\"aa2b74c\" data-element_type=\"widget\" data-e-type=\"widget\" data-widget_type=\"image.default\">\n\t\t\t\t<div class=\"elementor-widget-container\">\n\t\t\t\t\t\t\t\t\t\t\t\t<figure class=\"wp-caption\">\n\t\t\t\t\t\t\t\t\t\t\t<a href=\"https:\/\/tiszalodge.com\/wp-content\/uploads\/2019\/11\/m-1.jpeg\" data-elementor-open-lightbox=\"yes\" data-elementor-lightbox-title=\"M 1\" data-e-action-hash=\"#elementor-action%3Aaction%3Dlightbox%26settings%3DeyJpZCI6MjU2MjEsInVybCI6Imh0dHBzOlwvXC90aXN6YWxvZGdlLmNvbVwvd3AtY29udGVudFwvdXBsb2Fkc1wvMjAxOVwvMTFcL20tMS5qcGVnIn0%3D\">\n\t\t\t\t\t\t\t<img decoding=\"async\" width=\"1024\" height=\"576\" src=\"https:\/\/tiszalodge.com\/wp-content\/uploads\/2019\/11\/m-1-1024x576.jpeg\" class=\"attachment-large size-large wp-image-25621\" alt=\"\" srcset=\"https:\/\/tiszalodge.com\/wp-content\/uploads\/2019\/11\/m-1-1024x576.jpeg 1024w, https:\/\/tiszalodge.com\/wp-content\/uploads\/2019\/11\/m-1-300x169.jpeg 300w, https:\/\/tiszalodge.com\/wp-content\/uploads\/2019\/11\/m-1-768x432.jpeg 768w, https:\/\/tiszalodge.com\/wp-content\/uploads\/2019\/11\/m-1.jpeg 1200w\" sizes=\"(max-width: 1024px) 100vw, 1024px\" \/>\t\t\t\t\t\t\t\t<\/a>\n\t\t\t\t\t\t\t\t\t\t\t<figcaption class=\"widget-image-caption wp-caption-text\">Szolnok<\/figcaption>\n\t\t\t\t\t\t\t\t\t\t<\/figure>\n\t\t\t\t\t\t\t\t\t<\/div>\n\t\t\t\t<\/div>\n\t\t\t\t\t<\/div>\n\t\t<\/div>\n\t\t\t\t<div class=\"elementor-column elementor-col-33 elementor-top-column elementor-element elementor-element-56e161b\" data-id=\"56e161b\" data-element_type=\"column\" data-e-type=\"column\" data-settings=\"{&quot;background_background&quot;:&quot;classic&quot;}\">\n\t\t\t<div class=\"elementor-widget-wrap elementor-element-populated\">\n\t\t\t\t\t\t<div class=\"elementor-element elementor-element-fefa180 elementor-widget elementor-widget-image\" data-id=\"fefa180\" data-element_type=\"widget\" data-e-type=\"widget\" data-widget_type=\"image.default\">\n\t\t\t\t<div class=\"elementor-widget-container\">\n\t\t\t\t\t\t\t\t\t\t\t\t<figure class=\"wp-caption\">\n\t\t\t\t\t\t\t\t\t\t\t<a href=\"https:\/\/tiszalodge.com\/wp-content\/uploads\/2019\/11\/Wijnglazen-kopie.jpg\" data-elementor-open-lightbox=\"yes\" data-elementor-lightbox-title=\"Wijnglazen Kopie\" data-e-action-hash=\"#elementor-action%3Aaction%3Dlightbox%26settings%3DeyJpZCI6MjU2MjMsInVybCI6Imh0dHBzOlwvXC90aXN6YWxvZGdlLmNvbVwvd3AtY29udGVudFwvdXBsb2Fkc1wvMjAxOVwvMTFcL1dpam5nbGF6ZW4ta29waWUuanBnIn0%3D\">\n\t\t\t\t\t\t\t<img decoding=\"async\" width=\"1024\" height=\"576\" src=\"https:\/\/tiszalodge.com\/wp-content\/uploads\/2019\/11\/Wijnglazen-kopie-1024x576.jpg\" class=\"attachment-large size-large wp-image-25623\" alt=\"\" srcset=\"https:\/\/tiszalodge.com\/wp-content\/uploads\/2019\/11\/Wijnglazen-kopie-1024x576.jpg 1024w, https:\/\/tiszalodge.com\/wp-content\/uploads\/2019\/11\/Wijnglazen-kopie-300x169.jpg 300w, https:\/\/tiszalodge.com\/wp-content\/uploads\/2019\/11\/Wijnglazen-kopie-768x432.jpg 768w, https:\/\/tiszalodge.com\/wp-content\/uploads\/2019\/11\/Wijnglazen-kopie.jpg 1200w\" sizes=\"(max-width: 1024px) 100vw, 1024px\" \/>\t\t\t\t\t\t\t\t<\/a>\n\t\t\t\t\t\t\t\t\t\t\t<figcaption class=\"widget-image-caption wp-caption-text\">Wine Town Eger<\/figcaption>\n\t\t\t\t\t\t\t\t\t\t<\/figure>\n\t\t\t\t\t\t\t\t\t<\/div>\n\t\t\t\t<\/div>\n\t\t\t\t\t<\/div>\n\t\t<\/div>\n\t\t\t\t\t<\/div>\n\t\t<\/section>\n\t\t\t\t<section class=\"elementor-section elementor-top-section elementor-element elementor-element-8b7c3d2 elementor-section-boxed elementor-section-height-default elementor-section-height-default\" data-id=\"8b7c3d2\" data-element_type=\"section\" data-e-type=\"section\">\n\t\t\t\t\t\t<div class=\"elementor-container elementor-column-gap-default\">\n\t\t\t\t\t<div class=\"elementor-column elementor-col-33 elementor-top-column elementor-element elementor-element-246b734\" data-id=\"246b734\" data-element_type=\"column\" data-e-type=\"column\" data-settings=\"{&quot;background_background&quot;:&quot;classic&quot;}\">\n\t\t\t<div class=\"elementor-widget-wrap elementor-element-populated\">\n\t\t\t\t\t\t<div class=\"elementor-element elementor-element-bbcfc82 elementor-widget elementor-widget-image\" data-id=\"bbcfc82\" data-element_type=\"widget\" data-e-type=\"widget\" data-widget_type=\"image.default\">\n\t\t\t\t<div class=\"elementor-widget-container\">\n\t\t\t\t\t\t\t\t\t\t\t\t<figure class=\"wp-caption\">\n\t\t\t\t\t\t\t\t\t\t\t<a href=\"https:\/\/tiszalodge.com\/wp-content\/uploads\/2019\/11\/debrecen.jpg\" data-elementor-open-lightbox=\"yes\" data-elementor-lightbox-title=\"Debrecen\" data-e-action-hash=\"#elementor-action%3Aaction%3Dlightbox%26settings%3DeyJpZCI6MjUzMDYsInVybCI6Imh0dHBzOlwvXC90aXN6YWxvZGdlLmNvbVwvd3AtY29udGVudFwvdXBsb2Fkc1wvMjAxOVwvMTFcL2RlYnJlY2VuLmpwZyJ9\">\n\t\t\t\t\t\t\t<img loading=\"lazy\" decoding=\"async\" width=\"1000\" height=\"667\" src=\"https:\/\/tiszalodge.com\/wp-content\/uploads\/2019\/11\/debrecen.jpg\" class=\"attachment-large size-large wp-image-25306\" alt=\"\" srcset=\"https:\/\/tiszalodge.com\/wp-content\/uploads\/2019\/11\/debrecen.jpg 1000w, https:\/\/tiszalodge.com\/wp-content\/uploads\/2019\/11\/debrecen-300x200.jpg 300w, https:\/\/tiszalodge.com\/wp-content\/uploads\/2019\/11\/debrecen-768x512.jpg 768w\" sizes=\"(max-width: 1000px) 100vw, 1000px\" \/>\t\t\t\t\t\t\t\t<\/a>\n\t\t\t\t\t\t\t\t\t\t\t<figcaption class=\"widget-image-caption wp-caption-text\">Debrecen<\/figcaption>\n\t\t\t\t\t\t\t\t\t\t<\/figure>\n\t\t\t\t\t\t\t\t\t<\/div>\n\t\t\t\t<\/div>\n\t\t\t\t\t<\/div>\n\t\t<\/div>\n\t\t\t\t<div class=\"elementor-column elementor-col-33 elementor-top-column elementor-element elementor-element-fd612ac\" data-id=\"fd612ac\" data-element_type=\"column\" data-e-type=\"column\" data-settings=\"{&quot;background_background&quot;:&quot;classic&quot;}\">\n\t\t\t<div class=\"elementor-widget-wrap elementor-element-populated\">\n\t\t\t\t\t\t<div class=\"elementor-element elementor-element-d23305a elementor-widget elementor-widget-image\" data-id=\"d23305a\" data-element_type=\"widget\" data-e-type=\"widget\" data-widget_type=\"image.default\">\n\t\t\t\t<div class=\"elementor-widget-container\">\n\t\t\t\t\t\t\t\t\t\t\t\t<figure class=\"wp-caption\">\n\t\t\t\t\t\t\t\t\t\t\t<a href=\"https:\/\/tiszalodge.com\/wp-content\/uploads\/2019\/11\/poesta.jpg\" data-elementor-open-lightbox=\"yes\" data-elementor-lightbox-title=\"Poesta\" data-e-action-hash=\"#elementor-action%3Aaction%3Dlightbox%26settings%3DeyJpZCI6MjUzMDIsInVybCI6Imh0dHBzOlwvXC90aXN6YWxvZGdlLmNvbVwvd3AtY29udGVudFwvdXBsb2Fkc1wvMjAxOVwvMTFcL3BvZXN0YS5qcGcifQ%3D%3D\">\n\t\t\t\t\t\t\t<img loading=\"lazy\" decoding=\"async\" width=\"1000\" height=\"667\" src=\"https:\/\/tiszalodge.com\/wp-content\/uploads\/2019\/11\/poesta.jpg\" class=\"attachment-large size-large wp-image-25302\" alt=\"\" srcset=\"https:\/\/tiszalodge.com\/wp-content\/uploads\/2019\/11\/poesta.jpg 1000w, https:\/\/tiszalodge.com\/wp-content\/uploads\/2019\/11\/poesta-300x200.jpg 300w, https:\/\/tiszalodge.com\/wp-content\/uploads\/2019\/11\/poesta-768x512.jpg 768w\" sizes=\"(max-width: 1000px) 100vw, 1000px\" \/>\t\t\t\t\t\t\t\t<\/a>\n\t\t\t\t\t\t\t\t\t\t\t<figcaption class=\"widget-image-caption wp-caption-text\">Poesta \u00f6t\u00f6s Hortob\u00e1gy<\/figcaption>\n\t\t\t\t\t\t\t\t\t\t<\/figure>\n\t\t\t\t\t\t\t\t\t<\/div>\n\t\t\t\t<\/div>\n\t\t\t\t\t<\/div>\n\t\t<\/div>\n\t\t\t\t<div class=\"elementor-column elementor-col-33 elementor-top-column elementor-element elementor-element-619f5bf\" data-id=\"619f5bf\" data-element_type=\"column\" data-e-type=\"column\" data-settings=\"{&quot;background_background&quot;:&quot;classic&quot;}\">\n\t\t\t<div class=\"elementor-widget-wrap elementor-element-populated\">\n\t\t\t\t\t\t<div class=\"elementor-element elementor-element-66cb8a4 elementor-widget elementor-widget-image\" data-id=\"66cb8a4\" data-element_type=\"widget\" data-e-type=\"widget\" data-widget_type=\"image.default\">\n\t\t\t\t<div class=\"elementor-widget-container\">\n\t\t\t\t\t\t\t\t\t\t\t\t<figure class=\"wp-caption\">\n\t\t\t\t\t\t\t\t\t\t\t<a href=\"https:\/\/tiszalodge.com\/wp-content\/uploads\/2019\/11\/eger.jpg\" data-elementor-open-lightbox=\"yes\" data-elementor-lightbox-title=\"Eger\" data-e-action-hash=\"#elementor-action%3Aaction%3Dlightbox%26settings%3DeyJpZCI6MjUzMDQsInVybCI6Imh0dHBzOlwvXC90aXN6YWxvZGdlLmNvbVwvd3AtY29udGVudFwvdXBsb2Fkc1wvMjAxOVwvMTFcL2VnZXIuanBnIn0%3D\">\n\t\t\t\t\t\t\t<img loading=\"lazy\" decoding=\"async\" width=\"1000\" height=\"667\" src=\"https:\/\/tiszalodge.com\/wp-content\/uploads\/2019\/11\/eger.jpg\" class=\"attachment-large size-large wp-image-25304\" alt=\"\" srcset=\"https:\/\/tiszalodge.com\/wp-content\/uploads\/2019\/11\/eger.jpg 1000w, https:\/\/tiszalodge.com\/wp-content\/uploads\/2019\/11\/eger-300x200.jpg 300w, https:\/\/tiszalodge.com\/wp-content\/uploads\/2019\/11\/eger-768x512.jpg 768w\" sizes=\"(max-width: 1000px) 100vw, 1000px\" \/>\t\t\t\t\t\t\t\t<\/a>\n\t\t\t\t\t\t\t\t\t\t\t<figcaption class=\"widget-image-caption wp-caption-text\">Eger Dobo t\u00e9r<\/figcaption>\n\t\t\t\t\t\t\t\t\t\t<\/figure>\n\t\t\t\t\t\t\t\t\t<\/div>\n\t\t\t\t<\/div>\n\t\t\t\t\t<\/div>\n\t\t<\/div>\n\t\t\t\t\t<\/div>\n\t\t<\/section>\n\t\t\t\t<section class=\"elementor-section elementor-top-section elementor-element elementor-element-4e70a24 elementor-section-content-middle elementor-reverse-mobile elementor-section-boxed elementor-section-height-default elementor-section-height-default\" data-id=\"4e70a24\" data-element_type=\"section\" data-e-type=\"section\">\n\t\t\t\t\t\t<div class=\"elementor-container elementor-column-gap-default\">\n\t\t\t\t\t<div class=\"elementor-column elementor-col-100 elementor-top-column elementor-element elementor-element-e08b78a\" data-id=\"e08b78a\" data-element_type=\"column\" data-e-type=\"column\" data-settings=\"{&quot;background_background&quot;:&quot;classic&quot;}\">\n\t\t\t<div class=\"elementor-widget-wrap elementor-element-populated\">\n\t\t\t\t\t\t<div class=\"elementor-element elementor-element-012fc55 elementor-widget elementor-widget-text-editor\" data-id=\"012fc55\" data-element_type=\"widget\" data-e-type=\"widget\" data-widget_type=\"text-editor.default\">\n\t\t\t\t<div class=\"elementor-widget-container\">\n\t\t\t\t\t\t\t\t\t<h3>Ab\u00e1dszal\u00f3k<\/h3>\n<p>Is one of most-frequented places near Lake Tisza. Plenty of water sports facilities and small terraces close to the beach.<\/p>\n<h3>Tiszaf\u00fcred<\/h3>\n<p>The capital of the lake region. Lounge the market on Thursday or Saturday mornings. Visit the pottery museum and the thermal bath and the beach.<\/p>\n<h3>Hortob\u00e1gy<\/h3>\n<p>National Park proudly carries the title of UNESCO World Heritage and is the best place to discover the PUSTA.<\/em><\/p>\n<h3>Berekf\u00fcrd\u0151<\/h3>\n<p>Thermal and open-air pool. Open all year long, our guests can enjoy this treasure the gold of Kiskuns\u00e1g, whether they look for healing or for refreshment.<\/p>\n<p><span style=\"color: #3a3a3a; font-family: inherit; font-size: 1.66667rem;\">Eger<\/span><\/p>\n<p>Our favourite town with lots of places of interest and nice shopping streets. Wine lovers can go to Sz\u00e9passzony V\u00f6lgy outside the town where they can taste wines in several wine cellars.<\/p>\n<h3>Debrecen<\/h3>\n<p>Is the scientific and cultural centre and issometimes called Calvinist Rome. It\u2019s also a festival city. The large forest of Debrecen is a popular recreation area with a big park, a beautiful university, the thermal and adventure bath Aquaticum, &#8230;<\/em>.<\/p>\n<p><span style=\"color: #3a3a3a; font-family: inherit; font-size: 1.66667rem;\">Szolnok<\/span><\/p>\n<p><span style=\"font-style: normal; font-weight: 400; font-size: 15px;\">Our County capital has changed pleasantly after renovation. Via the peninsula \u201cTiszaliget\u201d where the spa and adventure pool \u201cLiget Term\u00e1lstrand \u00e9s \u00c9lm\u00e9nyf\u00fcrd\u0151\u201d is located, guests can cross the Tisza river with the beautiful footbridge and visit the large park and the city.<br \/>\nThe interactive aviation museum &#8220;RepT\u00e1r&#8221; is an attraction for young and old and our guests can shop to their hearts&#8217; content in the large supermarkets on the outskirts of the city.<\/p>\n\t\t\t\t\t\t\t\t<\/div>\n\t\t\t\t<\/div>\n\t\t\t\t\t<\/div>\n\t\t<\/div>\n\t\t\t\t\t<\/div>\n\t\t<\/section>\n\t\t\t\t<\/div>\n\t\t","protected":false},"excerpt":{"rendered":"<p>The environement Thanks to the central location of Tisza Lodge, numerous day trips are possible, the full list can be viewed upon arrival. The list of authentic restaurants with menus is also available for our guests. Berekf\u00fcrd\u0151 Szolnok Wine Town Eger Debrecen Poesta \u00f6t\u00f6s Hortob\u00e1gy Eger Dobo t\u00e9r Ab\u00e1dszal\u00f3k Is one of most-frequented places near [&hellip;]<\/p>\n","protected":false},"author":1,"featured_media":0,"parent":0,"menu_order":0,"comment_status":"closed","ping_status":"closed","template":"","meta":{"site-sidebar-layout":"no-sidebar","site-content-layout":"page-builder","ast-site-content-layout":"default","site-content-style":"default","site-sidebar-style":"default","ast-global-header-display":"","ast-banner-title-visibility":"","ast-main-header-display":"","ast-hfb-above-header-display":"","ast-hfb-below-header-display":"","ast-hfb-mobile-header-display":"","site-post-title":"disabled","ast-breadcrumbs-content":"","ast-featured-img":"disabled","footer-sml-layout":"","ast-disable-related-posts":"","theme-transparent-header-meta":"","adv-header-id-meta":"","stick-header-meta":"","header-above-stick-meta":"","header-main-stick-meta":"","header-below-stick-meta":"","astra-migrate-meta-layouts":"default","ast-page-background-enabled":"default","ast-page-background-meta":{"desktop":{"background-color":"","background-image":"","background-repeat":"repeat","background-position":"center center","background-size":"auto","background-attachment":"scroll","background-type":"","background-media":"","overlay-type":"","overlay-color":"","overlay-opacity":"","overlay-gradient":""},"tablet":{"background-color":"","background-image":"","background-repeat":"repeat","background-position":"center center","background-size":"auto","background-attachment":"scroll","background-type":"","background-media":"","overlay-type":"","overlay-color":"","overlay-opacity":"","overlay-gradient":""},"mobile":{"background-color":"","background-image":"","background-repeat":"repeat","background-position":"center center","background-size":"auto","background-attachment":"scroll","background-type":"","background-media":"","overlay-type":"","overlay-color":"","overlay-opacity":"","overlay-gradient":""}},"ast-content-background-meta":{"desktop":{"background-color":"var(--ast-global-color-5)","background-image":"","background-repeat":"repeat","background-position":"center center","background-size":"auto","background-attachment":"scroll","background-type":"","background-media":"","overlay-type":"","overlay-color":"","overlay-opacity":"","overlay-gradient":""},"tablet":{"background-color":"var(--ast-global-color-5)","background-image":"","background-repeat":"repeat","background-position":"center center","background-size":"auto","background-attachment":"scroll","background-type":"","background-media":"","overlay-type":"","overlay-color":"","overlay-opacity":"","overlay-gradient":""},"mobile":{"background-color":"var(--ast-global-color-5)","background-image":"","background-repeat":"repeat","background-position":"center center","background-size":"auto","background-attachment":"scroll","background-type":"","background-media":"","overlay-type":"","overlay-color":"","overlay-opacity":"","overlay-gradient":""}},"footnotes":""},"class_list":["post-25104","page","type-page","status-publish","hentry"],"_links":{"self":[{"href":"https:\/\/tiszalodge.com\/en\/wp-json\/wp\/v2\/pages\/25104","targetHints":{"allow":["GET"]}}],"collection":[{"href":"https:\/\/tiszalodge.com\/en\/wp-json\/wp\/v2\/pages"}],"about":[{"href":"https:\/\/tiszalodge.com\/en\/wp-json\/wp\/v2\/types\/page"}],"author":[{"embeddable":true,"href":"https:\/\/tiszalodge.com\/en\/wp-json\/wp\/v2\/users\/1"}],"replies":[{"embeddable":true,"href":"https:\/\/tiszalodge.com\/en\/wp-json\/wp\/v2\/comments?post=25104"}],"version-history":[{"count":4,"href":"https:\/\/tiszalodge.com\/en\/wp-json\/wp\/v2\/pages\/25104\/revisions"}],"predecessor-version":[{"id":26595,"href":"https:\/\/tiszalodge.com\/en\/wp-json\/wp\/v2\/pages\/25104\/revisions\/26595"}],"wp:attachment":[{"href":"https:\/\/tiszalodge.com\/en\/wp-json\/wp\/v2\/media?parent=25104"}],"curies":[{"name":"wp","href":"https:\/\/api.w.org\/{rel}","templated":true}]}}