{"id":25812,"date":"2019-11-11T17:57:09","date_gmt":"2019-11-11T15:57:09","guid":{"rendered":"https:\/\/tiszalodge.com\/algemene-voorwaarden\/"},"modified":"2025-10-12T18:43:38","modified_gmt":"2025-10-12T16:43:38","slug":"algemene-voorwaarden","status":"publish","type":"page","link":"https:\/\/tiszalodge.com\/hu\/algemene-voorwaarden\/","title":{"rendered":"\u00c1ltal\u00e1nos felt\u00e9telek"},"content":{"rendered":"\t\t<div data-elementor-type=\"wp-page\" data-elementor-id=\"25812\" class=\"elementor elementor-25812\" data-elementor-post-type=\"page\">\n\t\t\t\t\t\t<section class=\"elementor-section elementor-top-section elementor-element elementor-element-be69445 elementor-section-boxed elementor-section-height-default elementor-section-height-default\" data-id=\"be69445\" data-element_type=\"section\" data-e-type=\"section\" data-settings=\"{&quot;background_background&quot;:&quot;classic&quot;}\">\n\t\t\t\t\t\t\t<div class=\"elementor-background-overlay\"><\/div>\n\t\t\t\t\t\t\t<div class=\"elementor-container elementor-column-gap-default\">\n\t\t\t\t\t<div class=\"elementor-column elementor-col-100 elementor-top-column elementor-element elementor-element-3efed74a\" data-id=\"3efed74a\" data-element_type=\"column\" data-e-type=\"column\">\n\t\t\t<div class=\"elementor-widget-wrap elementor-element-populated\">\n\t\t\t\t\t\t<section class=\"elementor-section elementor-inner-section elementor-element elementor-element-56cfd8c7 elementor-section-boxed elementor-section-height-default elementor-section-height-default\" data-id=\"56cfd8c7\" data-element_type=\"section\" data-e-type=\"section\">\n\t\t\t\t\t\t<div class=\"elementor-container elementor-column-gap-default\">\n\t\t\t\t\t<div class=\"elementor-column elementor-col-66 elementor-inner-column elementor-element elementor-element-5341a594\" data-id=\"5341a594\" data-element_type=\"column\" data-e-type=\"column\">\n\t\t\t<div class=\"elementor-widget-wrap elementor-element-populated\">\n\t\t\t\t\t\t<div class=\"elementor-element elementor-element-1933ed03 elementor-widget elementor-widget-heading\" data-id=\"1933ed03\" data-element_type=\"widget\" data-e-type=\"widget\" data-widget_type=\"heading.default\">\n\t\t\t\t<div class=\"elementor-widget-container\">\n\t\t\t\t\t<h1 class=\"elementor-heading-title elementor-size-default\">\u00c1ltal\u00e1nos felt\u00e9telek<\/h1>\t\t\t\t<\/div>\n\t\t\t\t<\/div>\n\t\t\t\t\t<\/div>\n\t\t<\/div>\n\t\t\t\t<div class=\"elementor-column elementor-col-33 elementor-inner-column elementor-element elementor-element-64e7fb55\" data-id=\"64e7fb55\" data-element_type=\"column\" data-e-type=\"column\">\n\t\t\t<div class=\"elementor-widget-wrap\">\n\t\t\t\t\t\t\t<\/div>\n\t\t<\/div>\n\t\t\t\t\t<\/div>\n\t\t<\/section>\n\t\t\t\t<section class=\"elementor-section elementor-inner-section elementor-element elementor-element-74fc66bc elementor-section-boxed elementor-section-height-default elementor-section-height-default\" data-id=\"74fc66bc\" data-element_type=\"section\" data-e-type=\"section\">\n\t\t\t\t\t\t<div class=\"elementor-container elementor-column-gap-default\">\n\t\t\t\t\t<div class=\"elementor-column elementor-col-66 elementor-inner-column elementor-element elementor-element-683ab6ef\" data-id=\"683ab6ef\" data-element_type=\"column\" data-e-type=\"column\">\n\t\t\t<div class=\"elementor-widget-wrap elementor-element-populated\">\n\t\t\t\t\t\t\t<\/div>\n\t\t<\/div>\n\t\t\t\t<div class=\"elementor-column elementor-col-33 elementor-inner-column elementor-element elementor-element-fd10445\" data-id=\"fd10445\" data-element_type=\"column\" data-e-type=\"column\" data-settings=\"{&quot;background_background&quot;:&quot;classic&quot;}\">\n\t\t\t<div class=\"elementor-widget-wrap elementor-element-populated\">\n\t\t\t\t\t\t\t<\/div>\n\t\t<\/div>\n\t\t\t\t\t<\/div>\n\t\t<\/section>\n\t\t\t\t\t<\/div>\n\t\t<\/div>\n\t\t\t\t\t<\/div>\n\t\t<\/section>\n\t\t\t\t<section class=\"elementor-section elementor-top-section elementor-element elementor-element-75e9f2a5 elementor-section-content-middle elementor-reverse-mobile elementor-section-boxed elementor-section-height-default elementor-section-height-default\" data-id=\"75e9f2a5\" data-element_type=\"section\" data-e-type=\"section\">\n\t\t\t\t\t\t<div class=\"elementor-container elementor-column-gap-default\">\n\t\t\t\t\t<div class=\"elementor-column elementor-col-100 elementor-top-column elementor-element elementor-element-6772e589\" data-id=\"6772e589\" data-element_type=\"column\" data-e-type=\"column\" data-settings=\"{&quot;background_background&quot;:&quot;classic&quot;}\">\n\t\t\t<div class=\"elementor-widget-wrap elementor-element-populated\">\n\t\t\t\t\t\t<div class=\"elementor-element elementor-element-7212edcb elementor-widget elementor-widget-text-editor\" data-id=\"7212edcb\" data-element_type=\"widget\" data-e-type=\"widget\" data-widget_type=\"text-editor.default\">\n\t\t\t\t<div class=\"elementor-widget-container\">\n\t\t\t\t\t\t\t\t\t<p>Az \u00d6n t\u00f6k\u00e9letes nyaral\u00e1sa \u00e9rdek\u00e9ben, az \u00c1ltal\u00e1nos Felt\u00e9telekben \u00e1ttekinthetoen \u00f6sszefoglaltuk a muk\u00f6d\u00e9si szab\u00e1lyainkat.<\/p>\n<p><b>FOGLAL\u00c1SI KIFIZET\u00c9SE<\/b><\/p>\n<p>\u00d6n a foglal\u00e1si nyomtatv\u00e1ny kit\u00f6lt\u00e9s\u00e9vel lefoglalta a sz\u00e1ll\u00e1st.<\/p>\n<p>V\u00e1laszt k\u00fcld\u00fcnk \u00d6nnek a foglal\u00e1s\u00e1ra, amely tartalmazza a k\u00f6lts\u00e9gek kisz\u00e1m\u00edt\u00e1s\u00e1t. A foglal\u00e1s garant\u00e1lt, ha a fennmarad\u00f3 \u00f6sszeget 1 h\u00f3nappal \u00e9rkez\u00e9s el\u0151tt fizeti ki. Visszaigazol\u00e1st fog kapni t\u0151l\u00fcnk.<\/p>\n<p>Az \u00e9rkez\u00e9s el\u0151tt kevesebb mint 1 h\u00e9ttel t\u00f6rt\u00e9n\u0151 foglal\u00e1s eset\u00e9n k\u00e9rj\u00fck, hogy az \u00f6sszeget a helysz\u00ednen k\u00e9szp\u00e9nzben fizesse ki, hitelk\u00e1rty\u00e1t nem fogadunk el!<\/p>\n<p><b>LEMOND\u00c1S&nbsp;<\/b><\/p>\n<p>Lemond\u00e1s eset\u00e9n nincs visszat\u00e9rit\u00e9s, de kap egy utalv\u00e1nyt, \u00e9s a foglal\u00e1s\u00e1t dijmentesen m\u00f3dosithatja egy m\u00e1sik id\u00f5pontra. &nbsp;Az utalv\u00e1ny harmadikf\u00e9lnek is\u00e1tadhat\u00f3. &nbsp;Az utalv\u00e1ny hat\u00e1rozatlan ideig \u00e9rv\u00e9nyes<span style=\"color: #000000; font-family: 'Helvetica Neue'; font-size: 11px; font-style: normal;\">.<\/span><\/p>\n<div>\n<div style=\"font-style: normal; font-weight: normal; color: #000000; font-family: ArialMT; font-size: 14px;\"><span style=\"font-weight: bold; color: #7a7a7a; font-family: Roboto, sans-serif; font-size: 15px;\">\u00c9RKEZ\u00c9S \u00c9S INDUL\u00c1S<\/span><\/div>\n<div style=\"color: #222222; font-family: Arial, Helvetica, sans-serif; font-size: small; font-style: normal; font-weight: 400;\">\n<p style=\"color: #7a7a7a; font-family: Roboto, sans-serif; font-size: 15px; font-weight: normal;\">Az \u00e9rkez\u00e9s napj\u00e1n 15 \u00f3ra-t\u00f3l v\u00e1rjuk \u00d6nt szeretettel. K\u00f6sz\u00f6nt\u0151ital mellett t\u00e1j\u00e9koztatjuk a sz\u00e1ll\u00e1shelyrol. Az indul\u00e1s napj\u00e1n k\u00e9rj\u00fck, 10\u00f330 el\u0151tt hagyja el a szob\u00e1t \u00e9s jelentkezzen ki.<\/p>\n<p style=\"color: #7a7a7a; font-family: Roboto, sans-serif; font-size: 15px; font-weight: normal;\">TILOS A DOH\u00c1NYZ\u00c1SA vend\u00e9gh\u00e1zban, a szob\u00e1kban tilos a doh\u00e1nyz\u00e1s! Amennyiben szeretne, doh\u00e1nyz\u00e1sra kijel\u00f6lt hely a fedett terasz vagy a kert. K\u00e9rj\u00fck, a reggeli ideje alatt (08 \u00e9s 10 \u00f3ra k\u00f6z\u00f6tt) ne doh\u00e1nyozzon a teraszon!<\/p>\n<\/div>\n<p><strong>\u00c1LTAL\u00c1NOS FELT\u00c9TELEK<\/strong><\/p>\n<p>A foglal\u00f3 befizet\u00e9s\u00e9vel \u00d6n elfogadja a fent le\u00edrt felt\u00e9teleket.<\/p>\n<p><b>V\u00c9G\u00dcL<\/b><br>K\u00edv\u00e1nunk kellemes \u00fcd\u00fcl\u00e9st a Tisza Lodge panzi\u00f3ban, a Tisza-t\u00f3 csod\u00e1latos k\u00f6rnyezet\u00e9ben!<\/p>\n<p>Anita Bisschop, az \u00d6n h\u00e1ziasszonya<br><span style=\"font-size: 15px;\">Patrick Luyten, \u00d6n h\u00e1zigazd\u00e1ja<\/span><\/p>\n<\/div>\t\t\t\t\t\t\t\t<\/div>\n\t\t\t\t<\/div>\n\t\t\t\t\t<\/div>\n\t\t<\/div>\n\t\t\t\t\t<\/div>\n\t\t<\/section>\n\t\t\t\t<\/div>\n\t\t","protected":false},"excerpt":{"rendered":"<p>\u00c1ltal\u00e1nos felt\u00e9telek Az \u00d6n t\u00f6k\u00e9letes nyaral\u00e1sa \u00e9rdek\u00e9ben, az \u00c1ltal\u00e1nos Felt\u00e9telekben \u00e1ttekinthetoen \u00f6sszefoglaltuk a muk\u00f6d\u00e9si szab\u00e1lyainkat. FOGLAL\u00c1SI KIFIZET\u00c9SE \u00d6n a foglal\u00e1si nyomtatv\u00e1ny kit\u00f6lt\u00e9s\u00e9vel lefoglalta a sz\u00e1ll\u00e1st. V\u00e1laszt k\u00fcld\u00fcnk \u00d6nnek a foglal\u00e1s\u00e1ra, amely tartalmazza a k\u00f6lts\u00e9gek kisz\u00e1m\u00edt\u00e1s\u00e1t. A foglal\u00e1s garant\u00e1lt, ha a fennmarad\u00f3 \u00f6sszeget 1 h\u00f3nappal \u00e9rkez\u00e9s el\u0151tt fizeti ki. Visszaigazol\u00e1st fog kapni t\u0151l\u00fcnk. Az \u00e9rkez\u00e9s el\u0151tt [&hellip;]<\/p>\n","protected":false},"author":1,"featured_media":0,"parent":0,"menu_order":0,"comment_status":"closed","ping_status":"closed","template":"","meta":{"site-sidebar-layout":"no-sidebar","site-content-layout":"page-builder","ast-site-content-layout":"default","site-content-style":"default","site-sidebar-style":"default","ast-global-header-display":"","ast-banner-title-visibility":"","ast-main-header-display":"","ast-hfb-above-header-display":"","ast-hfb-below-header-display":"","ast-hfb-mobile-header-display":"","site-post-title":"disabled","ast-breadcrumbs-content":"","ast-featured-img":"disabled","footer-sml-layout":"","ast-disable-related-posts":"","theme-transparent-header-meta":"default","adv-header-id-meta":"","stick-header-meta":"default","header-above-stick-meta":"","header-main-stick-meta":"","header-below-stick-meta":"","astra-migrate-meta-layouts":"default","ast-page-background-enabled":"default","ast-page-background-meta":{"desktop":{"background-color":"","background-image":"","background-repeat":"repeat","background-position":"center center","background-size":"auto","background-attachment":"scroll","background-type":"","background-media":"","overlay-type":"","overlay-color":"","overlay-opacity":"","overlay-gradient":""},"tablet":{"background-color":"","background-image":"","background-repeat":"repeat","background-position":"center center","background-size":"auto","background-attachment":"scroll","background-type":"","background-media":"","overlay-type":"","overlay-color":"","overlay-opacity":"","overlay-gradient":""},"mobile":{"background-color":"","background-image":"","background-repeat":"repeat","background-position":"center center","background-size":"auto","background-attachment":"scroll","background-type":"","background-media":"","overlay-type":"","overlay-color":"","overlay-opacity":"","overlay-gradient":""}},"ast-content-background-meta":{"desktop":{"background-color":"var(--ast-global-color-5)","background-image":"","background-repeat":"repeat","background-position":"center center","background-size":"auto","background-attachment":"scroll","background-type":"","background-media":"","overlay-type":"","overlay-color":"","overlay-opacity":"","overlay-gradient":""},"tablet":{"background-color":"var(--ast-global-color-5)","background-image":"","background-repeat":"repeat","background-position":"center center","background-size":"auto","background-attachment":"scroll","background-type":"","background-media":"","overlay-type":"","overlay-color":"","overlay-opacity":"","overlay-gradient":""},"mobile":{"background-color":"var(--ast-global-color-5)","background-image":"","background-repeat":"repeat","background-position":"center center","background-size":"auto","background-attachment":"scroll","background-type":"","background-media":"","overlay-type":"","overlay-color":"","overlay-opacity":"","overlay-gradient":""}},"footnotes":""},"class_list":["post-25812","page","type-page","status-publish","hentry"],"_links":{"self":[{"href":"https:\/\/tiszalodge.com\/hu\/wp-json\/wp\/v2\/pages\/25812","targetHints":{"allow":["GET"]}}],"collection":[{"href":"https:\/\/tiszalodge.com\/hu\/wp-json\/wp\/v2\/pages"}],"about":[{"href":"https:\/\/tiszalodge.com\/hu\/wp-json\/wp\/v2\/types\/page"}],"author":[{"embeddable":true,"href":"https:\/\/tiszalodge.com\/hu\/wp-json\/wp\/v2\/users\/1"}],"replies":[{"embeddable":true,"href":"https:\/\/tiszalodge.com\/hu\/wp-json\/wp\/v2\/comments?post=25812"}],"version-history":[{"count":25,"href":"https:\/\/tiszalodge.com\/hu\/wp-json\/wp\/v2\/pages\/25812\/revisions"}],"predecessor-version":[{"id":27465,"href":"https:\/\/tiszalodge.com\/hu\/wp-json\/wp\/v2\/pages\/25812\/revisions\/27465"}],"wp:attachment":[{"href":"https:\/\/tiszalodge.com\/hu\/wp-json\/wp\/v2\/media?parent=25812"}],"curies":[{"name":"wp","href":"https:\/\/api.w.org\/{rel}","templated":true}]}}