{"id":25818,"date":"2019-10-03T11:43:16","date_gmt":"2019-10-03T09:43:16","guid":{"rendered":"https:\/\/tiszalodge.com\/reisweg\/"},"modified":"2020-10-11T08:27:23","modified_gmt":"2020-10-11T06:27:23","slug":"reisweg","status":"publish","type":"page","link":"https:\/\/tiszalodge.com\/hu\/reisweg\/","title":{"rendered":"Megk\u00f6zel\u00edt\u00e9s"},"content":{"rendered":"\t\t<div data-elementor-type=\"wp-page\" data-elementor-id=\"25818\" class=\"elementor elementor-25818\" data-elementor-post-type=\"page\">\n\t\t\t\t\t\t<section class=\"elementor-section elementor-top-section elementor-element elementor-element-6a2be239 elementor-section-boxed elementor-section-height-default elementor-section-height-default\" data-id=\"6a2be239\" data-element_type=\"section\" data-e-type=\"section\" data-settings=\"{&quot;background_background&quot;:&quot;classic&quot;}\">\n\t\t\t\t\t\t\t<div class=\"elementor-background-overlay\"><\/div>\n\t\t\t\t\t\t\t<div class=\"elementor-container elementor-column-gap-default\">\n\t\t\t\t\t<div class=\"elementor-column elementor-col-100 elementor-top-column elementor-element elementor-element-16c9115c\" data-id=\"16c9115c\" data-element_type=\"column\" data-e-type=\"column\">\n\t\t\t<div class=\"elementor-widget-wrap elementor-element-populated\">\n\t\t\t\t\t\t<section class=\"elementor-section elementor-inner-section elementor-element elementor-element-495e4f3a elementor-section-boxed elementor-section-height-default elementor-section-height-default\" data-id=\"495e4f3a\" data-element_type=\"section\" data-e-type=\"section\">\n\t\t\t\t\t\t<div class=\"elementor-container elementor-column-gap-default\">\n\t\t\t\t\t<div class=\"elementor-column elementor-col-66 elementor-inner-column elementor-element elementor-element-b2ebce2\" data-id=\"b2ebce2\" data-element_type=\"column\" data-e-type=\"column\">\n\t\t\t<div class=\"elementor-widget-wrap elementor-element-populated\">\n\t\t\t\t\t\t<div class=\"elementor-element elementor-element-5e701add elementor-widget elementor-widget-heading\" data-id=\"5e701add\" data-element_type=\"widget\" data-e-type=\"widget\" data-widget_type=\"heading.default\">\n\t\t\t\t<div class=\"elementor-widget-container\">\n\t\t\t\t\t<h1 class=\"elementor-heading-title elementor-size-default\">Megk\u00f6zel\u00edt\u00e9s<\/h1>\t\t\t\t<\/div>\n\t\t\t\t<\/div>\n\t\t\t\t\t<\/div>\n\t\t<\/div>\n\t\t\t\t<div class=\"elementor-column elementor-col-33 elementor-inner-column elementor-element elementor-element-caccd7f\" data-id=\"caccd7f\" data-element_type=\"column\" data-e-type=\"column\">\n\t\t\t<div class=\"elementor-widget-wrap\">\n\t\t\t\t\t\t\t<\/div>\n\t\t<\/div>\n\t\t\t\t\t<\/div>\n\t\t<\/section>\n\t\t\t\t<section class=\"elementor-section elementor-inner-section elementor-element elementor-element-43afdafb elementor-section-boxed elementor-section-height-default elementor-section-height-default\" data-id=\"43afdafb\" data-element_type=\"section\" data-e-type=\"section\">\n\t\t\t\t\t\t<div class=\"elementor-container elementor-column-gap-default\">\n\t\t\t\t\t<div class=\"elementor-column elementor-col-66 elementor-inner-column elementor-element elementor-element-53555d89\" data-id=\"53555d89\" data-element_type=\"column\" data-e-type=\"column\">\n\t\t\t<div class=\"elementor-widget-wrap elementor-element-populated\">\n\t\t\t\t\t\t\t<\/div>\n\t\t<\/div>\n\t\t\t\t<div class=\"elementor-column elementor-col-33 elementor-inner-column elementor-element elementor-element-574d0355\" data-id=\"574d0355\" data-element_type=\"column\" data-e-type=\"column\" data-settings=\"{&quot;background_background&quot;:&quot;classic&quot;}\">\n\t\t\t<div class=\"elementor-widget-wrap elementor-element-populated\">\n\t\t\t\t\t\t\t<\/div>\n\t\t<\/div>\n\t\t\t\t\t<\/div>\n\t\t<\/section>\n\t\t\t\t\t<\/div>\n\t\t<\/div>\n\t\t\t\t\t<\/div>\n\t\t<\/section>\n\t\t\t\t<section class=\"elementor-section elementor-top-section elementor-element elementor-element-72744c0d elementor-section-content-middle elementor-reverse-mobile elementor-section-boxed elementor-section-height-default elementor-section-height-default\" data-id=\"72744c0d\" data-element_type=\"section\" data-e-type=\"section\">\n\t\t\t\t\t\t<div class=\"elementor-container elementor-column-gap-default\">\n\t\t\t\t\t<div class=\"elementor-column elementor-col-50 elementor-top-column elementor-element elementor-element-1a2dc69d\" data-id=\"1a2dc69d\" data-element_type=\"column\" data-e-type=\"column\" data-settings=\"{&quot;background_background&quot;:&quot;classic&quot;}\">\n\t\t\t<div class=\"elementor-widget-wrap elementor-element-populated\">\n\t\t\t\t\t\t<div class=\"elementor-element elementor-element-62f877e4 elementor-widget elementor-widget-text-editor\" data-id=\"62f877e4\" data-element_type=\"widget\" data-e-type=\"widget\" data-widget_type=\"text-editor.default\">\n\t\t\t\t<div class=\"elementor-widget-container\">\n\t\t\t\t\t\t\t\t\t<div id=\"dnn_ctr826_ModuleContent\" class=\"DNNModuleContent ModDNNHTMLC\">\n<div id=\"dnn_ctr826_HtmlModule_lblContent\" class=\"Normal\">\n<h3><em>Megk\u00f6zel\u00edt\u00e9s Budapestr\u0151l az M3-as aut\u00f3p\u00e1ly\u00e1n\u00a0<\/em><\/h3>\n<ul>\n<li>Budapestr\u0151l\u00a0vezessen az M3-ason Miskolc fel\u00e9 a 144-es &#8222;F\u00fczesabony, Eger, Tiszaf\u00fcred&#8221; el\u00e1gaz\u00e1sig.<\/li>\n<li>Innen k\u00f6vesse a 33-as utat Poroszl\u00f3-Tiszaf\u00fcred fel\u00e9 eg\u00e9szen Tiszaf\u00fcredig.<\/li>\n<li>A 33-as \u00faton m\u00e9g kb. 1 km-t menjen Debrecen fel\u00e9, am\u00edg jobbra egy gabonat\u00e1rol\u00f3t nem l\u00e1t.<\/li>\n<li>Itt kanyarodjon le jobbra Ab\u00e1dszal\u00f3k, Fegyvernek fel\u00e9.<\/li>\n<li>7 km ut\u00e1n menjen \u00e1t Tiszasz\u0151l\u0151s\u00f6n, 2,5 km ut\u00e1n az els\u0151 le\u00e1gaz\u00e1sn\u00e1l forduljon jobbra Ab\u00e1dszal\u00f3k fel\u00e9.<\/li>\n<li>Vigy\u00e1zzon a vesz\u00e9lyes kanyarokra!<\/li>\n<li>6 km ut\u00e1n el\u00e9ri Tiszaderzset.<\/li>\n<li>A f\u0151utc\u00e1n haladva templomot l\u00e1t.<\/li>\n<li>A templom ut\u00e1n a m\u00e1sodik utca jobbra az Ady Endre \u00fat.<\/li>\n<li>100 m ut\u00e1n a bal oldalon, a 16-os sz\u00e1m alatt megl\u00e1tja a &#8222;Tisza Lodge&#8221; panzi\u00f3t.<\/li>\n<\/ul>\n<h3><em>Megk\u00f6zel\u00edt\u00e9s Budapestr\u0151l a 4-es \u00faton<\/em><\/h3>\n<ul>\n<li>Budapestet elhagyva menjen a 4-es \u00faton Szolnok\u2013Debrecen fel\u00e9.<\/li>\n<li>Ez a f\u0151\u00fat (nem aut\u00f3p\u00e1lya) kb. 100 km \u00a0ut\u00e1n \u00e9ri el Szolnokot.<\/li>\n<li>Menjen T\u00f6r\u00f6kszentmikl\u00f3sig, majd azt elhagyva a 34-es \u00faton aut\u00f3zzon Fegyvernek\u2013Tisza-t\u00f3 fel\u00e9!<\/li>\n<li>\u00c1thaladva Kunhegyesen menjen tov\u00e1bb Ab\u00e1dszal\u00f3k fel\u00e9!<\/li>\n<li>7 km ut\u00e1n el\u00e9ri Tiszaderzset.<\/li>\n<li>A v\u00edztorony ut\u00e1n forduljon az els\u0151 utc\u00e1ra balra (Ady Endre \u00fat 16).<\/li>\n<\/ul>\n<\/div>\n<\/div>\n\t\t\t\t\t\t\t\t<\/div>\n\t\t\t\t<\/div>\n\t\t\t\t\t<\/div>\n\t\t<\/div>\n\t\t\t\t<div class=\"elementor-column elementor-col-50 elementor-top-column elementor-element elementor-element-0cf5bb2\" data-id=\"0cf5bb2\" data-element_type=\"column\" data-e-type=\"column\">\n\t\t\t<div class=\"elementor-widget-wrap elementor-element-populated\">\n\t\t\t\t\t\t<div class=\"elementor-element elementor-element-a7db0b4 elementor-widget elementor-widget-text-editor\" data-id=\"a7db0b4\" data-element_type=\"widget\" data-e-type=\"widget\" data-widget_type=\"text-editor.default\">\n\t\t\t\t<div class=\"elementor-widget-container\">\n\t\t\t\t\t\t\t\t\t<p><strong>Adres<\/strong><\/p>\n<p>Tisza Lodge<br \/>Ady Endre ut 16<br \/>5243 Tiszaderzs<br \/>Magyarorsz\u00e1g<\/p>\n<p>Tel.: +36 30 29 65 960<\/p>\n<p>GPS locatie:<br \/>+47\u00b0 30&#8242; 44.14&#8243; (N 47.51226)<br \/>+20\u00b0 38&#8242; 09,56&#8243; (E 20.63599)<\/p>\n\t\t\t\t\t\t\t\t<\/div>\n\t\t\t\t<\/div>\n\t\t\t\t\t<\/div>\n\t\t<\/div>\n\t\t\t\t\t<\/div>\n\t\t<\/section>\n\t\t\t\t<section class=\"elementor-section elementor-top-section elementor-element elementor-element-63ebcfcb elementor-section-boxed elementor-section-height-default elementor-section-height-default\" data-id=\"63ebcfcb\" data-element_type=\"section\" data-e-type=\"section\">\n\t\t\t\t\t\t<div class=\"elementor-container elementor-column-gap-default\">\n\t\t\t\t\t<div class=\"elementor-column elementor-col-100 elementor-top-column elementor-element elementor-element-7e810288\" data-id=\"7e810288\" data-element_type=\"column\" data-e-type=\"column\" data-settings=\"{&quot;background_background&quot;:&quot;classic&quot;}\">\n\t\t\t<div class=\"elementor-widget-wrap elementor-element-populated\">\n\t\t\t\t\t\t<div class=\"elementor-element elementor-element-efbf0f3 elementor-widget elementor-widget-google_maps\" data-id=\"efbf0f3\" data-element_type=\"widget\" data-e-type=\"widget\" data-widget_type=\"google_maps.default\">\n\t\t\t\t<div class=\"elementor-widget-container\">\n\t\t\t\t\t\t\t<div class=\"elementor-custom-embed\">\n\t\t\t<iframe loading=\"lazy\"\n\t\t\t\t\tsrc=\"https:\/\/maps.google.com\/maps?q=tisza%20lodge&#038;t=m&#038;z=10&#038;output=embed&#038;iwloc=near\"\n\t\t\t\t\ttitle=\"tisza lodge\"\n\t\t\t\t\taria-label=\"tisza lodge\"\n\t\t\t><\/iframe>\n\t\t<\/div>\n\t\t\t\t\t\t<\/div>\n\t\t\t\t<\/div>\n\t\t\t\t\t<\/div>\n\t\t<\/div>\n\t\t\t\t\t<\/div>\n\t\t<\/section>\n\t\t\t\t<\/div>\n\t\t","protected":false},"excerpt":{"rendered":"<p>Megk\u00f6zel\u00edt\u00e9s Megk\u00f6zel\u00edt\u00e9s Budapestr\u0151l az M3-as aut\u00f3p\u00e1ly\u00e1n\u00a0 Budapestr\u0151l\u00a0vezessen az M3-ason Miskolc fel\u00e9 a 144-es &#8222;F\u00fczesabony, Eger, Tiszaf\u00fcred&#8221; el\u00e1gaz\u00e1sig. Innen k\u00f6vesse a 33-as utat Poroszl\u00f3-Tiszaf\u00fcred fel\u00e9 eg\u00e9szen Tiszaf\u00fcredig. A 33-as \u00faton m\u00e9g kb. 1 km-t menjen Debrecen fel\u00e9, am\u00edg jobbra egy gabonat\u00e1rol\u00f3t nem l\u00e1t. Itt kanyarodjon le jobbra Ab\u00e1dszal\u00f3k, Fegyvernek fel\u00e9. 7 km ut\u00e1n menjen \u00e1t Tiszasz\u0151l\u0151s\u00f6n, [&hellip;]<\/p>\n","protected":false},"author":1,"featured_media":0,"parent":0,"menu_order":0,"comment_status":"closed","ping_status":"closed","template":"","meta":{"site-sidebar-layout":"no-sidebar","site-content-layout":"page-builder","ast-site-content-layout":"default","site-content-style":"default","site-sidebar-style":"default","ast-global-header-display":"","ast-banner-title-visibility":"","ast-main-header-display":"","ast-hfb-above-header-display":"","ast-hfb-below-header-display":"","ast-hfb-mobile-header-display":"","site-post-title":"disabled","ast-breadcrumbs-content":"","ast-featured-img":"disabled","footer-sml-layout":"","ast-disable-related-posts":"","theme-transparent-header-meta":"","adv-header-id-meta":"","stick-header-meta":"","header-above-stick-meta":"","header-main-stick-meta":"","header-below-stick-meta":"","astra-migrate-meta-layouts":"default","ast-page-background-enabled":"default","ast-page-background-meta":{"desktop":{"background-color":"","background-image":"","background-repeat":"repeat","background-position":"center center","background-size":"auto","background-attachment":"scroll","background-type":"","background-media":"","overlay-type":"","overlay-color":"","overlay-opacity":"","overlay-gradient":""},"tablet":{"background-color":"","background-image":"","background-repeat":"repeat","background-position":"center center","background-size":"auto","background-attachment":"scroll","background-type":"","background-media":"","overlay-type":"","overlay-color":"","overlay-opacity":"","overlay-gradient":""},"mobile":{"background-color":"","background-image":"","background-repeat":"repeat","background-position":"center center","background-size":"auto","background-attachment":"scroll","background-type":"","background-media":"","overlay-type":"","overlay-color":"","overlay-opacity":"","overlay-gradient":""}},"ast-content-background-meta":{"desktop":{"background-color":"var(--ast-global-color-5)","background-image":"","background-repeat":"repeat","background-position":"center center","background-size":"auto","background-attachment":"scroll","background-type":"","background-media":"","overlay-type":"","overlay-color":"","overlay-opacity":"","overlay-gradient":""},"tablet":{"background-color":"var(--ast-global-color-5)","background-image":"","background-repeat":"repeat","background-position":"center center","background-size":"auto","background-attachment":"scroll","background-type":"","background-media":"","overlay-type":"","overlay-color":"","overlay-opacity":"","overlay-gradient":""},"mobile":{"background-color":"var(--ast-global-color-5)","background-image":"","background-repeat":"repeat","background-position":"center center","background-size":"auto","background-attachment":"scroll","background-type":"","background-media":"","overlay-type":"","overlay-color":"","overlay-opacity":"","overlay-gradient":""}},"footnotes":""},"class_list":["post-25818","page","type-page","status-publish","hentry"],"_links":{"self":[{"href":"https:\/\/tiszalodge.com\/hu\/wp-json\/wp\/v2\/pages\/25818","targetHints":{"allow":["GET"]}}],"collection":[{"href":"https:\/\/tiszalodge.com\/hu\/wp-json\/wp\/v2\/pages"}],"about":[{"href":"https:\/\/tiszalodge.com\/hu\/wp-json\/wp\/v2\/types\/page"}],"author":[{"embeddable":true,"href":"https:\/\/tiszalodge.com\/hu\/wp-json\/wp\/v2\/users\/1"}],"replies":[{"embeddable":true,"href":"https:\/\/tiszalodge.com\/hu\/wp-json\/wp\/v2\/comments?post=25818"}],"version-history":[{"count":9,"href":"https:\/\/tiszalodge.com\/hu\/wp-json\/wp\/v2\/pages\/25818\/revisions"}],"predecessor-version":[{"id":26259,"href":"https:\/\/tiszalodge.com\/hu\/wp-json\/wp\/v2\/pages\/25818\/revisions\/26259"}],"wp:attachment":[{"href":"https:\/\/tiszalodge.com\/hu\/wp-json\/wp\/v2\/media?parent=25818"}],"curies":[{"name":"wp","href":"https:\/\/api.w.org\/{rel}","templated":true}]}}