{"id":25825,"date":"2019-10-03T10:07:58","date_gmt":"2019-10-03T08:07:58","guid":{"rendered":"https:\/\/tiszalodge.com\/prijzen\/"},"modified":"2025-12-21T18:47:43","modified_gmt":"2025-12-21T16:47:43","slug":"prijzen","status":"publish","type":"page","link":"https:\/\/tiszalodge.com\/hu\/prijzen\/","title":{"rendered":"\u00c1raink"},"content":{"rendered":"\t\t<div data-elementor-type=\"wp-page\" data-elementor-id=\"25825\" class=\"elementor elementor-25825\" data-elementor-post-type=\"page\">\n\t\t\t\t\t\t<section class=\"elementor-section elementor-top-section elementor-element elementor-element-2e0c9be5 elementor-section-boxed elementor-section-height-default elementor-section-height-default\" data-id=\"2e0c9be5\" data-element_type=\"section\" data-e-type=\"section\" data-settings=\"{&quot;background_background&quot;:&quot;classic&quot;}\">\n\t\t\t\t\t\t\t<div class=\"elementor-background-overlay\"><\/div>\n\t\t\t\t\t\t\t<div class=\"elementor-container elementor-column-gap-default\">\n\t\t\t\t\t<div class=\"elementor-column elementor-col-100 elementor-top-column elementor-element elementor-element-29b3e14\" data-id=\"29b3e14\" data-element_type=\"column\" data-e-type=\"column\">\n\t\t\t<div class=\"elementor-widget-wrap elementor-element-populated\">\n\t\t\t\t\t\t<section class=\"elementor-section elementor-inner-section elementor-element elementor-element-1d9bd8b6 elementor-section-boxed elementor-section-height-default elementor-section-height-default\" data-id=\"1d9bd8b6\" data-element_type=\"section\" data-e-type=\"section\">\n\t\t\t\t\t\t<div class=\"elementor-container elementor-column-gap-default\">\n\t\t\t\t\t<div class=\"elementor-column elementor-col-66 elementor-inner-column elementor-element elementor-element-5b23acc8\" data-id=\"5b23acc8\" data-element_type=\"column\" data-e-type=\"column\">\n\t\t\t<div class=\"elementor-widget-wrap elementor-element-populated\">\n\t\t\t\t\t\t<div class=\"elementor-element elementor-element-76317c43 elementor-widget elementor-widget-heading\" data-id=\"76317c43\" data-element_type=\"widget\" data-e-type=\"widget\" data-widget_type=\"heading.default\">\n\t\t\t\t<div class=\"elementor-widget-container\">\n\t\t\t\t\t<h1 class=\"elementor-heading-title elementor-size-default\">\u00c1raink<\/h1>\t\t\t\t<\/div>\n\t\t\t\t<\/div>\n\t\t\t\t\t<\/div>\n\t\t<\/div>\n\t\t\t\t<div class=\"elementor-column elementor-col-33 elementor-inner-column elementor-element elementor-element-380d8857\" data-id=\"380d8857\" data-element_type=\"column\" data-e-type=\"column\">\n\t\t\t<div class=\"elementor-widget-wrap\">\n\t\t\t\t\t\t\t<\/div>\n\t\t<\/div>\n\t\t\t\t\t<\/div>\n\t\t<\/section>\n\t\t\t\t<section class=\"elementor-section elementor-inner-section elementor-element elementor-element-5bd0dabb elementor-section-boxed elementor-section-height-default elementor-section-height-default\" data-id=\"5bd0dabb\" data-element_type=\"section\" data-e-type=\"section\">\n\t\t\t\t\t\t<div class=\"elementor-container elementor-column-gap-default\">\n\t\t\t\t\t<div class=\"elementor-column elementor-col-66 elementor-inner-column elementor-element elementor-element-5ddf3a15\" data-id=\"5ddf3a15\" data-element_type=\"column\" data-e-type=\"column\">\n\t\t\t<div class=\"elementor-widget-wrap elementor-element-populated\">\n\t\t\t\t\t\t\t<\/div>\n\t\t<\/div>\n\t\t\t\t<div class=\"elementor-column elementor-col-33 elementor-inner-column elementor-element elementor-element-5dbd382d\" data-id=\"5dbd382d\" data-element_type=\"column\" data-e-type=\"column\" data-settings=\"{&quot;background_background&quot;:&quot;classic&quot;}\">\n\t\t\t<div class=\"elementor-widget-wrap elementor-element-populated\">\n\t\t\t\t\t\t\t<\/div>\n\t\t<\/div>\n\t\t\t\t\t<\/div>\n\t\t<\/section>\n\t\t\t\t\t<\/div>\n\t\t<\/div>\n\t\t\t\t\t<\/div>\n\t\t<\/section>\n\t\t\t\t<section class=\"elementor-section elementor-top-section elementor-element elementor-element-233736b9 elementor-section-content-middle elementor-reverse-mobile elementor-section-boxed elementor-section-height-default elementor-section-height-default\" data-id=\"233736b9\" data-element_type=\"section\" data-e-type=\"section\">\n\t\t\t\t\t\t<div class=\"elementor-container elementor-column-gap-default\">\n\t\t\t\t\t<div class=\"elementor-column elementor-col-100 elementor-top-column elementor-element elementor-element-2474c726\" data-id=\"2474c726\" data-element_type=\"column\" data-e-type=\"column\" data-settings=\"{&quot;background_background&quot;:&quot;classic&quot;}\">\n\t\t\t<div class=\"elementor-widget-wrap elementor-element-populated\">\n\t\t\t\t\t\t<div class=\"elementor-element elementor-element-5008d43b elementor-widget elementor-widget-text-editor\" data-id=\"5008d43b\" data-element_type=\"widget\" data-e-type=\"widget\" data-widget_type=\"text-editor.default\">\n\t\t\t\t<div class=\"elementor-widget-container\">\n\t\t\t\t\t\t\t\t\t<p><span style=\"font-size: 15px; font-style: normal; font-weight: 400;\"><span class=\"tlid-translation translation\" lang=\"hu\"><span class=\"\" title=\"\">Praktikus szob\u00e1ink \u00e1gynem\u0171vel \u00e9s f\u00fcrd\u0151szob\u00e1val, hajsz\u00e1r\u00edt\u00f3val, zuhanyz\u00f3s f\u00fcrd\u0151szob\u00e1val, WC-vel \u00e9s mosd\u00f3val berendezett, mindennap takaritjuk.<\/span><br \/>\n<span class=\"\" title=\"\">Az \u00edzletes reggeli h\u00e1zi kenyeret \u00e9s s\u00fctem\u00e9nyt, h\u00e1zi lekv\u00e1rokat \u00e9s gy\u00fcm\u00f6lcssal\u00e1t\u00e1t, Nutella, toj\u00e1sokat, h\u00fast, sajtot, z\u00f6lds\u00e9geket, joghurtot \u00e9s gabonaf\u00e9l\u00e9ket tartalmaz.<\/span><\/span><\/span><\/p>\n\t\t\t\t\t\t\t\t<\/div>\n\t\t\t\t<\/div>\n\t\t\t\t\t<\/div>\n\t\t<\/div>\n\t\t\t\t\t<\/div>\n\t\t<\/section>\n\t\t\t\t<section class=\"elementor-section elementor-top-section elementor-element elementor-element-b600e1d elementor-section-boxed elementor-section-height-default elementor-section-height-default\" data-id=\"b600e1d\" data-element_type=\"section\" data-e-type=\"section\">\n\t\t\t\t\t\t<div class=\"elementor-container elementor-column-gap-default\">\n\t\t\t\t\t<div class=\"elementor-column elementor-col-33 elementor-top-column elementor-element elementor-element-4da5405\" data-id=\"4da5405\" data-element_type=\"column\" data-e-type=\"column\" data-settings=\"{&quot;background_background&quot;:&quot;classic&quot;}\">\n\t\t\t<div class=\"elementor-widget-wrap elementor-element-populated\">\n\t\t\t\t\t\t<div class=\"elementor-element elementor-element-c04db32 elementor-widget elementor-widget-image\" data-id=\"c04db32\" data-element_type=\"widget\" data-e-type=\"widget\" data-widget_type=\"image.default\">\n\t\t\t\t<div class=\"elementor-widget-container\">\n\t\t\t\t\t\t\t\t\t\t\t\t\t\t\t\t<a href=\"https:\/\/tiszalodge.com\/wp-content\/uploads\/2021\/02\/kamer-01-1.jpg\" data-elementor-open-lightbox=\"yes\" data-e-action-hash=\"#elementor-action%3Aaction%3Dlightbox%26settings%3DeyJpZCI6MjY1MDMsInVybCI6Imh0dHBzOlwvXC90aXN6YWxvZGdlLmNvbVwvd3AtY29udGVudFwvdXBsb2Fkc1wvMjAyMVwvMDJcL2thbWVyLTAxLTEuanBnIn0%3D\">\n\t\t\t\t\t\t\t<img decoding=\"async\" src=\"https:\/\/tiszalodge.com\/wp-content\/uploads\/elementor\/thumbs\/kamer-01-1-p2knx8hvilq8m5fw97ehaejlgldtxr6ot7zugescu8.jpg\" title=\"\" alt=\"\" loading=\"lazy\" \/>\t\t\t\t\t\t\t\t<\/a>\n\t\t\t\t\t\t\t\t\t\t\t\t\t\t\t<\/div>\n\t\t\t\t<\/div>\n\t\t\t\t\t<\/div>\n\t\t<\/div>\n\t\t\t\t<div class=\"elementor-column elementor-col-33 elementor-top-column elementor-element elementor-element-f4a42fb\" data-id=\"f4a42fb\" data-element_type=\"column\" data-e-type=\"column\" data-settings=\"{&quot;background_background&quot;:&quot;classic&quot;}\">\n\t\t\t<div class=\"elementor-widget-wrap elementor-element-populated\">\n\t\t\t\t\t\t<div class=\"elementor-element elementor-element-b2627f2 elementor-widget elementor-widget-image\" data-id=\"b2627f2\" data-element_type=\"widget\" data-e-type=\"widget\" data-widget_type=\"image.default\">\n\t\t\t\t<div class=\"elementor-widget-container\">\n\t\t\t\t\t\t\t\t\t\t\t\t\t\t\t\t<a href=\"https:\/\/tiszalodge.com\/wp-content\/uploads\/2021\/02\/kamer-02.jpg\" data-elementor-open-lightbox=\"yes\" data-e-action-hash=\"#elementor-action%3Aaction%3Dlightbox%26settings%3DeyJpZCI6MjYzNDEsInVybCI6Imh0dHBzOlwvXC90aXN6YWxvZGdlLmNvbVwvd3AtY29udGVudFwvdXBsb2Fkc1wvMjAyMVwvMDJcL2thbWVyLTAyLmpwZyJ9\">\n\t\t\t\t\t\t\t<img decoding=\"async\" src=\"https:\/\/tiszalodge.com\/wp-content\/uploads\/elementor\/thumbs\/kamer-02-p2kiu2o1rszs9lhssj6lx4h2am5z111nankowcd3b4.jpg\" title=\"\" alt=\"\" loading=\"lazy\" \/>\t\t\t\t\t\t\t\t<\/a>\n\t\t\t\t\t\t\t\t\t\t\t\t\t\t\t<\/div>\n\t\t\t\t<\/div>\n\t\t\t\t\t<\/div>\n\t\t<\/div>\n\t\t\t\t<div class=\"elementor-column elementor-col-33 elementor-top-column elementor-element elementor-element-7dc364d\" data-id=\"7dc364d\" data-element_type=\"column\" data-e-type=\"column\" data-settings=\"{&quot;background_background&quot;:&quot;classic&quot;}\">\n\t\t\t<div class=\"elementor-widget-wrap elementor-element-populated\">\n\t\t\t\t\t\t<div class=\"elementor-element elementor-element-93bc530 elementor-widget elementor-widget-image\" data-id=\"93bc530\" data-element_type=\"widget\" data-e-type=\"widget\" data-widget_type=\"image.default\">\n\t\t\t\t<div class=\"elementor-widget-container\">\n\t\t\t\t\t\t\t\t\t\t\t\t\t\t\t\t<a href=\"https:\/\/tiszalodge.com\/wp-content\/uploads\/2021\/02\/kamer-03.jpg\" data-elementor-open-lightbox=\"yes\" data-e-action-hash=\"#elementor-action%3Aaction%3Dlightbox%26settings%3DeyJpZCI6MjYzNDQsInVybCI6Imh0dHBzOlwvXC90aXN6YWxvZGdlLmNvbVwvd3AtY29udGVudFwvdXBsb2Fkc1wvMjAyMVwvMDJcL2thbWVyLTAzLmpwZyJ9\">\n\t\t\t\t\t\t\t<img decoding=\"async\" src=\"https:\/\/tiszalodge.com\/wp-content\/uploads\/elementor\/thumbs\/kamer-03-p2kiv2dwzicois1wzymfjvgkv99x5izg3kd54uw4qo.jpg\" title=\"\" alt=\"\" loading=\"lazy\" \/>\t\t\t\t\t\t\t\t<\/a>\n\t\t\t\t\t\t\t\t\t\t\t\t\t\t\t<\/div>\n\t\t\t\t<\/div>\n\t\t\t\t\t<\/div>\n\t\t<\/div>\n\t\t\t\t\t<\/div>\n\t\t<\/section>\n\t\t\t\t<section class=\"elementor-section elementor-top-section elementor-element elementor-element-a3981a0 elementor-section-boxed elementor-section-height-default elementor-section-height-default\" data-id=\"a3981a0\" data-element_type=\"section\" data-e-type=\"section\">\n\t\t\t\t\t\t<div class=\"elementor-container elementor-column-gap-default\">\n\t\t\t\t\t<div class=\"elementor-column elementor-col-33 elementor-top-column elementor-element elementor-element-05c6a59\" data-id=\"05c6a59\" data-element_type=\"column\" data-e-type=\"column\">\n\t\t\t<div class=\"elementor-widget-wrap elementor-element-populated\">\n\t\t\t\t\t\t<div class=\"elementor-element elementor-element-d7c3c6e elementor-widget elementor-widget-image\" data-id=\"d7c3c6e\" data-element_type=\"widget\" data-e-type=\"widget\" data-widget_type=\"image.default\">\n\t\t\t\t<div class=\"elementor-widget-container\">\n\t\t\t\t\t\t\t\t\t\t\t\t\t\t\t\t<a href=\"https:\/\/tiszalodge.com\/wp-content\/uploads\/2022\/11\/De-Luxe-kamer.jpg\" data-elementor-open-lightbox=\"yes\" data-elementor-lightbox-title=\"De Luxe kamer\" data-e-action-hash=\"#elementor-action%3Aaction%3Dlightbox%26settings%3DeyJpZCI6MjY3NjEsInVybCI6Imh0dHBzOlwvXC90aXN6YWxvZGdlLmNvbVwvd3AtY29udGVudFwvdXBsb2Fkc1wvMjAyMlwvMTFcL0RlLUx1eGUta2FtZXIuanBnIn0%3D\">\n\t\t\t\t\t\t\t<img decoding=\"async\" src=\"https:\/\/tiszalodge.com\/wp-content\/uploads\/elementor\/thumbs\/De-Luxe-kamer-py2ozpbd47lx2ilv3okytlt0cyzs8f3rt1ir02afb4.jpg\" title=\"De Luxe kamer\" alt=\"De Luxe kamer\" loading=\"lazy\" \/>\t\t\t\t\t\t\t\t<\/a>\n\t\t\t\t\t\t\t\t\t\t\t\t\t\t\t<\/div>\n\t\t\t\t<\/div>\n\t\t\t\t\t<\/div>\n\t\t<\/div>\n\t\t\t\t<div class=\"elementor-column elementor-col-33 elementor-top-column elementor-element elementor-element-9a064c9\" data-id=\"9a064c9\" data-element_type=\"column\" data-e-type=\"column\" data-settings=\"{&quot;background_background&quot;:&quot;classic&quot;}\">\n\t\t\t<div class=\"elementor-widget-wrap elementor-element-populated\">\n\t\t\t\t\t\t<div class=\"elementor-element elementor-element-76ed647 elementor-widget elementor-widget-image\" data-id=\"76ed647\" data-element_type=\"widget\" data-e-type=\"widget\" data-widget_type=\"image.default\">\n\t\t\t\t<div class=\"elementor-widget-container\">\n\t\t\t\t\t\t\t\t\t\t\t\t\t\t\t\t<a href=\"https:\/\/tiszalodge.com\/wp-content\/uploads\/2021\/02\/kamer-05.jpg\" data-elementor-open-lightbox=\"yes\" data-e-action-hash=\"#elementor-action%3Aaction%3Dlightbox%26settings%3DeyJpZCI6MjYzOTMsInVybCI6Imh0dHBzOlwvXC90aXN6YWxvZGdlLmNvbVwvd3AtY29udGVudFwvdXBsb2Fkc1wvMjAyMVwvMDJcL2thbWVyLTA1LmpwZyJ9\">\n\t\t\t\t\t\t\t<img decoding=\"async\" src=\"https:\/\/tiszalodge.com\/wp-content\/uploads\/elementor\/thumbs\/kamer-05-p2kjlzhipp7b0qy8t3isgkwtbilclgupgsyqx4z8jk.jpg\" title=\"\" alt=\"\" loading=\"lazy\" \/>\t\t\t\t\t\t\t\t<\/a>\n\t\t\t\t\t\t\t\t\t\t\t\t\t\t\t<\/div>\n\t\t\t\t<\/div>\n\t\t\t\t\t<\/div>\n\t\t<\/div>\n\t\t\t\t<div class=\"elementor-column elementor-col-33 elementor-top-column elementor-element elementor-element-2d841f8\" data-id=\"2d841f8\" data-element_type=\"column\" data-e-type=\"column\" data-settings=\"{&quot;background_background&quot;:&quot;classic&quot;}\">\n\t\t\t<div class=\"elementor-widget-wrap elementor-element-populated\">\n\t\t\t\t\t\t<div class=\"elementor-element elementor-element-08938ea elementor-widget elementor-widget-image\" data-id=\"08938ea\" data-element_type=\"widget\" data-e-type=\"widget\" data-widget_type=\"image.default\">\n\t\t\t\t<div class=\"elementor-widget-container\">\n\t\t\t\t\t\t\t\t\t\t\t\t\t\t\t\t<a href=\"https:\/\/tiszalodge.com\/wp-content\/uploads\/2024\/01\/Kamer-5.jpg\" data-elementor-open-lightbox=\"yes\" data-elementor-lightbox-title=\"Kamer 5\" data-e-action-hash=\"#elementor-action%3Aaction%3Dlightbox%26settings%3DeyJpZCI6MjcwNTMsInVybCI6Imh0dHBzOlwvXC90aXN6YWxvZGdlLmNvbVwvd3AtY29udGVudFwvdXBsb2Fkc1wvMjAyNFwvMDFcL0thbWVyLTUuanBnIn0%3D\">\n\t\t\t\t\t\t\t<img fetchpriority=\"high\" decoding=\"async\" width=\"645\" height=\"645\" src=\"https:\/\/tiszalodge.com\/wp-content\/uploads\/2024\/01\/Kamer-5.jpg\" class=\"attachment-full size-full wp-image-27053\" alt=\"\" srcset=\"https:\/\/tiszalodge.com\/wp-content\/uploads\/2024\/01\/Kamer-5.jpg 645w, https:\/\/tiszalodge.com\/wp-content\/uploads\/2024\/01\/Kamer-5-300x300.jpg 300w, https:\/\/tiszalodge.com\/wp-content\/uploads\/2024\/01\/Kamer-5-150x150.jpg 150w\" sizes=\"(max-width: 645px) 100vw, 645px\" \/>\t\t\t\t\t\t\t\t<\/a>\n\t\t\t\t\t\t\t\t\t\t\t\t\t\t\t<\/div>\n\t\t\t\t<\/div>\n\t\t\t\t\t<\/div>\n\t\t<\/div>\n\t\t\t\t\t<\/div>\n\t\t<\/section>\n\t\t\t\t<section class=\"elementor-section elementor-top-section elementor-element elementor-element-ae8c766 elementor-section-content-middle elementor-reverse-mobile elementor-section-boxed elementor-section-height-default elementor-section-height-default\" data-id=\"ae8c766\" data-element_type=\"section\" data-e-type=\"section\">\n\t\t\t\t\t\t<div class=\"elementor-container elementor-column-gap-default\">\n\t\t\t\t\t<div class=\"elementor-column elementor-col-100 elementor-top-column elementor-element elementor-element-ce7183e\" data-id=\"ce7183e\" data-element_type=\"column\" data-e-type=\"column\" data-settings=\"{&quot;background_background&quot;:&quot;classic&quot;}\">\n\t\t\t<div class=\"elementor-widget-wrap elementor-element-populated\">\n\t\t\t\t\t\t<div class=\"elementor-element elementor-element-6dac9c1 elementor-widget elementor-widget-text-editor\" data-id=\"6dac9c1\" data-element_type=\"widget\" data-e-type=\"widget\" data-widget_type=\"text-editor.default\">\n\t\t\t\t<div class=\"elementor-widget-container\">\n\t\t\t\t\t\t\t\t\t<p><span lang=\"hu\"><span title=\"\">Van:<\/span><\/span><\/p><p><span title=\"\">n\u00e9gy szoba francia\u00e1ggyal 160 x 200 cm \u00a0(<i>F\u00e9nk\u00e9pek 1-2-3)<\/i><\/span><br \/><span title=\"\">kett\u0151 \u00a0deluxe szoba francia\u00e1ggyal 160 x 200 cm\u00a0<\/span><span style=\"font-size: 15px; font-style: normal; color: var( --e-global-color-text ); font-family: var( --e-global-typography-text-font-family ), Sans-serif;\">, Nespresso k\u00e1v\u00e9- \u00e9s teaf\u0151z\u0151vel, saj\u00e1t h\u0171t\u0151szekr\u00e9ny (<\/span><span style=\"font-size: 15px; color: var( --e-global-color-text ); font-family: var( --e-global-typography-text-font-family ), Sans-serif;\"><i>F\u00e9nk\u00e9pek 4-5-6)<\/i><\/span><\/p><p>Annak \u00e9rdek\u00e9ben, hogy vend\u00e9geink sz\u00e1m\u00e1ra a teljes nyugalom \u00e9s kikapcsol\u00f3d\u00e1s o\u00e1zis\u00e1t biztos\u00edtsuk, panzi\u00f3nkban f\u0151k\u00e9nt feln\u0151tteket fogadunk. H\u00e1zi\u00e1llatokat sajnos nem tudunk elsz\u00e1ll\u00e1solni.<\/p><p>K\u00f6sz\u00f6nj\u00fck sz\u00e9pen meg\u00e9rt\u00e9s\u00fcket.<\/p><p><span title=\"\">\u00c1RJEGYZ\u00c9K<\/span><br \/><span title=\"\">Az \u00e1rak szob\u00e1nk\u00e9nt, \u00e9jszak\u00e1nk\u00e9nt \u00e9rtend\u0151k, bele\u00e9rtve a sv\u00e9dasztalos reggelit az \u00c1FA-t \u00e9s az idegenforgalmi ad\u00f3t:<\/span><br \/><span title=\"\">10 \u00e9jszaka foglal\u00e1s = 9 \u00e9jszaka fizet\u00e9s!<\/span><\/p>\t\t\t\t\t\t\t\t<\/div>\n\t\t\t\t<\/div>\n\t\t\t\t\t<\/div>\n\t\t<\/div>\n\t\t\t\t\t<\/div>\n\t\t<\/section>\n\t\t\t\t<section class=\"elementor-section elementor-top-section elementor-element elementor-element-58107bb3 elementor-section-boxed elementor-section-height-default elementor-section-height-default\" data-id=\"58107bb3\" data-element_type=\"section\" data-e-type=\"section\">\n\t\t\t\t\t\t<div class=\"elementor-container elementor-column-gap-default\">\n\t\t\t\t\t<div class=\"elementor-column elementor-col-100 elementor-top-column elementor-element elementor-element-76f3c01f\" data-id=\"76f3c01f\" data-element_type=\"column\" data-e-type=\"column\" data-settings=\"{&quot;background_background&quot;:&quot;classic&quot;}\">\n\t\t\t<div class=\"elementor-widget-wrap elementor-element-populated\">\n\t\t\t\t\t\t<div class=\"elementor-element elementor-element-7d93361 elementor-widget elementor-widget-text-editor\" data-id=\"7d93361\" data-element_type=\"widget\" data-e-type=\"widget\" data-widget_type=\"text-editor.default\">\n\t\t\t\t<div class=\"elementor-widget-container\">\n\t\t\t\t\t\t\t\t\t<table>\n<tbody>\n<tr>\n<td>Francia\u00e1gy szoba<\/td>\n<td>32000 HUF<\/td>\n<\/tr>\n<tr>\n<td><span style=\"font-size: 15px; font-style: normal;\">Deluxe szoba (Nespresso k\u00e1v\u00e9- \u00e9s teaf\u0151z\u0151vel, saj\u00e1t h\u0171t\u0151szekr\u00e9ny)<\/span><\/td>\n<td>37000 HUF<\/td>\n<\/tr>\n<tr>\n<td><br><\/td>\n<td><br><\/td>\n<\/tr>\n<tr>\n<td>maradjon kevesebb mint 3 \u00e9j !!!<\/td>\n<td>+ 1500 HUF\/\u00e9j.<\/td>\n<\/tr>\n<\/tbody>\n<\/table>\t\t\t\t\t\t\t\t<\/div>\n\t\t\t\t<\/div>\n\t\t\t\t<div class=\"elementor-element elementor-element-94ae553 elementor-widget elementor-widget-button\" data-id=\"94ae553\" data-element_type=\"widget\" data-e-type=\"widget\" data-widget_type=\"button.default\">\n\t\t\t\t<div class=\"elementor-widget-container\">\n\t\t\t\t\t\t\t\t\t<div class=\"elementor-button-wrapper\">\n\t\t\t\t\t<a class=\"elementor-button elementor-button-link elementor-size-xl\" href=\"https:\/\/tiszalodge.com\/hu\/reserveren\/\">\n\t\t\t\t\t\t<span class=\"elementor-button-content-wrapper\">\n\t\t\t\t\t\t\t\t\t<span class=\"elementor-button-text\">Foglaljon most!<\/span>\n\t\t\t\t\t<\/span>\n\t\t\t\t\t<\/a>\n\t\t\t\t<\/div>\n\t\t\t\t\t\t\t\t<\/div>\n\t\t\t\t<\/div>\n\t\t\t\t\t<\/div>\n\t\t<\/div>\n\t\t\t\t\t<\/div>\n\t\t<\/section>\n\t\t\t\t<section class=\"elementor-section elementor-top-section elementor-element elementor-element-f23d24e elementor-section-boxed elementor-section-height-default elementor-section-height-default\" data-id=\"f23d24e\" data-element_type=\"section\" data-e-type=\"section\">\n\t\t\t\t\t\t<div class=\"elementor-container elementor-column-gap-default\">\n\t\t\t\t\t<div class=\"elementor-column elementor-col-100 elementor-top-column elementor-element elementor-element-5e61a31\" data-id=\"5e61a31\" data-element_type=\"column\" data-e-type=\"column\" data-settings=\"{&quot;background_background&quot;:&quot;classic&quot;}\">\n\t\t\t<div class=\"elementor-widget-wrap\">\n\t\t\t\t\t\t\t<\/div>\n\t\t<\/div>\n\t\t\t\t\t<\/div>\n\t\t<\/section>\n\t\t\t\t<\/div>\n\t\t","protected":false},"excerpt":{"rendered":"<p>\u00c1raink Praktikus szob\u00e1ink \u00e1gynem\u0171vel \u00e9s f\u00fcrd\u0151szob\u00e1val, hajsz\u00e1r\u00edt\u00f3val, zuhanyz\u00f3s f\u00fcrd\u0151szob\u00e1val, WC-vel \u00e9s mosd\u00f3val berendezett, mindennap takaritjuk. Az \u00edzletes reggeli h\u00e1zi kenyeret \u00e9s s\u00fctem\u00e9nyt, h\u00e1zi lekv\u00e1rokat \u00e9s gy\u00fcm\u00f6lcssal\u00e1t\u00e1t, Nutella, toj\u00e1sokat, h\u00fast, sajtot, z\u00f6lds\u00e9geket, joghurtot \u00e9s gabonaf\u00e9l\u00e9ket tartalmaz. Van: n\u00e9gy szoba francia\u00e1ggyal 160 x 200 cm \u00a0(F\u00e9nk\u00e9pek 1-2-3)kett\u0151 \u00a0deluxe szoba francia\u00e1ggyal 160 x 200 cm\u00a0, Nespresso k\u00e1v\u00e9- \u00e9s [&hellip;]<\/p>\n","protected":false},"author":1,"featured_media":0,"parent":0,"menu_order":0,"comment_status":"closed","ping_status":"closed","template":"","meta":{"site-sidebar-layout":"no-sidebar","site-content-layout":"page-builder","ast-site-content-layout":"default","site-content-style":"default","site-sidebar-style":"default","ast-global-header-display":"","ast-banner-title-visibility":"","ast-main-header-display":"","ast-hfb-above-header-display":"","ast-hfb-below-header-display":"","ast-hfb-mobile-header-display":"","site-post-title":"disabled","ast-breadcrumbs-content":"","ast-featured-img":"disabled","footer-sml-layout":"","ast-disable-related-posts":"","theme-transparent-header-meta":"","adv-header-id-meta":"","stick-header-meta":"","header-above-stick-meta":"","header-main-stick-meta":"","header-below-stick-meta":"","astra-migrate-meta-layouts":"default","ast-page-background-enabled":"default","ast-page-background-meta":{"desktop":{"background-color":"","background-image":"","background-repeat":"repeat","background-position":"center center","background-size":"auto","background-attachment":"scroll","background-type":"","background-media":"","overlay-type":"","overlay-color":"","overlay-opacity":"","overlay-gradient":""},"tablet":{"background-color":"","background-image":"","background-repeat":"repeat","background-position":"center center","background-size":"auto","background-attachment":"scroll","background-type":"","background-media":"","overlay-type":"","overlay-color":"","overlay-opacity":"","overlay-gradient":""},"mobile":{"background-color":"","background-image":"","background-repeat":"repeat","background-position":"center center","background-size":"auto","background-attachment":"scroll","background-type":"","background-media":"","overlay-type":"","overlay-color":"","overlay-opacity":"","overlay-gradient":""}},"ast-content-background-meta":{"desktop":{"background-color":"var(--ast-global-color-5)","background-image":"","background-repeat":"repeat","background-position":"center center","background-size":"auto","background-attachment":"scroll","background-type":"","background-media":"","overlay-type":"","overlay-color":"","overlay-opacity":"","overlay-gradient":""},"tablet":{"background-color":"var(--ast-global-color-5)","background-image":"","background-repeat":"repeat","background-position":"center center","background-size":"auto","background-attachment":"scroll","background-type":"","background-media":"","overlay-type":"","overlay-color":"","overlay-opacity":"","overlay-gradient":""},"mobile":{"background-color":"var(--ast-global-color-5)","background-image":"","background-repeat":"repeat","background-position":"center center","background-size":"auto","background-attachment":"scroll","background-type":"","background-media":"","overlay-type":"","overlay-color":"","overlay-opacity":"","overlay-gradient":""}},"footnotes":""},"class_list":["post-25825","page","type-page","status-publish","hentry"],"_links":{"self":[{"href":"https:\/\/tiszalodge.com\/hu\/wp-json\/wp\/v2\/pages\/25825","targetHints":{"allow":["GET"]}}],"collection":[{"href":"https:\/\/tiszalodge.com\/hu\/wp-json\/wp\/v2\/pages"}],"about":[{"href":"https:\/\/tiszalodge.com\/hu\/wp-json\/wp\/v2\/types\/page"}],"author":[{"embeddable":true,"href":"https:\/\/tiszalodge.com\/hu\/wp-json\/wp\/v2\/users\/1"}],"replies":[{"embeddable":true,"href":"https:\/\/tiszalodge.com\/hu\/wp-json\/wp\/v2\/comments?post=25825"}],"version-history":[{"count":131,"href":"https:\/\/tiszalodge.com\/hu\/wp-json\/wp\/v2\/pages\/25825\/revisions"}],"predecessor-version":[{"id":27520,"href":"https:\/\/tiszalodge.com\/hu\/wp-json\/wp\/v2\/pages\/25825\/revisions\/27520"}],"wp:attachment":[{"href":"https:\/\/tiszalodge.com\/hu\/wp-json\/wp\/v2\/media?parent=25825"}],"curies":[{"name":"wp","href":"https:\/\/api.w.org\/{rel}","templated":true}]}}