{"id":25828,"date":"2019-10-03T10:05:32","date_gmt":"2019-10-03T08:05:32","guid":{"rendered":"https:\/\/tiszalodge.com\/omgeving\/"},"modified":"2022-01-17T14:29:23","modified_gmt":"2022-01-17T12:29:23","slug":"omgeving","status":"publish","type":"page","link":"https:\/\/tiszalodge.com\/hu\/omgeving\/","title":{"rendered":"K\u00f6rny\u00e9k"},"content":{"rendered":"\t\t<div data-elementor-type=\"wp-page\" data-elementor-id=\"25828\" class=\"elementor elementor-25828\" data-elementor-post-type=\"page\">\n\t\t\t\t\t\t<section class=\"elementor-section elementor-top-section elementor-element elementor-element-644f5a9 elementor-section-boxed elementor-section-height-default elementor-section-height-default\" data-id=\"644f5a9\" data-element_type=\"section\" data-e-type=\"section\" data-settings=\"{&quot;background_background&quot;:&quot;classic&quot;}\">\n\t\t\t\t\t\t\t<div class=\"elementor-background-overlay\"><\/div>\n\t\t\t\t\t\t\t<div class=\"elementor-container elementor-column-gap-default\">\n\t\t\t\t\t<div class=\"elementor-column elementor-col-100 elementor-top-column elementor-element elementor-element-341fb43e\" data-id=\"341fb43e\" data-element_type=\"column\" data-e-type=\"column\">\n\t\t\t<div class=\"elementor-widget-wrap elementor-element-populated\">\n\t\t\t\t\t\t<section class=\"elementor-section elementor-inner-section elementor-element elementor-element-59937f43 elementor-section-boxed elementor-section-height-default elementor-section-height-default\" data-id=\"59937f43\" data-element_type=\"section\" data-e-type=\"section\">\n\t\t\t\t\t\t<div class=\"elementor-container elementor-column-gap-default\">\n\t\t\t\t\t<div class=\"elementor-column elementor-col-66 elementor-inner-column elementor-element elementor-element-1a7e378a\" data-id=\"1a7e378a\" data-element_type=\"column\" data-e-type=\"column\">\n\t\t\t<div class=\"elementor-widget-wrap elementor-element-populated\">\n\t\t\t\t\t\t<div class=\"elementor-element elementor-element-2b55fe12 elementor-widget elementor-widget-heading\" data-id=\"2b55fe12\" data-element_type=\"widget\" data-e-type=\"widget\" data-widget_type=\"heading.default\">\n\t\t\t\t<div class=\"elementor-widget-container\">\n\t\t\t\t\t<h1 class=\"elementor-heading-title elementor-size-default\">K\u00f6rny\u00e9k<\/h1>\t\t\t\t<\/div>\n\t\t\t\t<\/div>\n\t\t\t\t\t<\/div>\n\t\t<\/div>\n\t\t\t\t<div class=\"elementor-column elementor-col-33 elementor-inner-column elementor-element elementor-element-47dbb594\" data-id=\"47dbb594\" data-element_type=\"column\" data-e-type=\"column\">\n\t\t\t<div class=\"elementor-widget-wrap\">\n\t\t\t\t\t\t\t<\/div>\n\t\t<\/div>\n\t\t\t\t\t<\/div>\n\t\t<\/section>\n\t\t\t\t<section class=\"elementor-section elementor-inner-section elementor-element elementor-element-820226c elementor-section-boxed elementor-section-height-default elementor-section-height-default\" data-id=\"820226c\" data-element_type=\"section\" data-e-type=\"section\">\n\t\t\t\t\t\t<div class=\"elementor-container elementor-column-gap-default\">\n\t\t\t\t\t<div class=\"elementor-column elementor-col-66 elementor-inner-column elementor-element elementor-element-7111ec5b\" data-id=\"7111ec5b\" data-element_type=\"column\" data-e-type=\"column\">\n\t\t\t<div class=\"elementor-widget-wrap elementor-element-populated\">\n\t\t\t\t\t\t\t<\/div>\n\t\t<\/div>\n\t\t\t\t<div class=\"elementor-column elementor-col-33 elementor-inner-column elementor-element elementor-element-63c28a02\" data-id=\"63c28a02\" data-element_type=\"column\" data-e-type=\"column\" data-settings=\"{&quot;background_background&quot;:&quot;classic&quot;}\">\n\t\t\t<div class=\"elementor-widget-wrap elementor-element-populated\">\n\t\t\t\t\t\t\t<\/div>\n\t\t<\/div>\n\t\t\t\t\t<\/div>\n\t\t<\/section>\n\t\t\t\t\t<\/div>\n\t\t<\/div>\n\t\t\t\t\t<\/div>\n\t\t<\/section>\n\t\t\t\t<section class=\"elementor-section elementor-top-section elementor-element elementor-element-1e7d1b1b elementor-section-content-middle elementor-reverse-mobile elementor-section-boxed elementor-section-height-default elementor-section-height-default\" data-id=\"1e7d1b1b\" data-element_type=\"section\" data-e-type=\"section\">\n\t\t\t\t\t\t<div class=\"elementor-container elementor-column-gap-default\">\n\t\t\t\t\t<div class=\"elementor-column elementor-col-100 elementor-top-column elementor-element elementor-element-7f79a529\" data-id=\"7f79a529\" data-element_type=\"column\" data-e-type=\"column\" data-settings=\"{&quot;background_background&quot;:&quot;classic&quot;}\">\n\t\t\t<div class=\"elementor-widget-wrap elementor-element-populated\">\n\t\t\t\t\t\t<div class=\"elementor-element elementor-element-4f2b99c3 elementor-widget elementor-widget-text-editor\" data-id=\"4f2b99c3\" data-element_type=\"widget\" data-e-type=\"widget\" data-widget_type=\"text-editor.default\">\n\t\t\t\t<div class=\"elementor-widget-container\">\n\t\t\t\t\t\t\t\t\t<p>A Tisza-Lodge k\u00f6zponti fekv\u00e9s\u00e9nek k\u00f6sz\u00f6nhet<span title=\"\">\u0151<\/span>en sz\u00e1mos kir\u00e1ndul\u00e1si lehetos\u00e9g van.<\/p>\n\t\t\t\t\t\t\t\t<\/div>\n\t\t\t\t<\/div>\n\t\t\t\t\t<\/div>\n\t\t<\/div>\n\t\t\t\t\t<\/div>\n\t\t<\/section>\n\t\t\t\t<section class=\"elementor-section elementor-top-section elementor-element elementor-element-32b38a4 elementor-section-boxed elementor-section-height-default elementor-section-height-default\" data-id=\"32b38a4\" data-element_type=\"section\" data-e-type=\"section\">\n\t\t\t\t\t\t<div class=\"elementor-container elementor-column-gap-default\">\n\t\t\t\t\t<div class=\"elementor-column elementor-col-33 elementor-top-column elementor-element elementor-element-a8144d3\" data-id=\"a8144d3\" data-element_type=\"column\" data-e-type=\"column\" data-settings=\"{&quot;background_background&quot;:&quot;classic&quot;}\">\n\t\t\t<div class=\"elementor-widget-wrap elementor-element-populated\">\n\t\t\t\t\t\t<div class=\"elementor-element elementor-element-ee74dce elementor-widget elementor-widget-image\" data-id=\"ee74dce\" data-element_type=\"widget\" data-e-type=\"widget\" data-widget_type=\"image.default\">\n\t\t\t\t<div class=\"elementor-widget-container\">\n\t\t\t\t\t\t\t\t\t\t\t\t<figure class=\"wp-caption\">\n\t\t\t\t\t\t\t\t\t\t\t<a href=\"https:\/\/tiszalodge.com\/wp-content\/uploads\/2019\/11\/Berekf\u00fcrd\u00f6.jpeg\" data-elementor-open-lightbox=\"yes\" data-elementor-lightbox-title=\"Berekf\u00fcrd\u00f6\" data-e-action-hash=\"#elementor-action%3Aaction%3Dlightbox%26settings%3DeyJpZCI6MjU2MTksInVybCI6Imh0dHBzOlwvXC90aXN6YWxvZGdlLmNvbVwvd3AtY29udGVudFwvdXBsb2Fkc1wvMjAxOVwvMTFcL0JlcmVrZlx1MDBmY3JkXHUwMGY2LmpwZWcifQ%3D%3D\">\n\t\t\t\t\t\t\t<img fetchpriority=\"high\" decoding=\"async\" width=\"1024\" height=\"576\" src=\"https:\/\/tiszalodge.com\/wp-content\/uploads\/2019\/11\/Berekf\u00fcrd\u00f6-1024x576.jpeg\" class=\"attachment-large size-large wp-image-25619\" alt=\"\" srcset=\"https:\/\/tiszalodge.com\/wp-content\/uploads\/2019\/11\/Berekf\u00fcrd\u00f6-1024x576.jpeg 1024w, https:\/\/tiszalodge.com\/wp-content\/uploads\/2019\/11\/Berekf\u00fcrd\u00f6-300x169.jpeg 300w, https:\/\/tiszalodge.com\/wp-content\/uploads\/2019\/11\/Berekf\u00fcrd\u00f6-768x432.jpeg 768w, https:\/\/tiszalodge.com\/wp-content\/uploads\/2019\/11\/Berekf\u00fcrd\u00f6.jpeg 1200w\" sizes=\"(max-width: 1024px) 100vw, 1024px\" \/>\t\t\t\t\t\t\t\t<\/a>\n\t\t\t\t\t\t\t\t\t\t\t<figcaption class=\"widget-image-caption wp-caption-text\">Berekf\u00fcrd\u0151<\/figcaption>\n\t\t\t\t\t\t\t\t\t\t<\/figure>\n\t\t\t\t\t\t\t\t\t<\/div>\n\t\t\t\t<\/div>\n\t\t\t\t\t<\/div>\n\t\t<\/div>\n\t\t\t\t<div class=\"elementor-column elementor-col-33 elementor-top-column elementor-element elementor-element-23186ec\" data-id=\"23186ec\" data-element_type=\"column\" data-e-type=\"column\" data-settings=\"{&quot;background_background&quot;:&quot;classic&quot;}\">\n\t\t\t<div class=\"elementor-widget-wrap elementor-element-populated\">\n\t\t\t\t\t\t<div class=\"elementor-element elementor-element-aa2b74c elementor-widget elementor-widget-image\" data-id=\"aa2b74c\" data-element_type=\"widget\" data-e-type=\"widget\" data-widget_type=\"image.default\">\n\t\t\t\t<div class=\"elementor-widget-container\">\n\t\t\t\t\t\t\t\t\t\t\t\t<figure class=\"wp-caption\">\n\t\t\t\t\t\t\t\t\t\t\t<a href=\"https:\/\/tiszalodge.com\/wp-content\/uploads\/2019\/11\/m-1.jpeg\" data-elementor-open-lightbox=\"yes\" data-elementor-lightbox-title=\"M 1\" data-e-action-hash=\"#elementor-action%3Aaction%3Dlightbox%26settings%3DeyJpZCI6MjU2MjEsInVybCI6Imh0dHBzOlwvXC90aXN6YWxvZGdlLmNvbVwvd3AtY29udGVudFwvdXBsb2Fkc1wvMjAxOVwvMTFcL20tMS5qcGVnIn0%3D\">\n\t\t\t\t\t\t\t<img decoding=\"async\" width=\"1024\" height=\"576\" src=\"https:\/\/tiszalodge.com\/wp-content\/uploads\/2019\/11\/m-1-1024x576.jpeg\" class=\"attachment-large size-large wp-image-25621\" alt=\"\" srcset=\"https:\/\/tiszalodge.com\/wp-content\/uploads\/2019\/11\/m-1-1024x576.jpeg 1024w, https:\/\/tiszalodge.com\/wp-content\/uploads\/2019\/11\/m-1-300x169.jpeg 300w, https:\/\/tiszalodge.com\/wp-content\/uploads\/2019\/11\/m-1-768x432.jpeg 768w, https:\/\/tiszalodge.com\/wp-content\/uploads\/2019\/11\/m-1.jpeg 1200w\" sizes=\"(max-width: 1024px) 100vw, 1024px\" \/>\t\t\t\t\t\t\t\t<\/a>\n\t\t\t\t\t\t\t\t\t\t\t<figcaption class=\"widget-image-caption wp-caption-text\">Szolnok<\/figcaption>\n\t\t\t\t\t\t\t\t\t\t<\/figure>\n\t\t\t\t\t\t\t\t\t<\/div>\n\t\t\t\t<\/div>\n\t\t\t\t\t<\/div>\n\t\t<\/div>\n\t\t\t\t<div class=\"elementor-column elementor-col-33 elementor-top-column elementor-element elementor-element-56e161b\" data-id=\"56e161b\" data-element_type=\"column\" data-e-type=\"column\" data-settings=\"{&quot;background_background&quot;:&quot;classic&quot;}\">\n\t\t\t<div class=\"elementor-widget-wrap elementor-element-populated\">\n\t\t\t\t\t\t<div class=\"elementor-element elementor-element-fefa180 elementor-widget elementor-widget-image\" data-id=\"fefa180\" data-element_type=\"widget\" data-e-type=\"widget\" data-widget_type=\"image.default\">\n\t\t\t\t<div class=\"elementor-widget-container\">\n\t\t\t\t\t\t\t\t\t\t\t\t<figure class=\"wp-caption\">\n\t\t\t\t\t\t\t\t\t\t\t<a href=\"https:\/\/tiszalodge.com\/wp-content\/uploads\/2019\/11\/Wijnglazen-kopie.jpg\" data-elementor-open-lightbox=\"yes\" data-elementor-lightbox-title=\"Wijnglazen Kopie\" data-e-action-hash=\"#elementor-action%3Aaction%3Dlightbox%26settings%3DeyJpZCI6MjU2MjMsInVybCI6Imh0dHBzOlwvXC90aXN6YWxvZGdlLmNvbVwvd3AtY29udGVudFwvdXBsb2Fkc1wvMjAxOVwvMTFcL1dpam5nbGF6ZW4ta29waWUuanBnIn0%3D\">\n\t\t\t\t\t\t\t<img decoding=\"async\" width=\"1024\" height=\"576\" src=\"https:\/\/tiszalodge.com\/wp-content\/uploads\/2019\/11\/Wijnglazen-kopie-1024x576.jpg\" class=\"attachment-large size-large wp-image-25623\" alt=\"\" srcset=\"https:\/\/tiszalodge.com\/wp-content\/uploads\/2019\/11\/Wijnglazen-kopie-1024x576.jpg 1024w, https:\/\/tiszalodge.com\/wp-content\/uploads\/2019\/11\/Wijnglazen-kopie-300x169.jpg 300w, https:\/\/tiszalodge.com\/wp-content\/uploads\/2019\/11\/Wijnglazen-kopie-768x432.jpg 768w, https:\/\/tiszalodge.com\/wp-content\/uploads\/2019\/11\/Wijnglazen-kopie.jpg 1200w\" sizes=\"(max-width: 1024px) 100vw, 1024px\" \/>\t\t\t\t\t\t\t\t<\/a>\n\t\t\t\t\t\t\t\t\t\t\t<figcaption class=\"widget-image-caption wp-caption-text\">Egri Borvid\u00e9k<\/figcaption>\n\t\t\t\t\t\t\t\t\t\t<\/figure>\n\t\t\t\t\t\t\t\t\t<\/div>\n\t\t\t\t<\/div>\n\t\t\t\t\t<\/div>\n\t\t<\/div>\n\t\t\t\t\t<\/div>\n\t\t<\/section>\n\t\t\t\t<section class=\"elementor-section elementor-top-section elementor-element elementor-element-8b7c3d2 elementor-section-boxed elementor-section-height-default elementor-section-height-default\" data-id=\"8b7c3d2\" data-element_type=\"section\" data-e-type=\"section\">\n\t\t\t\t\t\t<div class=\"elementor-container elementor-column-gap-default\">\n\t\t\t\t\t<div class=\"elementor-column elementor-col-33 elementor-top-column elementor-element elementor-element-246b734\" data-id=\"246b734\" data-element_type=\"column\" data-e-type=\"column\" data-settings=\"{&quot;background_background&quot;:&quot;classic&quot;}\">\n\t\t\t<div class=\"elementor-widget-wrap elementor-element-populated\">\n\t\t\t\t\t\t<div class=\"elementor-element elementor-element-bbcfc82 elementor-widget elementor-widget-image\" data-id=\"bbcfc82\" data-element_type=\"widget\" data-e-type=\"widget\" data-widget_type=\"image.default\">\n\t\t\t\t<div class=\"elementor-widget-container\">\n\t\t\t\t\t\t\t\t\t\t\t\t<figure class=\"wp-caption\">\n\t\t\t\t\t\t\t\t\t\t\t<a href=\"https:\/\/tiszalodge.com\/wp-content\/uploads\/2019\/11\/debrecen.jpg\" data-elementor-open-lightbox=\"yes\" data-elementor-lightbox-title=\"Debrecen\" data-e-action-hash=\"#elementor-action%3Aaction%3Dlightbox%26settings%3DeyJpZCI6MjUzMDYsInVybCI6Imh0dHBzOlwvXC90aXN6YWxvZGdlLmNvbVwvd3AtY29udGVudFwvdXBsb2Fkc1wvMjAxOVwvMTFcL2RlYnJlY2VuLmpwZyJ9\">\n\t\t\t\t\t\t\t<img loading=\"lazy\" decoding=\"async\" width=\"1000\" height=\"667\" src=\"https:\/\/tiszalodge.com\/wp-content\/uploads\/2019\/11\/debrecen.jpg\" class=\"attachment-large size-large wp-image-25306\" alt=\"\" srcset=\"https:\/\/tiszalodge.com\/wp-content\/uploads\/2019\/11\/debrecen.jpg 1000w, https:\/\/tiszalodge.com\/wp-content\/uploads\/2019\/11\/debrecen-300x200.jpg 300w, https:\/\/tiszalodge.com\/wp-content\/uploads\/2019\/11\/debrecen-768x512.jpg 768w\" sizes=\"(max-width: 1000px) 100vw, 1000px\" \/>\t\t\t\t\t\t\t\t<\/a>\n\t\t\t\t\t\t\t\t\t\t\t<figcaption class=\"widget-image-caption wp-caption-text\">Debrecen<\/figcaption>\n\t\t\t\t\t\t\t\t\t\t<\/figure>\n\t\t\t\t\t\t\t\t\t<\/div>\n\t\t\t\t<\/div>\n\t\t\t\t\t<\/div>\n\t\t<\/div>\n\t\t\t\t<div class=\"elementor-column elementor-col-33 elementor-top-column elementor-element elementor-element-fd612ac\" data-id=\"fd612ac\" data-element_type=\"column\" data-e-type=\"column\" data-settings=\"{&quot;background_background&quot;:&quot;classic&quot;}\">\n\t\t\t<div class=\"elementor-widget-wrap elementor-element-populated\">\n\t\t\t\t\t\t<div class=\"elementor-element elementor-element-d23305a elementor-widget elementor-widget-image\" data-id=\"d23305a\" data-element_type=\"widget\" data-e-type=\"widget\" data-widget_type=\"image.default\">\n\t\t\t\t<div class=\"elementor-widget-container\">\n\t\t\t\t\t\t\t\t\t\t\t\t<figure class=\"wp-caption\">\n\t\t\t\t\t\t\t\t\t\t\t<a href=\"https:\/\/tiszalodge.com\/wp-content\/uploads\/2019\/11\/poesta.jpg\" data-elementor-open-lightbox=\"yes\" data-elementor-lightbox-title=\"Poesta\" data-e-action-hash=\"#elementor-action%3Aaction%3Dlightbox%26settings%3DeyJpZCI6MjUzMDIsInVybCI6Imh0dHBzOlwvXC90aXN6YWxvZGdlLmNvbVwvd3AtY29udGVudFwvdXBsb2Fkc1wvMjAxOVwvMTFcL3BvZXN0YS5qcGcifQ%3D%3D\">\n\t\t\t\t\t\t\t<img loading=\"lazy\" decoding=\"async\" width=\"1000\" height=\"667\" src=\"https:\/\/tiszalodge.com\/wp-content\/uploads\/2019\/11\/poesta.jpg\" class=\"attachment-large size-large wp-image-25302\" alt=\"\" srcset=\"https:\/\/tiszalodge.com\/wp-content\/uploads\/2019\/11\/poesta.jpg 1000w, https:\/\/tiszalodge.com\/wp-content\/uploads\/2019\/11\/poesta-300x200.jpg 300w, https:\/\/tiszalodge.com\/wp-content\/uploads\/2019\/11\/poesta-768x512.jpg 768w\" sizes=\"(max-width: 1000px) 100vw, 1000px\" \/>\t\t\t\t\t\t\t\t<\/a>\n\t\t\t\t\t\t\t\t\t\t\t<figcaption class=\"widget-image-caption wp-caption-text\">Puszta \u00f6t\u00f6s Hortob\u00e1gy<\/figcaption>\n\t\t\t\t\t\t\t\t\t\t<\/figure>\n\t\t\t\t\t\t\t\t\t<\/div>\n\t\t\t\t<\/div>\n\t\t\t\t\t<\/div>\n\t\t<\/div>\n\t\t\t\t<div class=\"elementor-column elementor-col-33 elementor-top-column elementor-element elementor-element-619f5bf\" data-id=\"619f5bf\" data-element_type=\"column\" data-e-type=\"column\" data-settings=\"{&quot;background_background&quot;:&quot;classic&quot;}\">\n\t\t\t<div class=\"elementor-widget-wrap elementor-element-populated\">\n\t\t\t\t\t\t<div class=\"elementor-element elementor-element-66cb8a4 elementor-widget elementor-widget-image\" data-id=\"66cb8a4\" data-element_type=\"widget\" data-e-type=\"widget\" data-widget_type=\"image.default\">\n\t\t\t\t<div class=\"elementor-widget-container\">\n\t\t\t\t\t\t\t\t\t\t\t\t<figure class=\"wp-caption\">\n\t\t\t\t\t\t\t\t\t\t\t<a href=\"https:\/\/tiszalodge.com\/wp-content\/uploads\/2019\/11\/eger.jpg\" data-elementor-open-lightbox=\"yes\" data-elementor-lightbox-title=\"Eger\" data-e-action-hash=\"#elementor-action%3Aaction%3Dlightbox%26settings%3DeyJpZCI6MjUzMDQsInVybCI6Imh0dHBzOlwvXC90aXN6YWxvZGdlLmNvbVwvd3AtY29udGVudFwvdXBsb2Fkc1wvMjAxOVwvMTFcL2VnZXIuanBnIn0%3D\">\n\t\t\t\t\t\t\t<img loading=\"lazy\" decoding=\"async\" width=\"1000\" height=\"667\" src=\"https:\/\/tiszalodge.com\/wp-content\/uploads\/2019\/11\/eger.jpg\" class=\"attachment-large size-large wp-image-25304\" alt=\"\" srcset=\"https:\/\/tiszalodge.com\/wp-content\/uploads\/2019\/11\/eger.jpg 1000w, https:\/\/tiszalodge.com\/wp-content\/uploads\/2019\/11\/eger-300x200.jpg 300w, https:\/\/tiszalodge.com\/wp-content\/uploads\/2019\/11\/eger-768x512.jpg 768w\" sizes=\"(max-width: 1000px) 100vw, 1000px\" \/>\t\t\t\t\t\t\t\t<\/a>\n\t\t\t\t\t\t\t\t\t\t\t<figcaption class=\"widget-image-caption wp-caption-text\">Eger Dobo t\u00e9r<\/figcaption>\n\t\t\t\t\t\t\t\t\t\t<\/figure>\n\t\t\t\t\t\t\t\t\t<\/div>\n\t\t\t\t<\/div>\n\t\t\t\t\t<\/div>\n\t\t<\/div>\n\t\t\t\t\t<\/div>\n\t\t<\/section>\n\t\t\t\t<section class=\"elementor-section elementor-top-section elementor-element elementor-element-4e70a24 elementor-section-content-middle elementor-reverse-mobile elementor-section-boxed elementor-section-height-default elementor-section-height-default\" data-id=\"4e70a24\" data-element_type=\"section\" data-e-type=\"section\">\n\t\t\t\t\t\t<div class=\"elementor-container elementor-column-gap-default\">\n\t\t\t\t\t<div class=\"elementor-column elementor-col-100 elementor-top-column elementor-element elementor-element-e08b78a\" data-id=\"e08b78a\" data-element_type=\"column\" data-e-type=\"column\" data-settings=\"{&quot;background_background&quot;:&quot;classic&quot;}\">\n\t\t\t<div class=\"elementor-widget-wrap elementor-element-populated\">\n\t\t\t\t\t\t<div class=\"elementor-element elementor-element-012fc55 elementor-widget elementor-widget-text-editor\" data-id=\"012fc55\" data-element_type=\"widget\" data-e-type=\"widget\" data-widget_type=\"text-editor.default\">\n\t\t\t\t<div class=\"elementor-widget-container\">\n\t\t\t\t\t\t\t\t\t<h3>Ab\u00e1dszal\u00f3k<\/h3>\n<p>A ny\u00e1ri h\u00f3napokban a Tisza-t\u00f3 legkedveltebb helys\u00e9ge, a v\u00edzisportol\u00f3k \u00e9s a rendezv\u00e9nyeket kedvel\u0151 turist\u00e1k paradicsoma.<\/p>\n<h3>Tiszaf\u00fcred<\/h3>\n<p>A t\u00f3 f\u00f6v\u00e1rosa. Barangoljon cs\u00fct\u00f6rt\u00f6k\u00f6nk\u00e9nt \u00e9s szombatonk\u00e9nt reggel a piacon! L\u00e1togassa meg a fazekasm\u00fazeumot, a t\u00f3part, a term\u00e1lf\u00fcrd\u0151&#8230;..!<\/p>\n<h3>Hortob\u00e1gy<\/h3>\n<p>A Nemzeti Park \u2013 amely az UNESCO vil\u00e1g\u00f6r\u00f6ks\u00e9g r\u00e9sze \u2013 a vil\u00e1gon a legkedvez\u0151bb hely a puszta felfedez\u00e9s\u00e9re..<\/p>\n<h3>Berekf\u00fcrd\u0151<\/h3>\n<p>A term\u00e1lf\u00fcrd\u0151ben t\u00e9len-ny\u00e1ron \u00e9lvezhetik a vend\u00e9gek a gy\u00f3gyv\u00edz (Kiskuns\u00e1g kincse) kedvez\u0151 hat\u00e1s\u00e1t.<\/p>\n<p><span style=\"color: #3a3a3a; font-family: inherit; font-size: 1.66667rem;\">Eger<\/span><\/p>\n<p>Kedvenc kisv\u00e1rosunk sz\u00e1mos l\u00e1tnival\u00f3val \u00e9s kellemes s\u00e9t\u00e1l\u00f3utc\u00e1kkal. Borkedvel\u0151k ell\u00e1togathatnak a v\u00e1roson k\u00edv\u00fcli Sz\u00e9passzony-v\u00f6lgybe bork\u00f3stol\u00f3ra.<\/p>\n<h3>Debrecen<\/h3>\n<p>A Tisz\u00e1nt\u00fal nagyt\u00e1j szellemi, kultur\u00e1lis, idegenforgalmi k\u00f6zpontja \u2013 k\u00e1lvinista R\u00f3m\u00e1nak is nevezik. Ezenk\u00edv\u00fcl fesztiv\u00e1lv\u00e1ros is.<br \/>\nA debreceni Nagyerd\u0151 igen kedvelt kikapcsol\u00f3d\u00e1si hely, itt tal\u00e1lhat\u00f3 t\u00f6bbek k\u00f6z\u00f6tt a gy\u00f3gy- \u00e9s \u00e9lmenyf\u00fcrd\u0151 &#8222;Aquaticum&#8221;..<\/p>\n<p><span style=\"color: #3a3a3a; font-family: inherit; font-size: 1.66667rem;\">Szolnok<\/span><\/p>\n<p><span style=\"font-style: normal; font-weight: 400; font-size: 15px;\">A megye\u00fcnk f\u0151v\u00e1rosa kellemesen megv\u00e1ltozott a fel\u00faj\u00edt\u00e1s ut\u00e1n. A \u201eTiszaliget\u201d f\u00e9lszigeten, ahol a \u201eLiget Term\u00e1lstrand \u00e9s \u00c9lm\u00e9nyf\u00fcrd\u0151\u201d gy\u00f3gy- \u00e9s \u00e9lm\u00e9nyf\u00fcrd\u0151 tal\u00e1lhat\u00f3, a vend\u00e9gek \u00e1t l\u00e9phetik a gy\u00f6ny\u00f6r\u0171 Tisza gyalogos h\u00eddon, \u00e9s megl\u00e1togathatj\u00e1k a nagy parkot \u00e9s a belv\u00e1rost.<br \/>\nA \u201eRepT\u00e1r\u201d interakt\u00edv rep\u00fcl\u00e9si m\u00fazeum vonz\u00f3 a fiatalok \u00e9s az id\u0151s emberek sz\u00e1m\u00e1ra.<\/span><\/p>\n\t\t\t\t\t\t\t\t<\/div>\n\t\t\t\t<\/div>\n\t\t\t\t\t<\/div>\n\t\t<\/div>\n\t\t\t\t\t<\/div>\n\t\t<\/section>\n\t\t\t\t<\/div>\n\t\t","protected":false},"excerpt":{"rendered":"<p>K\u00f6rny\u00e9k A Tisza-Lodge k\u00f6zponti fekv\u00e9s\u00e9nek k\u00f6sz\u00f6nhet\u0151en sz\u00e1mos kir\u00e1ndul\u00e1si lehetos\u00e9g van. Berekf\u00fcrd\u0151 Szolnok Egri Borvid\u00e9k Debrecen Puszta \u00f6t\u00f6s Hortob\u00e1gy Eger Dobo t\u00e9r Ab\u00e1dszal\u00f3k A ny\u00e1ri h\u00f3napokban a Tisza-t\u00f3 legkedveltebb helys\u00e9ge, a v\u00edzisportol\u00f3k \u00e9s a rendezv\u00e9nyeket kedvel\u0151 turist\u00e1k paradicsoma. Tiszaf\u00fcred A t\u00f3 f\u00f6v\u00e1rosa. Barangoljon cs\u00fct\u00f6rt\u00f6k\u00f6nk\u00e9nt \u00e9s szombatonk\u00e9nt reggel a piacon! L\u00e1togassa meg a fazekasm\u00fazeumot, a t\u00f3part, a [&hellip;]<\/p>\n","protected":false},"author":1,"featured_media":0,"parent":0,"menu_order":0,"comment_status":"closed","ping_status":"closed","template":"","meta":{"site-sidebar-layout":"no-sidebar","site-content-layout":"page-builder","ast-site-content-layout":"default","site-content-style":"default","site-sidebar-style":"default","ast-global-header-display":"","ast-banner-title-visibility":"","ast-main-header-display":"","ast-hfb-above-header-display":"","ast-hfb-below-header-display":"","ast-hfb-mobile-header-display":"","site-post-title":"disabled","ast-breadcrumbs-content":"","ast-featured-img":"disabled","footer-sml-layout":"","ast-disable-related-posts":"","theme-transparent-header-meta":"","adv-header-id-meta":"","stick-header-meta":"","header-above-stick-meta":"","header-main-stick-meta":"","header-below-stick-meta":"","astra-migrate-meta-layouts":"default","ast-page-background-enabled":"default","ast-page-background-meta":{"desktop":{"background-color":"","background-image":"","background-repeat":"repeat","background-position":"center center","background-size":"auto","background-attachment":"scroll","background-type":"","background-media":"","overlay-type":"","overlay-color":"","overlay-opacity":"","overlay-gradient":""},"tablet":{"background-color":"","background-image":"","background-repeat":"repeat","background-position":"center center","background-size":"auto","background-attachment":"scroll","background-type":"","background-media":"","overlay-type":"","overlay-color":"","overlay-opacity":"","overlay-gradient":""},"mobile":{"background-color":"","background-image":"","background-repeat":"repeat","background-position":"center center","background-size":"auto","background-attachment":"scroll","background-type":"","background-media":"","overlay-type":"","overlay-color":"","overlay-opacity":"","overlay-gradient":""}},"ast-content-background-meta":{"desktop":{"background-color":"var(--ast-global-color-5)","background-image":"","background-repeat":"repeat","background-position":"center center","background-size":"auto","background-attachment":"scroll","background-type":"","background-media":"","overlay-type":"","overlay-color":"","overlay-opacity":"","overlay-gradient":""},"tablet":{"background-color":"var(--ast-global-color-5)","background-image":"","background-repeat":"repeat","background-position":"center center","background-size":"auto","background-attachment":"scroll","background-type":"","background-media":"","overlay-type":"","overlay-color":"","overlay-opacity":"","overlay-gradient":""},"mobile":{"background-color":"var(--ast-global-color-5)","background-image":"","background-repeat":"repeat","background-position":"center center","background-size":"auto","background-attachment":"scroll","background-type":"","background-media":"","overlay-type":"","overlay-color":"","overlay-opacity":"","overlay-gradient":""}},"footnotes":""},"class_list":["post-25828","page","type-page","status-publish","hentry"],"_links":{"self":[{"href":"https:\/\/tiszalodge.com\/hu\/wp-json\/wp\/v2\/pages\/25828","targetHints":{"allow":["GET"]}}],"collection":[{"href":"https:\/\/tiszalodge.com\/hu\/wp-json\/wp\/v2\/pages"}],"about":[{"href":"https:\/\/tiszalodge.com\/hu\/wp-json\/wp\/v2\/types\/page"}],"author":[{"embeddable":true,"href":"https:\/\/tiszalodge.com\/hu\/wp-json\/wp\/v2\/users\/1"}],"replies":[{"embeddable":true,"href":"https:\/\/tiszalodge.com\/hu\/wp-json\/wp\/v2\/comments?post=25828"}],"version-history":[{"count":7,"href":"https:\/\/tiszalodge.com\/hu\/wp-json\/wp\/v2\/pages\/25828\/revisions"}],"predecessor-version":[{"id":26621,"href":"https:\/\/tiszalodge.com\/hu\/wp-json\/wp\/v2\/pages\/25828\/revisions\/26621"}],"wp:attachment":[{"href":"https:\/\/tiszalodge.com\/hu\/wp-json\/wp\/v2\/media?parent=25828"}],"curies":[{"name":"wp","href":"https:\/\/api.w.org\/{rel}","templated":true}]}}