{"id":25831,"date":"2019-10-03T10:05:13","date_gmt":"2019-10-03T08:05:13","guid":{"rendered":"https:\/\/tiszalodge.com\/tisza-meer\/"},"modified":"2019-12-15T17:27:12","modified_gmt":"2019-12-15T15:27:12","slug":"tisza-meer","status":"publish","type":"page","link":"https:\/\/tiszalodge.com\/hu\/tisza-meer\/","title":{"rendered":"A Tisza-t\u00f3"},"content":{"rendered":"\t\t<div data-elementor-type=\"wp-page\" data-elementor-id=\"25831\" class=\"elementor elementor-25831\" data-elementor-post-type=\"page\">\n\t\t\t\t\t\t<section class=\"elementor-section elementor-top-section elementor-element elementor-element-a8e2df9 elementor-section-boxed elementor-section-height-default elementor-section-height-default\" data-id=\"a8e2df9\" data-element_type=\"section\" data-e-type=\"section\" data-settings=\"{&quot;background_background&quot;:&quot;classic&quot;}\">\n\t\t\t\t\t\t\t<div class=\"elementor-background-overlay\"><\/div>\n\t\t\t\t\t\t\t<div class=\"elementor-container elementor-column-gap-default\">\n\t\t\t\t\t<div class=\"elementor-column elementor-col-100 elementor-top-column elementor-element elementor-element-386f0b0a\" data-id=\"386f0b0a\" data-element_type=\"column\" data-e-type=\"column\">\n\t\t\t<div class=\"elementor-widget-wrap elementor-element-populated\">\n\t\t\t\t\t\t<section class=\"elementor-section elementor-inner-section elementor-element elementor-element-7a79e152 elementor-section-boxed elementor-section-height-default elementor-section-height-default\" data-id=\"7a79e152\" data-element_type=\"section\" data-e-type=\"section\">\n\t\t\t\t\t\t<div class=\"elementor-container elementor-column-gap-default\">\n\t\t\t\t\t<div class=\"elementor-column elementor-col-66 elementor-inner-column elementor-element elementor-element-20293d88\" data-id=\"20293d88\" data-element_type=\"column\" data-e-type=\"column\">\n\t\t\t<div class=\"elementor-widget-wrap elementor-element-populated\">\n\t\t\t\t\t\t<div class=\"elementor-element elementor-element-103cb4c8 elementor-widget elementor-widget-heading\" data-id=\"103cb4c8\" data-element_type=\"widget\" data-e-type=\"widget\" data-widget_type=\"heading.default\">\n\t\t\t\t<div class=\"elementor-widget-container\">\n\t\t\t\t\t<h1 class=\"elementor-heading-title elementor-size-default\">A Tisza-t\u00f3<\/h1>\t\t\t\t<\/div>\n\t\t\t\t<\/div>\n\t\t\t\t\t<\/div>\n\t\t<\/div>\n\t\t\t\t<div class=\"elementor-column elementor-col-33 elementor-inner-column elementor-element elementor-element-214c98b8\" data-id=\"214c98b8\" data-element_type=\"column\" data-e-type=\"column\">\n\t\t\t<div class=\"elementor-widget-wrap\">\n\t\t\t\t\t\t\t<\/div>\n\t\t<\/div>\n\t\t\t\t\t<\/div>\n\t\t<\/section>\n\t\t\t\t<section class=\"elementor-section elementor-inner-section elementor-element elementor-element-bceb814 elementor-section-boxed elementor-section-height-default elementor-section-height-default\" data-id=\"bceb814\" data-element_type=\"section\" data-e-type=\"section\">\n\t\t\t\t\t\t<div class=\"elementor-container elementor-column-gap-default\">\n\t\t\t\t\t<div class=\"elementor-column elementor-col-66 elementor-inner-column elementor-element elementor-element-40830b85\" data-id=\"40830b85\" data-element_type=\"column\" data-e-type=\"column\">\n\t\t\t<div class=\"elementor-widget-wrap elementor-element-populated\">\n\t\t\t\t\t\t\t<\/div>\n\t\t<\/div>\n\t\t\t\t<div class=\"elementor-column elementor-col-33 elementor-inner-column elementor-element elementor-element-179ef46e\" data-id=\"179ef46e\" data-element_type=\"column\" data-e-type=\"column\" data-settings=\"{&quot;background_background&quot;:&quot;classic&quot;}\">\n\t\t\t<div class=\"elementor-widget-wrap elementor-element-populated\">\n\t\t\t\t\t\t\t<\/div>\n\t\t<\/div>\n\t\t\t\t\t<\/div>\n\t\t<\/section>\n\t\t\t\t\t<\/div>\n\t\t<\/div>\n\t\t\t\t\t<\/div>\n\t\t<\/section>\n\t\t\t\t<section class=\"elementor-section elementor-top-section elementor-element elementor-element-1603919 elementor-section-content-middle elementor-reverse-mobile elementor-section-boxed elementor-section-height-default elementor-section-height-default\" data-id=\"1603919\" data-element_type=\"section\" data-e-type=\"section\">\n\t\t\t\t\t\t<div class=\"elementor-container elementor-column-gap-default\">\n\t\t\t\t\t<div class=\"elementor-column elementor-col-100 elementor-top-column elementor-element elementor-element-6526466f\" data-id=\"6526466f\" data-element_type=\"column\" data-e-type=\"column\" data-settings=\"{&quot;background_background&quot;:&quot;classic&quot;}\">\n\t\t\t<div class=\"elementor-widget-wrap elementor-element-populated\">\n\t\t\t\t\t\t<div class=\"elementor-element elementor-element-345ee5ce elementor-widget elementor-widget-text-editor\" data-id=\"345ee5ce\" data-element_type=\"widget\" data-e-type=\"widget\" data-widget_type=\"text-editor.default\">\n\t\t\t\t<div class=\"elementor-widget-container\">\n\t\t\t\t\t\t\t\t\t<p>Tegyen vel\u00fcnk egy k\u00e9pzeletbeli utaz\u00e1st \u00e9s k\u00e9pzeljen el egy k\u00fcl\u00f6nleges v\u00edzivil\u00e1got, ahol egy romantikus k\u00f6rnyezetbe \u2013 egym\u00e1st nem zavarva \u2013 mind a f\u00fcrdozo bar\u00e1tok, mind a nyaral\u00f3k \u00e9s a nyugalmat k\u00edv\u00e1n\u00f3 horg\u00e1szok beleillenek&#8230; a Tisza-t\u00f3n\u00e1l.<\/p>\n<p>50 f\u00e9le halfaj \u00e9l itt, s tal\u00e1n kifoghatja a meg\u00e1lmodott halat!<\/p>\n<p>A k\u00f6rny\u00e9k h\u00edres mad\u00e1rrezerv\u00e1tum\u00e1ban k\u00fcl\u00f6nleges f\u00e9nyk\u00e9peket k\u00e9sz\u00edthet!<\/p>\n<div class=\"opschuiven\"><\/div>\n\t\t\t\t\t\t\t\t<\/div>\n\t\t\t\t<\/div>\n\t\t\t\t\t<\/div>\n\t\t<\/div>\n\t\t\t\t\t<\/div>\n\t\t<\/section>\n\t\t\t\t<section class=\"elementor-section elementor-top-section elementor-element elementor-element-dc47d56 elementor-section-boxed elementor-section-height-default elementor-section-height-default\" data-id=\"dc47d56\" data-element_type=\"section\" data-e-type=\"section\">\n\t\t\t\t\t\t<div class=\"elementor-container elementor-column-gap-default\">\n\t\t\t\t\t<div class=\"elementor-column elementor-col-33 elementor-top-column elementor-element elementor-element-316299e\" data-id=\"316299e\" data-element_type=\"column\" data-e-type=\"column\" data-settings=\"{&quot;background_background&quot;:&quot;classic&quot;}\">\n\t\t\t<div class=\"elementor-widget-wrap elementor-element-populated\">\n\t\t\t\t\t\t<div class=\"elementor-element elementor-element-a9d9208 elementor-widget elementor-widget-image\" data-id=\"a9d9208\" data-element_type=\"widget\" data-e-type=\"widget\" data-widget_type=\"image.default\">\n\t\t\t\t<div class=\"elementor-widget-container\">\n\t\t\t\t\t\t\t\t\t\t\t\t<figure class=\"wp-caption\">\n\t\t\t\t\t\t\t\t\t\t\t<a href=\"https:\/\/tiszalodge.com\/wp-content\/uploads\/2019\/11\/P1000777-kopie.jpeg\" data-elementor-open-lightbox=\"yes\" data-elementor-lightbox-title=\"P1000777 Kopie\" data-e-action-hash=\"#elementor-action%3Aaction%3Dlightbox%26settings%3DeyJpZCI6MjU2OTEsInVybCI6Imh0dHBzOlwvXC90aXN6YWxvZGdlLmNvbVwvd3AtY29udGVudFwvdXBsb2Fkc1wvMjAxOVwvMTFcL1AxMDAwNzc3LWtvcGllLmpwZWcifQ%3D%3D\">\n\t\t\t\t\t\t\t<img fetchpriority=\"high\" decoding=\"async\" width=\"1024\" height=\"678\" src=\"https:\/\/tiszalodge.com\/wp-content\/uploads\/2019\/11\/P1000777-kopie-1024x678.jpeg\" class=\"attachment-large size-large wp-image-25691\" alt=\"\" srcset=\"https:\/\/tiszalodge.com\/wp-content\/uploads\/2019\/11\/P1000777-kopie-1024x678.jpeg 1024w, https:\/\/tiszalodge.com\/wp-content\/uploads\/2019\/11\/P1000777-kopie-300x199.jpeg 300w, https:\/\/tiszalodge.com\/wp-content\/uploads\/2019\/11\/P1000777-kopie-768x509.jpeg 768w, https:\/\/tiszalodge.com\/wp-content\/uploads\/2019\/11\/P1000777-kopie.jpeg 1280w\" sizes=\"(max-width: 1024px) 100vw, 1024px\" \/>\t\t\t\t\t\t\t\t<\/a>\n\t\t\t\t\t\t\t\t\t\t\t<figcaption class=\"widget-image-caption wp-caption-text\"><\/figcaption>\n\t\t\t\t\t\t\t\t\t\t<\/figure>\n\t\t\t\t\t\t\t\t\t<\/div>\n\t\t\t\t<\/div>\n\t\t\t\t\t<\/div>\n\t\t<\/div>\n\t\t\t\t<div class=\"elementor-column elementor-col-33 elementor-top-column elementor-element elementor-element-8d6a502\" data-id=\"8d6a502\" data-element_type=\"column\" data-e-type=\"column\" data-settings=\"{&quot;background_background&quot;:&quot;classic&quot;}\">\n\t\t\t<div class=\"elementor-widget-wrap elementor-element-populated\">\n\t\t\t\t\t\t<div class=\"elementor-element elementor-element-8880e15 elementor-widget elementor-widget-image\" data-id=\"8880e15\" data-element_type=\"widget\" data-e-type=\"widget\" data-widget_type=\"image.default\">\n\t\t\t\t<div class=\"elementor-widget-container\">\n\t\t\t\t\t\t\t\t\t\t\t\t<figure class=\"wp-caption\">\n\t\t\t\t\t\t\t\t\t\t\t<a href=\"https:\/\/tiszalodge.com\/wp-content\/uploads\/2019\/11\/DSCN4735-kopie.jpeg\" data-elementor-open-lightbox=\"yes\" data-elementor-lightbox-title=\"DSCN4735 Kopie\" data-e-action-hash=\"#elementor-action%3Aaction%3Dlightbox%26settings%3DeyJpZCI6MjU2OTUsInVybCI6Imh0dHBzOlwvXC90aXN6YWxvZGdlLmNvbVwvd3AtY29udGVudFwvdXBsb2Fkc1wvMjAxOVwvMTFcL0RTQ040NzM1LWtvcGllLmpwZWcifQ%3D%3D\">\n\t\t\t\t\t\t\t<img decoding=\"async\" width=\"1024\" height=\"678\" src=\"https:\/\/tiszalodge.com\/wp-content\/uploads\/2019\/11\/DSCN4735-kopie-1024x678.jpeg\" class=\"attachment-large size-large wp-image-25695\" alt=\"\" srcset=\"https:\/\/tiszalodge.com\/wp-content\/uploads\/2019\/11\/DSCN4735-kopie-1024x678.jpeg 1024w, https:\/\/tiszalodge.com\/wp-content\/uploads\/2019\/11\/DSCN4735-kopie-300x199.jpeg 300w, https:\/\/tiszalodge.com\/wp-content\/uploads\/2019\/11\/DSCN4735-kopie-768x509.jpeg 768w, https:\/\/tiszalodge.com\/wp-content\/uploads\/2019\/11\/DSCN4735-kopie.jpeg 1280w\" sizes=\"(max-width: 1024px) 100vw, 1024px\" \/>\t\t\t\t\t\t\t\t<\/a>\n\t\t\t\t\t\t\t\t\t\t\t<figcaption class=\"widget-image-caption wp-caption-text\"><\/figcaption>\n\t\t\t\t\t\t\t\t\t\t<\/figure>\n\t\t\t\t\t\t\t\t\t<\/div>\n\t\t\t\t<\/div>\n\t\t\t\t\t<\/div>\n\t\t<\/div>\n\t\t\t\t<div class=\"elementor-column elementor-col-33 elementor-top-column elementor-element elementor-element-0e7ea01\" data-id=\"0e7ea01\" data-element_type=\"column\" data-e-type=\"column\" data-settings=\"{&quot;background_background&quot;:&quot;classic&quot;}\">\n\t\t\t<div class=\"elementor-widget-wrap elementor-element-populated\">\n\t\t\t\t\t\t<div class=\"elementor-element elementor-element-fdf74af elementor-widget elementor-widget-image\" data-id=\"fdf74af\" data-element_type=\"widget\" data-e-type=\"widget\" data-widget_type=\"image.default\">\n\t\t\t\t<div class=\"elementor-widget-container\">\n\t\t\t\t\t\t\t\t\t\t\t\t<figure class=\"wp-caption\">\n\t\t\t\t\t\t\t\t\t\t\t<a href=\"https:\/\/tiszalodge.com\/wp-content\/uploads\/2019\/11\/DSCN4805-kopie.jpeg\" data-elementor-open-lightbox=\"yes\" data-elementor-lightbox-title=\"DSCN4805 Kopie\" data-e-action-hash=\"#elementor-action%3Aaction%3Dlightbox%26settings%3DeyJpZCI6MjU2OTcsInVybCI6Imh0dHBzOlwvXC90aXN6YWxvZGdlLmNvbVwvd3AtY29udGVudFwvdXBsb2Fkc1wvMjAxOVwvMTFcL0RTQ040ODA1LWtvcGllLmpwZWcifQ%3D%3D\">\n\t\t\t\t\t\t\t<img decoding=\"async\" width=\"1024\" height=\"678\" src=\"https:\/\/tiszalodge.com\/wp-content\/uploads\/2019\/11\/DSCN4805-kopie-1024x678.jpeg\" class=\"attachment-large size-large wp-image-25697\" alt=\"\" srcset=\"https:\/\/tiszalodge.com\/wp-content\/uploads\/2019\/11\/DSCN4805-kopie-1024x678.jpeg 1024w, https:\/\/tiszalodge.com\/wp-content\/uploads\/2019\/11\/DSCN4805-kopie-300x199.jpeg 300w, https:\/\/tiszalodge.com\/wp-content\/uploads\/2019\/11\/DSCN4805-kopie-768x509.jpeg 768w, https:\/\/tiszalodge.com\/wp-content\/uploads\/2019\/11\/DSCN4805-kopie.jpeg 1280w\" sizes=\"(max-width: 1024px) 100vw, 1024px\" \/>\t\t\t\t\t\t\t\t<\/a>\n\t\t\t\t\t\t\t\t\t\t\t<figcaption class=\"widget-image-caption wp-caption-text\"><\/figcaption>\n\t\t\t\t\t\t\t\t\t\t<\/figure>\n\t\t\t\t\t\t\t\t\t<\/div>\n\t\t\t\t<\/div>\n\t\t\t\t\t<\/div>\n\t\t<\/div>\n\t\t\t\t\t<\/div>\n\t\t<\/section>\n\t\t\t\t<section class=\"elementor-section elementor-top-section elementor-element elementor-element-3b59a79 elementor-section-boxed elementor-section-height-default elementor-section-height-default\" data-id=\"3b59a79\" data-element_type=\"section\" data-e-type=\"section\">\n\t\t\t\t\t\t<div class=\"elementor-container elementor-column-gap-default\">\n\t\t\t\t\t<div class=\"elementor-column elementor-col-33 elementor-top-column elementor-element elementor-element-43a2490\" data-id=\"43a2490\" data-element_type=\"column\" data-e-type=\"column\" data-settings=\"{&quot;background_background&quot;:&quot;classic&quot;}\">\n\t\t\t<div class=\"elementor-widget-wrap elementor-element-populated\">\n\t\t\t\t\t\t<div class=\"elementor-element elementor-element-9b8dd5c elementor-widget elementor-widget-image\" data-id=\"9b8dd5c\" data-element_type=\"widget\" data-e-type=\"widget\" data-widget_type=\"image.default\">\n\t\t\t\t<div class=\"elementor-widget-container\">\n\t\t\t\t\t\t\t\t\t\t\t\t<figure class=\"wp-caption\">\n\t\t\t\t\t\t\t\t\t\t\t<a href=\"https:\/\/tiszalodge.com\/wp-content\/uploads\/2019\/11\/IMG_3761-kopie.jpeg\" data-elementor-open-lightbox=\"yes\" data-elementor-lightbox-title=\"IMG 3761 Kopie\" data-e-action-hash=\"#elementor-action%3Aaction%3Dlightbox%26settings%3DeyJpZCI6MjU2ODksInVybCI6Imh0dHBzOlwvXC90aXN6YWxvZGdlLmNvbVwvd3AtY29udGVudFwvdXBsb2Fkc1wvMjAxOVwvMTFcL0lNR18zNzYxLWtvcGllLmpwZWcifQ%3D%3D\">\n\t\t\t\t\t\t\t<img loading=\"lazy\" decoding=\"async\" width=\"1024\" height=\"678\" src=\"https:\/\/tiszalodge.com\/wp-content\/uploads\/2019\/11\/IMG_3761-kopie-1024x678.jpeg\" class=\"attachment-large size-large wp-image-25689\" alt=\"\" srcset=\"https:\/\/tiszalodge.com\/wp-content\/uploads\/2019\/11\/IMG_3761-kopie-1024x678.jpeg 1024w, https:\/\/tiszalodge.com\/wp-content\/uploads\/2019\/11\/IMG_3761-kopie-300x199.jpeg 300w, https:\/\/tiszalodge.com\/wp-content\/uploads\/2019\/11\/IMG_3761-kopie-768x509.jpeg 768w, https:\/\/tiszalodge.com\/wp-content\/uploads\/2019\/11\/IMG_3761-kopie.jpeg 1280w\" sizes=\"(max-width: 1024px) 100vw, 1024px\" \/>\t\t\t\t\t\t\t\t<\/a>\n\t\t\t\t\t\t\t\t\t\t\t<figcaption class=\"widget-image-caption wp-caption-text\"><\/figcaption>\n\t\t\t\t\t\t\t\t\t\t<\/figure>\n\t\t\t\t\t\t\t\t\t<\/div>\n\t\t\t\t<\/div>\n\t\t\t\t\t<\/div>\n\t\t<\/div>\n\t\t\t\t<div class=\"elementor-column elementor-col-33 elementor-top-column elementor-element elementor-element-4550353\" data-id=\"4550353\" data-element_type=\"column\" data-e-type=\"column\" data-settings=\"{&quot;background_background&quot;:&quot;classic&quot;}\">\n\t\t\t<div class=\"elementor-widget-wrap elementor-element-populated\">\n\t\t\t\t\t\t<div class=\"elementor-element elementor-element-4719eb3 elementor-widget elementor-widget-image\" data-id=\"4719eb3\" data-element_type=\"widget\" data-e-type=\"widget\" data-widget_type=\"image.default\">\n\t\t\t\t<div class=\"elementor-widget-container\">\n\t\t\t\t\t\t\t\t\t\t\t\t<figure class=\"wp-caption\">\n\t\t\t\t\t\t\t\t\t\t\t<a href=\"https:\/\/tiszalodge.com\/wp-content\/uploads\/2019\/11\/P1010684-kopie.jpeg\" data-elementor-open-lightbox=\"yes\" data-elementor-lightbox-title=\"P1010684 Kopie\" data-e-action-hash=\"#elementor-action%3Aaction%3Dlightbox%26settings%3DeyJpZCI6MjU2OTMsInVybCI6Imh0dHBzOlwvXC90aXN6YWxvZGdlLmNvbVwvd3AtY29udGVudFwvdXBsb2Fkc1wvMjAxOVwvMTFcL1AxMDEwNjg0LWtvcGllLmpwZWcifQ%3D%3D\">\n\t\t\t\t\t\t\t<img loading=\"lazy\" decoding=\"async\" width=\"1024\" height=\"678\" src=\"https:\/\/tiszalodge.com\/wp-content\/uploads\/2019\/11\/P1010684-kopie-1024x678.jpeg\" class=\"attachment-large size-large wp-image-25693\" alt=\"\" srcset=\"https:\/\/tiszalodge.com\/wp-content\/uploads\/2019\/11\/P1010684-kopie-1024x678.jpeg 1024w, https:\/\/tiszalodge.com\/wp-content\/uploads\/2019\/11\/P1010684-kopie-300x199.jpeg 300w, https:\/\/tiszalodge.com\/wp-content\/uploads\/2019\/11\/P1010684-kopie-768x509.jpeg 768w, https:\/\/tiszalodge.com\/wp-content\/uploads\/2019\/11\/P1010684-kopie.jpeg 1280w\" sizes=\"(max-width: 1024px) 100vw, 1024px\" \/>\t\t\t\t\t\t\t\t<\/a>\n\t\t\t\t\t\t\t\t\t\t\t<figcaption class=\"widget-image-caption wp-caption-text\"><\/figcaption>\n\t\t\t\t\t\t\t\t\t\t<\/figure>\n\t\t\t\t\t\t\t\t\t<\/div>\n\t\t\t\t<\/div>\n\t\t\t\t\t<\/div>\n\t\t<\/div>\n\t\t\t\t<div class=\"elementor-column elementor-col-33 elementor-top-column elementor-element elementor-element-1f060c3\" data-id=\"1f060c3\" data-element_type=\"column\" data-e-type=\"column\" data-settings=\"{&quot;background_background&quot;:&quot;classic&quot;}\">\n\t\t\t<div class=\"elementor-widget-wrap elementor-element-populated\">\n\t\t\t\t\t\t<div class=\"elementor-element elementor-element-e626fd7 elementor-widget elementor-widget-image\" data-id=\"e626fd7\" data-element_type=\"widget\" data-e-type=\"widget\" data-widget_type=\"image.default\">\n\t\t\t\t<div class=\"elementor-widget-container\">\n\t\t\t\t\t\t\t\t\t\t\t\t<figure class=\"wp-caption\">\n\t\t\t\t\t\t\t\t\t\t\t<a href=\"https:\/\/tiszalodge.com\/wp-content\/uploads\/2019\/11\/fietsen-kopie.jpg\" data-elementor-open-lightbox=\"yes\" data-elementor-lightbox-title=\"Fietsen Kopie\" data-e-action-hash=\"#elementor-action%3Aaction%3Dlightbox%26settings%3DeyJpZCI6MjU2OTksInVybCI6Imh0dHBzOlwvXC90aXN6YWxvZGdlLmNvbVwvd3AtY29udGVudFwvdXBsb2Fkc1wvMjAxOVwvMTFcL2ZpZXRzZW4ta29waWUuanBnIn0%3D\">\n\t\t\t\t\t\t\t<img loading=\"lazy\" decoding=\"async\" width=\"1024\" height=\"678\" src=\"https:\/\/tiszalodge.com\/wp-content\/uploads\/2019\/11\/fietsen-kopie-1024x678.jpg\" class=\"attachment-large size-large wp-image-25699\" alt=\"\" srcset=\"https:\/\/tiszalodge.com\/wp-content\/uploads\/2019\/11\/fietsen-kopie-1024x678.jpg 1024w, https:\/\/tiszalodge.com\/wp-content\/uploads\/2019\/11\/fietsen-kopie-300x199.jpg 300w, https:\/\/tiszalodge.com\/wp-content\/uploads\/2019\/11\/fietsen-kopie-768x509.jpg 768w, https:\/\/tiszalodge.com\/wp-content\/uploads\/2019\/11\/fietsen-kopie.jpg 1280w\" sizes=\"(max-width: 1024px) 100vw, 1024px\" \/>\t\t\t\t\t\t\t\t<\/a>\n\t\t\t\t\t\t\t\t\t\t\t<figcaption class=\"widget-image-caption wp-caption-text\"><\/figcaption>\n\t\t\t\t\t\t\t\t\t\t<\/figure>\n\t\t\t\t\t\t\t\t\t<\/div>\n\t\t\t\t<\/div>\n\t\t\t\t\t<\/div>\n\t\t<\/div>\n\t\t\t\t\t<\/div>\n\t\t<\/section>\n\t\t\t\t<section class=\"elementor-section elementor-top-section elementor-element elementor-element-7cd1ddd elementor-section-content-middle elementor-reverse-mobile elementor-section-boxed elementor-section-height-default elementor-section-height-default\" data-id=\"7cd1ddd\" data-element_type=\"section\" data-e-type=\"section\">\n\t\t\t\t\t\t<div class=\"elementor-container elementor-column-gap-default\">\n\t\t\t\t\t<div class=\"elementor-column elementor-col-100 elementor-top-column elementor-element elementor-element-75ae815\" data-id=\"75ae815\" data-element_type=\"column\" data-e-type=\"column\" data-settings=\"{&quot;background_background&quot;:&quot;classic&quot;}\">\n\t\t\t<div class=\"elementor-widget-wrap elementor-element-populated\">\n\t\t\t\t\t\t<div class=\"elementor-element elementor-element-1c5d702 elementor-widget elementor-widget-text-editor\" data-id=\"1c5d702\" data-element_type=\"widget\" data-e-type=\"widget\" data-widget_type=\"text-editor.default\">\n\t\t\t\t<div class=\"elementor-widget-container\">\n\t\t\t\t\t\t\t\t\t<p><span style=\"font-size: 15px;\"> Felfedezheti a 127 km<sup>2<\/sup>-es t\u00f3 <\/span><span style=\"font-size: 15px;\">\u00a0sz\u00e9ps\u00e9g\u00e9t:<\/span><\/p>\n<div class=\"opschuiven\">\n<ul>\n<li><b>cs\u00f3nakb\u00f3l, kenub\u00f3l, kajakb\u00f3l<\/b>, (vezet<span title=\"\">\u0151<\/span>vel vagy vezet<span title=\"\">\u0151<\/span> n\u00e9lkul).<\/li>\n<li><b>Tisza-tavi V\u00edzis\u00e9tany:<\/b> itt a nad k\u00f6z\u00f6tt s\u00e9t\u00e1lhatsz, \u00e9s felm\u00e1szhatsz a panor\u00e1ma-toronyt, \u00e9s ragadoz\u00f3 mad\u00e1rokat \u00e9s g\u00e9meket kereshetsz.<\/li>\n<li><b>egy szigetr\u0151l<\/b>\u00a0ahol gy\u00f6ny\u00f6r\u0171 \u00fatvonalakat k\u00e9sz\u00edtettek: <b> a Tiszavir\u00e1g \u00c1rt\u00e9ri S\u00e9ta\u00fat \u00e9s a P\u00e1k\u00e1sz T\u00e1n\u00f6sv\u00e9ny <\/b><\/li>\n<li><b>ker\u00e9kp\u00e1rral<\/b> a t\u00f3 k\u00f6r\u00fcl<\/li>\n<li>a t\u00f3 k\u00f6rny\u00e9k\u00e9n tal\u00e1lhat\u00f3<b> sok pihen<span title=\"\">\u0151<\/span>hely <\/b><\/li>\n<li><b>jet-ski, ban\u00e1n stb.<\/b> sportos t\u00edpusok sz\u00e1m\u00e1ra<\/li>\n<li><b>a tisza-tavi \u00d6kocentrum: <\/b>\u00a0t\u00f6bbek k\u00f6z\u00f6tt a legnagyobb \u00e9desv\u00edzi akv\u00e1riummal Eur\u00f3p\u00e1ban<\/li>\n<li><span style=\"font-style: normal; font-weight: bold; font-size: 15px;\">a hall\u00e9pcs\u0151<\/span><\/li>\n<li><b>egy hangulatos teraszon harapnival\u00f3kkal \u00e9s italokkal<\/b> a v\u00edz mellett<\/li>\n<li><b>mad\u00e1r kutat\u00e1s<\/b><\/li>\n<li>\u00e9s minden \u00e9vben t\u00f6bb \u00fajdons\u00e1g &#8230;<\/li>\n<\/ul>\n<\/div>\n\t\t\t\t\t\t\t\t<\/div>\n\t\t\t\t<\/div>\n\t\t\t\t\t<\/div>\n\t\t<\/div>\n\t\t\t\t\t<\/div>\n\t\t<\/section>\n\t\t\t\t<\/div>\n\t\t","protected":false},"excerpt":{"rendered":"<p>A Tisza-t\u00f3 Tegyen vel\u00fcnk egy k\u00e9pzeletbeli utaz\u00e1st \u00e9s k\u00e9pzeljen el egy k\u00fcl\u00f6nleges v\u00edzivil\u00e1got, ahol egy romantikus k\u00f6rnyezetbe \u2013 egym\u00e1st nem zavarva \u2013 mind a f\u00fcrdozo bar\u00e1tok, mind a nyaral\u00f3k \u00e9s a nyugalmat k\u00edv\u00e1n\u00f3 horg\u00e1szok beleillenek&#8230; a Tisza-t\u00f3n\u00e1l. 50 f\u00e9le halfaj \u00e9l itt, s tal\u00e1n kifoghatja a meg\u00e1lmodott halat! A k\u00f6rny\u00e9k h\u00edres mad\u00e1rrezerv\u00e1tum\u00e1ban k\u00fcl\u00f6nleges f\u00e9nyk\u00e9peket k\u00e9sz\u00edthet! [&hellip;]<\/p>\n","protected":false},"author":1,"featured_media":0,"parent":0,"menu_order":0,"comment_status":"closed","ping_status":"closed","template":"","meta":{"site-sidebar-layout":"no-sidebar","site-content-layout":"page-builder","ast-site-content-layout":"default","site-content-style":"default","site-sidebar-style":"default","ast-global-header-display":"","ast-banner-title-visibility":"","ast-main-header-display":"","ast-hfb-above-header-display":"","ast-hfb-below-header-display":"","ast-hfb-mobile-header-display":"","site-post-title":"disabled","ast-breadcrumbs-content":"","ast-featured-img":"disabled","footer-sml-layout":"","ast-disable-related-posts":"","theme-transparent-header-meta":"","adv-header-id-meta":"","stick-header-meta":"","header-above-stick-meta":"","header-main-stick-meta":"","header-below-stick-meta":"","astra-migrate-meta-layouts":"default","ast-page-background-enabled":"default","ast-page-background-meta":{"desktop":{"background-color":"","background-image":"","background-repeat":"repeat","background-position":"center center","background-size":"auto","background-attachment":"scroll","background-type":"","background-media":"","overlay-type":"","overlay-color":"","overlay-opacity":"","overlay-gradient":""},"tablet":{"background-color":"","background-image":"","background-repeat":"repeat","background-position":"center center","background-size":"auto","background-attachment":"scroll","background-type":"","background-media":"","overlay-type":"","overlay-color":"","overlay-opacity":"","overlay-gradient":""},"mobile":{"background-color":"","background-image":"","background-repeat":"repeat","background-position":"center center","background-size":"auto","background-attachment":"scroll","background-type":"","background-media":"","overlay-type":"","overlay-color":"","overlay-opacity":"","overlay-gradient":""}},"ast-content-background-meta":{"desktop":{"background-color":"var(--ast-global-color-5)","background-image":"","background-repeat":"repeat","background-position":"center center","background-size":"auto","background-attachment":"scroll","background-type":"","background-media":"","overlay-type":"","overlay-color":"","overlay-opacity":"","overlay-gradient":""},"tablet":{"background-color":"var(--ast-global-color-5)","background-image":"","background-repeat":"repeat","background-position":"center center","background-size":"auto","background-attachment":"scroll","background-type":"","background-media":"","overlay-type":"","overlay-color":"","overlay-opacity":"","overlay-gradient":""},"mobile":{"background-color":"var(--ast-global-color-5)","background-image":"","background-repeat":"repeat","background-position":"center center","background-size":"auto","background-attachment":"scroll","background-type":"","background-media":"","overlay-type":"","overlay-color":"","overlay-opacity":"","overlay-gradient":""}},"footnotes":""},"class_list":["post-25831","page","type-page","status-publish","hentry"],"_links":{"self":[{"href":"https:\/\/tiszalodge.com\/hu\/wp-json\/wp\/v2\/pages\/25831","targetHints":{"allow":["GET"]}}],"collection":[{"href":"https:\/\/tiszalodge.com\/hu\/wp-json\/wp\/v2\/pages"}],"about":[{"href":"https:\/\/tiszalodge.com\/hu\/wp-json\/wp\/v2\/types\/page"}],"author":[{"embeddable":true,"href":"https:\/\/tiszalodge.com\/hu\/wp-json\/wp\/v2\/users\/1"}],"replies":[{"embeddable":true,"href":"https:\/\/tiszalodge.com\/hu\/wp-json\/wp\/v2\/comments?post=25831"}],"version-history":[{"count":0,"href":"https:\/\/tiszalodge.com\/hu\/wp-json\/wp\/v2\/pages\/25831\/revisions"}],"wp:attachment":[{"href":"https:\/\/tiszalodge.com\/hu\/wp-json\/wp\/v2\/media?parent=25831"}],"curies":[{"name":"wp","href":"https:\/\/api.w.org\/{rel}","templated":true}]}}