{"id":25834,"date":"2019-10-03T10:04:50","date_gmt":"2019-10-03T08:04:50","guid":{"rendered":"https:\/\/tiszalodge.com\/faciliteiten-tisza-lodge\/"},"modified":"2025-11-01T10:00:31","modified_gmt":"2025-11-01T08:00:31","slug":"faciliteiten-tisza-lodge","status":"publish","type":"page","link":"https:\/\/tiszalodge.com\/hu\/faciliteiten-tisza-lodge\/","title":{"rendered":"Tisza Lodge szolg\u00e1ltat\u00e1sok"},"content":{"rendered":"\t\t<div data-elementor-type=\"wp-page\" data-elementor-id=\"25834\" class=\"elementor elementor-25834\" data-elementor-post-type=\"page\">\n\t\t\t\t\t\t<section class=\"elementor-section elementor-top-section elementor-element elementor-element-80ab99 elementor-section-boxed elementor-section-height-default elementor-section-height-default\" data-id=\"80ab99\" data-element_type=\"section\" data-e-type=\"section\" data-settings=\"{&quot;background_background&quot;:&quot;classic&quot;}\">\n\t\t\t\t\t\t\t<div class=\"elementor-background-overlay\"><\/div>\n\t\t\t\t\t\t\t<div class=\"elementor-container elementor-column-gap-default\">\n\t\t\t\t\t<div class=\"elementor-column elementor-col-100 elementor-top-column elementor-element elementor-element-549dbc8d\" data-id=\"549dbc8d\" data-element_type=\"column\" data-e-type=\"column\">\n\t\t\t<div class=\"elementor-widget-wrap elementor-element-populated\">\n\t\t\t\t\t\t<section class=\"elementor-section elementor-inner-section elementor-element elementor-element-3eeadf52 elementor-section-boxed elementor-section-height-default elementor-section-height-default\" data-id=\"3eeadf52\" data-element_type=\"section\" data-e-type=\"section\">\n\t\t\t\t\t\t<div class=\"elementor-container elementor-column-gap-default\">\n\t\t\t\t\t<div class=\"elementor-column elementor-col-66 elementor-inner-column elementor-element elementor-element-77d86329\" data-id=\"77d86329\" data-element_type=\"column\" data-e-type=\"column\">\n\t\t\t<div class=\"elementor-widget-wrap elementor-element-populated\">\n\t\t\t\t\t\t<div class=\"elementor-element elementor-element-458f237b elementor-widget elementor-widget-heading\" data-id=\"458f237b\" data-element_type=\"widget\" data-e-type=\"widget\" data-widget_type=\"heading.default\">\n\t\t\t\t<div class=\"elementor-widget-container\">\n\t\t\t\t\t<h1 class=\"elementor-heading-title elementor-size-default\">Tisza Lodge szolg\u00e1ltat\u00e1sok<\/h1>\t\t\t\t<\/div>\n\t\t\t\t<\/div>\n\t\t\t\t\t<\/div>\n\t\t<\/div>\n\t\t\t\t<div class=\"elementor-column elementor-col-33 elementor-inner-column elementor-element elementor-element-5c422b50\" data-id=\"5c422b50\" data-element_type=\"column\" data-e-type=\"column\">\n\t\t\t<div class=\"elementor-widget-wrap\">\n\t\t\t\t\t\t\t<\/div>\n\t\t<\/div>\n\t\t\t\t\t<\/div>\n\t\t<\/section>\n\t\t\t\t<section class=\"elementor-section elementor-inner-section elementor-element elementor-element-1dd89d87 elementor-section-boxed elementor-section-height-default elementor-section-height-default\" data-id=\"1dd89d87\" data-element_type=\"section\" data-e-type=\"section\">\n\t\t\t\t\t\t<div class=\"elementor-container elementor-column-gap-default\">\n\t\t\t\t\t<div class=\"elementor-column elementor-col-66 elementor-inner-column elementor-element elementor-element-2d6fa97e\" data-id=\"2d6fa97e\" data-element_type=\"column\" data-e-type=\"column\">\n\t\t\t<div class=\"elementor-widget-wrap elementor-element-populated\">\n\t\t\t\t\t\t\t<\/div>\n\t\t<\/div>\n\t\t\t\t<div class=\"elementor-column elementor-col-33 elementor-inner-column elementor-element elementor-element-7e10ab80\" data-id=\"7e10ab80\" data-element_type=\"column\" data-e-type=\"column\" data-settings=\"{&quot;background_background&quot;:&quot;classic&quot;}\">\n\t\t\t<div class=\"elementor-widget-wrap elementor-element-populated\">\n\t\t\t\t\t\t\t<\/div>\n\t\t<\/div>\n\t\t\t\t\t<\/div>\n\t\t<\/section>\n\t\t\t\t\t<\/div>\n\t\t<\/div>\n\t\t\t\t\t<\/div>\n\t\t<\/section>\n\t\t\t\t<section class=\"elementor-section elementor-top-section elementor-element elementor-element-5c4efd3f elementor-section-content-middle elementor-reverse-mobile elementor-section-boxed elementor-section-height-default elementor-section-height-default\" data-id=\"5c4efd3f\" data-element_type=\"section\" data-e-type=\"section\">\n\t\t\t\t\t\t<div class=\"elementor-container elementor-column-gap-default\">\n\t\t\t\t\t<div class=\"elementor-column elementor-col-100 elementor-top-column elementor-element elementor-element-493bf212\" data-id=\"493bf212\" data-element_type=\"column\" data-e-type=\"column\" data-settings=\"{&quot;background_background&quot;:&quot;classic&quot;}\">\n\t\t\t<div class=\"elementor-widget-wrap elementor-element-populated\">\n\t\t\t\t\t\t<div class=\"elementor-element elementor-element-32f17877 elementor-widget elementor-widget-text-editor\" data-id=\"32f17877\" data-element_type=\"widget\" data-e-type=\"widget\" data-widget_type=\"text-editor.default\">\n\t\t\t\t<div class=\"elementor-widget-container\">\n\t\t\t\t\t\t\t\t\t<p>Panzi\u00f3nkban a k\u00f6vetkez\u0151 szolg\u00e1ltat\u00e1sok\u00a0 kedves vend\u00e9geinknek rendelkez\u00e9s\u00e9re \u00e1ll:<\/p><div class=\"opschuiven\"><ul><li>Ingyenes z\u00e1rt aut\u00f3parkol\u00f3<\/li><li>Nagy kert mini medenc\u00e9vel \u00e9s napoz\u00f3\u00e1gyakkal<\/li><li>P\u00e9tanque<\/li><li>Fedett terasz kerti asztalokkal \u00e9s sz\u00e9kekkel<\/li><li>A b\u00e1rban \u00fcd\u00edt\u0151k, k\u00e1v\u00e9, tea, magyar s\u00f6r \u00e9s bor<\/li><li>H<span class=\"st\">\u0171<\/span>t\u0151szekr\u00e9ny, t\u00e1ny\u00e9rok, ev\u0151eszk\u00f6z\u00f6k<\/li><li>T\u00e1gas eb\u00e9dl\u0151 nagy \u00e9tkez\u0151asztallal<\/li><li>Egy nappali szob\u00e1, Mindig-TV<\/li><li>T\u00e1rsalg\u00f3 kis k\u00f6nyvt\u00e1rral<\/li><li>R\u00e9szletes t\u00e1j\u00e9koztat\u00f3 \u00e9s t\u00e9rk\u00e9pek a k\u00f6rny\u00e9kr\u0151l<\/li><li>Ker\u00e9kp\u00e1rk\u00f6lcs\u00f6nz\u00e9s<\/li><li>Uzsonnacsomag (k\u00e9r\u00e9sre)<\/li><li>Ingyenes internet, WIFI<\/li><li><span style=\"font-size: 15px; color: var( --e-global-color-text ); font-family: var( --e-global-typography-text-font-family ), Sans-serif;\">Foglal\u00e1s \u00e9ttermekbe<\/span><\/li><li>Foglal\u00e1s kir\u00e1ndul\u00e1sokra<\/li><\/ul><\/div>\t\t\t\t\t\t\t\t<\/div>\n\t\t\t\t<\/div>\n\t\t\t\t\t<\/div>\n\t\t<\/div>\n\t\t\t\t\t<\/div>\n\t\t<\/section>\n\t\t\t\t<\/div>\n\t\t","protected":false},"excerpt":{"rendered":"<p>Tisza Lodge szolg\u00e1ltat\u00e1sok Panzi\u00f3nkban a k\u00f6vetkez\u0151 szolg\u00e1ltat\u00e1sok\u00a0 kedves vend\u00e9geinknek rendelkez\u00e9s\u00e9re \u00e1ll: Ingyenes z\u00e1rt aut\u00f3parkol\u00f3 Nagy kert mini medenc\u00e9vel \u00e9s napoz\u00f3\u00e1gyakkal P\u00e9tanque Fedett terasz kerti asztalokkal \u00e9s sz\u00e9kekkel A b\u00e1rban \u00fcd\u00edt\u0151k, k\u00e1v\u00e9, tea, magyar s\u00f6r \u00e9s bor H\u0171t\u0151szekr\u00e9ny, t\u00e1ny\u00e9rok, ev\u0151eszk\u00f6z\u00f6k T\u00e1gas eb\u00e9dl\u0151 nagy \u00e9tkez\u0151asztallal Egy nappali szob\u00e1, Mindig-TV T\u00e1rsalg\u00f3 kis k\u00f6nyvt\u00e1rral R\u00e9szletes t\u00e1j\u00e9koztat\u00f3 \u00e9s t\u00e9rk\u00e9pek a [&hellip;]<\/p>\n","protected":false},"author":1,"featured_media":0,"parent":0,"menu_order":0,"comment_status":"closed","ping_status":"closed","template":"","meta":{"site-sidebar-layout":"no-sidebar","site-content-layout":"page-builder","ast-site-content-layout":"default","site-content-style":"default","site-sidebar-style":"default","ast-global-header-display":"","ast-banner-title-visibility":"","ast-main-header-display":"","ast-hfb-above-header-display":"","ast-hfb-below-header-display":"","ast-hfb-mobile-header-display":"","site-post-title":"disabled","ast-breadcrumbs-content":"","ast-featured-img":"disabled","footer-sml-layout":"","ast-disable-related-posts":"","theme-transparent-header-meta":"","adv-header-id-meta":"","stick-header-meta":"","header-above-stick-meta":"","header-main-stick-meta":"","header-below-stick-meta":"","astra-migrate-meta-layouts":"default","ast-page-background-enabled":"default","ast-page-background-meta":{"desktop":{"background-color":"","background-image":"","background-repeat":"repeat","background-position":"center center","background-size":"auto","background-attachment":"scroll","background-type":"","background-media":"","overlay-type":"","overlay-color":"","overlay-opacity":"","overlay-gradient":""},"tablet":{"background-color":"","background-image":"","background-repeat":"repeat","background-position":"center center","background-size":"auto","background-attachment":"scroll","background-type":"","background-media":"","overlay-type":"","overlay-color":"","overlay-opacity":"","overlay-gradient":""},"mobile":{"background-color":"","background-image":"","background-repeat":"repeat","background-position":"center center","background-size":"auto","background-attachment":"scroll","background-type":"","background-media":"","overlay-type":"","overlay-color":"","overlay-opacity":"","overlay-gradient":""}},"ast-content-background-meta":{"desktop":{"background-color":"var(--ast-global-color-5)","background-image":"","background-repeat":"repeat","background-position":"center center","background-size":"auto","background-attachment":"scroll","background-type":"","background-media":"","overlay-type":"","overlay-color":"","overlay-opacity":"","overlay-gradient":""},"tablet":{"background-color":"var(--ast-global-color-5)","background-image":"","background-repeat":"repeat","background-position":"center center","background-size":"auto","background-attachment":"scroll","background-type":"","background-media":"","overlay-type":"","overlay-color":"","overlay-opacity":"","overlay-gradient":""},"mobile":{"background-color":"var(--ast-global-color-5)","background-image":"","background-repeat":"repeat","background-position":"center center","background-size":"auto","background-attachment":"scroll","background-type":"","background-media":"","overlay-type":"","overlay-color":"","overlay-opacity":"","overlay-gradient":""}},"footnotes":""},"class_list":["post-25834","page","type-page","status-publish","hentry"],"_links":{"self":[{"href":"https:\/\/tiszalodge.com\/hu\/wp-json\/wp\/v2\/pages\/25834","targetHints":{"allow":["GET"]}}],"collection":[{"href":"https:\/\/tiszalodge.com\/hu\/wp-json\/wp\/v2\/pages"}],"about":[{"href":"https:\/\/tiszalodge.com\/hu\/wp-json\/wp\/v2\/types\/page"}],"author":[{"embeddable":true,"href":"https:\/\/tiszalodge.com\/hu\/wp-json\/wp\/v2\/users\/1"}],"replies":[{"embeddable":true,"href":"https:\/\/tiszalodge.com\/hu\/wp-json\/wp\/v2\/comments?post=25834"}],"version-history":[{"count":13,"href":"https:\/\/tiszalodge.com\/hu\/wp-json\/wp\/v2\/pages\/25834\/revisions"}],"predecessor-version":[{"id":27487,"href":"https:\/\/tiszalodge.com\/hu\/wp-json\/wp\/v2\/pages\/25834\/revisions\/27487"}],"wp:attachment":[{"href":"https:\/\/tiszalodge.com\/hu\/wp-json\/wp\/v2\/media?parent=25834"}],"curies":[{"name":"wp","href":"https:\/\/api.w.org\/{rel}","templated":true}]}}