{"id":25837,"date":"2019-10-03T10:04:16","date_gmt":"2019-10-03T08:04:16","guid":{"rendered":"https:\/\/tiszalodge.com\/hongarije-praktisch\/"},"modified":"2019-10-03T10:04:16","modified_gmt":"2019-10-03T08:04:16","slug":"hongarije-praktisch","status":"publish","type":"page","link":"https:\/\/tiszalodge.com\/hu\/hongarije-praktisch\/","title":{"rendered":"Hongarije praktisch"},"content":{"rendered":"\t\t<div data-elementor-type=\"wp-page\" data-elementor-id=\"25837\" class=\"elementor elementor-25837\" data-elementor-post-type=\"page\">\n\t\t\t\t\t\t<section class=\"elementor-section elementor-top-section elementor-element elementor-element-2bf52346 elementor-section-boxed elementor-section-height-default elementor-section-height-default\" data-id=\"2bf52346\" data-element_type=\"section\" data-e-type=\"section\" data-settings=\"{&quot;background_background&quot;:&quot;classic&quot;}\">\n\t\t\t\t\t\t\t<div class=\"elementor-background-overlay\"><\/div>\n\t\t\t\t\t\t\t<div class=\"elementor-container elementor-column-gap-default\">\n\t\t\t\t\t<div class=\"elementor-column elementor-col-100 elementor-top-column elementor-element elementor-element-2e0fa338\" data-id=\"2e0fa338\" data-element_type=\"column\" data-e-type=\"column\">\n\t\t\t<div class=\"elementor-widget-wrap elementor-element-populated\">\n\t\t\t\t\t\t<section class=\"elementor-section elementor-inner-section elementor-element elementor-element-3c9d608c elementor-section-boxed elementor-section-height-default elementor-section-height-default\" data-id=\"3c9d608c\" data-element_type=\"section\" data-e-type=\"section\">\n\t\t\t\t\t\t<div class=\"elementor-container elementor-column-gap-default\">\n\t\t\t\t\t<div class=\"elementor-column elementor-col-66 elementor-inner-column elementor-element elementor-element-41539d9e\" data-id=\"41539d9e\" data-element_type=\"column\" data-e-type=\"column\">\n\t\t\t<div class=\"elementor-widget-wrap elementor-element-populated\">\n\t\t\t\t\t\t<div class=\"elementor-element elementor-element-199d6e96 elementor-widget elementor-widget-heading\" data-id=\"199d6e96\" data-element_type=\"widget\" data-e-type=\"widget\" data-widget_type=\"heading.default\">\n\t\t\t\t<div class=\"elementor-widget-container\">\n\t\t\t\t\t<h1 class=\"elementor-heading-title elementor-size-default\">Hongarije praktisch<\/h1>\t\t\t\t<\/div>\n\t\t\t\t<\/div>\n\t\t\t\t\t<\/div>\n\t\t<\/div>\n\t\t\t\t<div class=\"elementor-column elementor-col-33 elementor-inner-column elementor-element elementor-element-6c2e487f\" data-id=\"6c2e487f\" data-element_type=\"column\" data-e-type=\"column\">\n\t\t\t<div class=\"elementor-widget-wrap\">\n\t\t\t\t\t\t\t<\/div>\n\t\t<\/div>\n\t\t\t\t\t<\/div>\n\t\t<\/section>\n\t\t\t\t<section class=\"elementor-section elementor-inner-section elementor-element elementor-element-3bbd1c74 elementor-section-boxed elementor-section-height-default elementor-section-height-default\" data-id=\"3bbd1c74\" data-element_type=\"section\" data-e-type=\"section\">\n\t\t\t\t\t\t<div class=\"elementor-container elementor-column-gap-default\">\n\t\t\t\t\t<div class=\"elementor-column elementor-col-100 elementor-inner-column elementor-element elementor-element-98a2e30\" data-id=\"98a2e30\" data-element_type=\"column\" data-e-type=\"column\">\n\t\t\t<div class=\"elementor-widget-wrap elementor-element-populated\">\n\t\t\t\t\t\t\t<\/div>\n\t\t<\/div>\n\t\t\t\t\t<\/div>\n\t\t<\/section>\n\t\t\t\t\t<\/div>\n\t\t<\/div>\n\t\t\t\t\t<\/div>\n\t\t<\/section>\n\t\t\t\t<section class=\"elementor-section elementor-top-section elementor-element elementor-element-7f634eb9 elementor-section-content-middle elementor-reverse-mobile elementor-section-boxed elementor-section-height-default elementor-section-height-default\" data-id=\"7f634eb9\" data-element_type=\"section\" data-e-type=\"section\">\n\t\t\t\t\t\t<div class=\"elementor-container elementor-column-gap-default\">\n\t\t\t\t\t<div class=\"elementor-column elementor-col-100 elementor-top-column elementor-element elementor-element-26ed24b1\" data-id=\"26ed24b1\" data-element_type=\"column\" data-e-type=\"column\" data-settings=\"{&quot;background_background&quot;:&quot;classic&quot;}\">\n\t\t\t<div class=\"elementor-widget-wrap elementor-element-populated\">\n\t\t\t\t\t\t<div class=\"elementor-element elementor-element-6d6ab3e8 elementor-widget elementor-widget-text-editor\" data-id=\"6d6ab3e8\" data-element_type=\"widget\" data-e-type=\"widget\" data-widget_type=\"text-editor.default\">\n\t\t\t\t<div class=\"elementor-widget-container\">\n\t\t\t\t\t\t\t\t\t<p>Hongarije is voor velen een onbekende vakantie-bestemming, maar heeft voor de toerist heel wat te bieden. Zowel de actieve als de relaxte reizigers komen hier aan hun trekken.<\/p><p><u><b>Het weer<\/b><\/u><br \/>Hongarije heeft een landklimaat wat \u2018normaal\u2019 betekent van half april tot half oktober warm en zonnig weer (\u2019s zomers ook boven de 30\u00b0C).<\/p><p><u><b>Geld<\/b><\/u><br \/>Het offici\u00eble betaalmiddel in de Hongaarse Forint, je kan ook overal vlot geld afhalen en betalen met je bankkaart.<\/p><p><u><b>Goedkoop<\/b><\/u><br \/>Hongarije is nog steeds een goedkopere reisbestemming. Je kunt op reis gaan zonder voortdurend te moeten tellen.<\/p><p><u><b>Reisdocumenten<\/b><b><br \/><\/b><\/u>Hongarije is onderdeel van de Schengen zone. Er is dus geen grenscontrole meer. Het volstaat om je identiteitskaart bij te hebben. Vergeet geen identiteitskaart voor de kinderen!<\/p><p><u><b>Taal<\/b><\/u><br \/>De offici\u00eble taal is het Hongaars. In de steden kan je meestal wel terecht met een woordje Engels of Duits.<\/p><p><u><b>Tijdsverschil<\/b><\/u><br \/>Er is geen tijdsverschil maar gezien de oostelijke ligging zul je merken dat de dag ongeveer \u00e9\u00e9n uur voorloopt op die in Belgi\u00eb of Nederland.<\/p><p><u><b>Elektriciteit<\/b><\/u><br \/>Dit is hetzelfde als in Belgi\u00eb of Nederland (220\/230V), dus kun je zonder problemen je eigen apparaten gebruiken.<\/p>\t\t\t\t\t\t\t\t<\/div>\n\t\t\t\t<\/div>\n\t\t\t\t\t<\/div>\n\t\t<\/div>\n\t\t\t\t\t<\/div>\n\t\t<\/section>\n\t\t\t\t<section class=\"elementor-section elementor-top-section elementor-element elementor-element-df81cf2 elementor-section-content-middle elementor-reverse-mobile elementor-section-boxed elementor-section-height-default elementor-section-height-default\" data-id=\"df81cf2\" data-element_type=\"section\" data-e-type=\"section\">\n\t\t\t\t\t\t<div class=\"elementor-container elementor-column-gap-default\">\n\t\t\t\t\t<div class=\"elementor-column elementor-col-100 elementor-top-column elementor-element elementor-element-9048d5b\" data-id=\"9048d5b\" data-element_type=\"column\" data-e-type=\"column\" data-settings=\"{&quot;background_background&quot;:&quot;classic&quot;}\">\n\t\t\t<div class=\"elementor-widget-wrap elementor-element-populated\">\n\t\t\t\t\t\t<div class=\"elementor-element elementor-element-557c11b elementor-widget elementor-widget-text-editor\" data-id=\"557c11b\" data-element_type=\"widget\" data-e-type=\"widget\" data-widget_type=\"text-editor.default\">\n\t\t\t\t<div class=\"elementor-widget-container\">\n\t\t\t\t\t\t\t\t\t<h2 class=\"Title\"><span id=\"dnn_ctr708_dnnTITLE_titleLabel\" class=\"Head\">Nuttige links<\/span><\/h2><div id=\"dnn_ctr708_ContentPane\"><div id=\"dnn_ctr708_ModuleContent\"><div id=\"dnn_ctr708_HtmlModule_lblContent\"><p>Voor meer informatie over Hongarije<br \/><a href=\"http:\/\/visit-hungary.com\/things-to-do\/regions\/puszta\" target=\"blank\" rel=\"noopener\">visit-hungary.com<\/a><br \/><a href=\"http:\/\/www.puszta.com\/\" target=\"blank\" rel=\"noopener\">puszta.com<\/a><br \/><a href=\"http:\/\/www.hnp.hu\/\" target=\"blank\" rel=\"noopener\">hnp.hu<\/a><br \/><a href=\"https:\/\/www.huiskopenverbouweninhongarije.nl\/\" target=\"_blank\" rel=\"noopener\">huiskopenverbouweninhongarije.nl <\/a><a href=\"http:\/\/www.huiskopenhongarije.nl\/\" target=\"blank\" rel=\"noopener\">huiskopenhongarije.nl<\/a><\/p><div><p>Collega&#8217;s B&amp;B :<br \/><a href=\"http:\/\/www.casavalledeoro.com\/nl\/\" target=\"blank\" rel=\"noopener\">Casa valle de oro<\/a><\/p><\/div><\/div><\/div><\/div>\t\t\t\t\t\t\t\t<\/div>\n\t\t\t\t<\/div>\n\t\t\t\t\t<\/div>\n\t\t<\/div>\n\t\t\t\t\t<\/div>\n\t\t<\/section>\n\t\t\t\t<\/div>\n\t\t","protected":false},"excerpt":{"rendered":"<p>Hongarije praktisch Hongarije is voor velen een onbekende vakantie-bestemming, maar heeft voor de toerist heel wat te bieden. Zowel de actieve als de relaxte reizigers komen hier aan hun trekken. Het weerHongarije heeft een landklimaat wat \u2018normaal\u2019 betekent van half april tot half oktober warm en zonnig weer (\u2019s zomers ook boven de 30\u00b0C). GeldHet [&hellip;]<\/p>\n","protected":false},"author":1,"featured_media":0,"parent":0,"menu_order":0,"comment_status":"closed","ping_status":"closed","template":"","meta":{"site-sidebar-layout":"no-sidebar","site-content-layout":"page-builder","ast-site-content-layout":"default","site-content-style":"default","site-sidebar-style":"default","ast-global-header-display":"","ast-banner-title-visibility":"","ast-main-header-display":"","ast-hfb-above-header-display":"","ast-hfb-below-header-display":"","ast-hfb-mobile-header-display":"","site-post-title":"disabled","ast-breadcrumbs-content":"","ast-featured-img":"disabled","footer-sml-layout":"","ast-disable-related-posts":"","theme-transparent-header-meta":"","adv-header-id-meta":"","stick-header-meta":"","header-above-stick-meta":"","header-main-stick-meta":"","header-below-stick-meta":"","astra-migrate-meta-layouts":"default","ast-page-background-enabled":"default","ast-page-background-meta":{"desktop":{"background-color":"","background-image":"","background-repeat":"repeat","background-position":"center center","background-size":"auto","background-attachment":"scroll","background-type":"","background-media":"","overlay-type":"","overlay-color":"","overlay-opacity":"","overlay-gradient":""},"tablet":{"background-color":"","background-image":"","background-repeat":"repeat","background-position":"center center","background-size":"auto","background-attachment":"scroll","background-type":"","background-media":"","overlay-type":"","overlay-color":"","overlay-opacity":"","overlay-gradient":""},"mobile":{"background-color":"","background-image":"","background-repeat":"repeat","background-position":"center center","background-size":"auto","background-attachment":"scroll","background-type":"","background-media":"","overlay-type":"","overlay-color":"","overlay-opacity":"","overlay-gradient":""}},"ast-content-background-meta":{"desktop":{"background-color":"var(--ast-global-color-5)","background-image":"","background-repeat":"repeat","background-position":"center center","background-size":"auto","background-attachment":"scroll","background-type":"","background-media":"","overlay-type":"","overlay-color":"","overlay-opacity":"","overlay-gradient":""},"tablet":{"background-color":"var(--ast-global-color-5)","background-image":"","background-repeat":"repeat","background-position":"center center","background-size":"auto","background-attachment":"scroll","background-type":"","background-media":"","overlay-type":"","overlay-color":"","overlay-opacity":"","overlay-gradient":""},"mobile":{"background-color":"var(--ast-global-color-5)","background-image":"","background-repeat":"repeat","background-position":"center center","background-size":"auto","background-attachment":"scroll","background-type":"","background-media":"","overlay-type":"","overlay-color":"","overlay-opacity":"","overlay-gradient":""}},"footnotes":""},"class_list":["post-25837","page","type-page","status-publish","hentry"],"_links":{"self":[{"href":"https:\/\/tiszalodge.com\/hu\/wp-json\/wp\/v2\/pages\/25837","targetHints":{"allow":["GET"]}}],"collection":[{"href":"https:\/\/tiszalodge.com\/hu\/wp-json\/wp\/v2\/pages"}],"about":[{"href":"https:\/\/tiszalodge.com\/hu\/wp-json\/wp\/v2\/types\/page"}],"author":[{"embeddable":true,"href":"https:\/\/tiszalodge.com\/hu\/wp-json\/wp\/v2\/users\/1"}],"replies":[{"embeddable":true,"href":"https:\/\/tiszalodge.com\/hu\/wp-json\/wp\/v2\/comments?post=25837"}],"version-history":[{"count":0,"href":"https:\/\/tiszalodge.com\/hu\/wp-json\/wp\/v2\/pages\/25837\/revisions"}],"wp:attachment":[{"href":"https:\/\/tiszalodge.com\/hu\/wp-json\/wp\/v2\/media?parent=25837"}],"curies":[{"name":"wp","href":"https:\/\/api.w.org\/{rel}","templated":true}]}}